{"id":3242,"date":"2022-02-03T06:05:36","date_gmt":"2022-02-03T06:05:36","guid":{"rendered":"https:\/\/kiemmi.com\/?post_type=product&#038;p=3242"},"modified":"2025-01-27T14:14:41","modified_gmt":"2025-01-27T14:14:41","slug":"aimant-de-frigo-en-bois-en-forme-de-chat","status":"publish","type":"product","link":"https:\/\/kiemmi.com\/fr\/shop\/iman-nevera-magnet\/iman-para-nevera-de-madera-en-forma-de-gato\/","title":{"rendered":"Aimant de r\u00e9frig\u00e9rateur en bois en forme de chat"},"content":{"rendered":"<p>Aimant de r\u00e9frig\u00e9rateur en bois fait \u00e0 la main en forme de chat.<\/p>\n<p>Aimant de r\u00e9frig\u00e9rateur personnalisable avec le nom de votre animal de compagnie.<\/p>\n<p>Les aimants sont fabriqu\u00e9s \u00e0 partir de contreplaqu\u00e9 de bouleau de premi\u00e8re qualit\u00e9 soigneusement s\u00e9lectionn\u00e9.<\/p>\n<p>Produit \u00e9cologique fait \u00e0 la main et fabriqu\u00e9 en Espagne.<\/p>\n<p><strong>Dimensions:<\/strong><\/p>\n<ul>\n<li>Largeur : 6,7 cm<\/li>\n<li>Hauteur : 5,6 cm<\/li>\n<li>Epaisseur : 0,5 cm (aimant inclus)<\/li>\n<\/ul>","protected":false},"excerpt":{"rendered":"<p>Aimant de r\u00e9frig\u00e9rateur en bois fait \u00e0 la main en forme de chat.<\/p>\n<p>Aimant de r\u00e9frig\u00e9rateur personnalisable avec le nom de votre animal de compagnie.<\/p>\n<p>Produit \u00e9cologique fait \u00e0 la main et fabriqu\u00e9 en Espagne.<\/p>","protected":false},"featured_media":3957,"template":"","meta":{"_seopress_robots_primary_cat":"37","_seopress_titles_title":"%%title%% %%page%%","_seopress_titles_desc":"Iman para nevera de madera en forma de gato hecho a mano.Iman para nevera personalizable con el nombre de tu mascota. Producto ecol\u00f3gico hecho a mano..","_seopress_robots_index":"","_seopress_analysis_target_kw":"","site-sidebar-layout":"default","site-content-layout":"","ast-site-content-layout":"default","site-content-style":"default","site-sidebar-style":"default","ast-global-header-display":"","ast-banner-title-visibility":"","ast-main-header-display":"","ast-hfb-above-header-display":"","ast-hfb-below-header-display":"","ast-hfb-mobile-header-display":"","site-post-title":"","ast-breadcrumbs-content":"","ast-featured-img":"","footer-sml-layout":"","ast-disable-related-posts":"","theme-transparent-header-meta":"default","adv-header-id-meta":"","stick-header-meta":"default","header-above-stick-meta":"","header-main-stick-meta":"","header-below-stick-meta":"","astra-migrate-meta-layouts":"set","ast-page-background-enabled":"default","ast-page-background-meta":{"desktop":{"background-color":"","background-image":"","background-repeat":"repeat","background-position":"center center","background-size":"auto","background-attachment":"scroll","background-type":"","background-media":"","overlay-type":"","overlay-color":"","overlay-opacity":"","overlay-gradient":""},"tablet":{"background-color":"","background-image":"","background-repeat":"repeat","background-position":"center center","background-size":"auto","background-attachment":"scroll","background-type":"","background-media":"","overlay-type":"","overlay-color":"","overlay-opacity":"","overlay-gradient":""},"mobile":{"background-color":"","background-image":"","background-repeat":"repeat","background-position":"center center","background-size":"auto","background-attachment":"scroll","background-type":"","background-media":"","overlay-type":"","overlay-color":"","overlay-opacity":"","overlay-gradient":""}},"ast-content-background-meta":{"desktop":{"background-color":"var(--ast-global-color-5)","background-image":"","background-repeat":"repeat","background-position":"center center","background-size":"auto","background-attachment":"scroll","background-type":"","background-media":"","overlay-type":"","overlay-color":"","overlay-opacity":"","overlay-gradient":""},"tablet":{"background-color":"var(--ast-global-color-5)","background-image":"","background-repeat":"repeat","background-position":"center center","background-size":"auto","background-attachment":"scroll","background-type":"","background-media":"","overlay-type":"","overlay-color":"","overlay-opacity":"","overlay-gradient":""},"mobile":{"background-color":"var(--ast-global-color-5)","background-image":"","background-repeat":"repeat","background-position":"center center","background-size":"auto","background-attachment":"scroll","background-type":"","background-media":"","overlay-type":"","overlay-color":"","overlay-opacity":"","overlay-gradient":""}}},"product_brand":[],"product_cat":[37,87],"product_tag":[],"class_list":{"0":"post-3242","1":"product","2":"type-product","3":"status-publish","4":"has-post-thumbnail","6":"product_cat-iman-nevera-magnet","7":"product_cat-mascotas","8":"desktop-align-center","9":"tablet-align-left","10":"mobile-align-center","11":"ast-product-gallery-layout-horizontal","12":"ast-magnify-disabled","13":"ast-product-tabs-layout-horizontal","14":"tm-has-options","16":"first","17":"instock","18":"taxable","19":"shipping-taxable","20":"purchasable","21":"product-type-simple"},"_links":{"self":[{"href":"https:\/\/kiemmi.com\/fr\/wp-json\/wp\/v2\/product\/3242","targetHints":{"allow":["GET"]}}],"collection":[{"href":"https:\/\/kiemmi.com\/fr\/wp-json\/wp\/v2\/product"}],"about":[{"href":"https:\/\/kiemmi.com\/fr\/wp-json\/wp\/v2\/types\/product"}],"version-history":[{"count":0,"href":"https:\/\/kiemmi.com\/fr\/wp-json\/wp\/v2\/product\/3242\/revisions"}],"wp:featuredmedia":[{"embeddable":true,"href":"https:\/\/kiemmi.com\/fr\/wp-json\/wp\/v2\/media\/3957"}],"wp:attachment":[{"href":"https:\/\/kiemmi.com\/fr\/wp-json\/wp\/v2\/media?parent=3242"}],"wp:term":[{"taxonomy":"product_brand","embeddable":true,"href":"https:\/\/kiemmi.com\/fr\/wp-json\/wp\/v2\/product_brand?post=3242"},{"taxonomy":"product_cat","embeddable":true,"href":"https:\/\/kiemmi.com\/fr\/wp-json\/wp\/v2\/product_cat?post=3242"},{"taxonomy":"product_tag","embeddable":true,"href":"https:\/\/kiemmi.com\/fr\/wp-json\/wp\/v2\/product_tag?post=3242"}],"curies":[{"name":"wp","href":"https:\/\/api.w.org\/{rel}","templated":true}]}}