{"id":31161,"date":"2025-09-10T20:59:30","date_gmt":"2025-09-10T20:59:30","guid":{"rendered":"https:\/\/kiemmi.com\/?post_type=product&#038;p=31161"},"modified":"2026-02-27T11:50:19","modified_gmt":"2026-02-27T11:50:19","slug":"porte-cartes-de-contact-jw-personnalisable-avec-porte-cles","status":"publish","type":"product","link":"https:\/\/kiemmi.com\/fr\/shop\/jw\/llaveros-jw\/porta-tarjetas-de-contacto-jw-personalizable-con-llavero\/","title":{"rendered":"Porte-cartes de visite JW personnalisable avec porte-cl\u00e9s"},"content":{"rendered":"<p>Ce porte-cl\u00e9s JW est con\u00e7u pour garder vos cartes de visite \u00e0 port\u00e9e de main, organis\u00e9es et \u00e9l\u00e9gantes. Son format compact en fait un accessoire id\u00e9al pour le minist\u00e8re, les r\u00e9unions et comme cadeau pour les membres de la congr\u00e9gation, les pionniers, les participants aux \u00e9coles de pionniers, les assembl\u00e9es sp\u00e9ciales ou internationales.<\/p>\n<p>Fabriqu\u00e9 en cuir synth\u00e9tique vegan de haute qualit\u00e9, il allie durabilit\u00e9 et \u00e9l\u00e9gance. Vous pouvez \u00e9galement le personnaliser avec votre nom, un message personnel ou choisir parmi une vari\u00e9t\u00e9 de mod\u00e8les pr\u00e9d\u00e9finis. L&#039;une des options les plus populaires est la gravure de la phrase \u00ab\u00a0Il n&#039;y a pas de meilleure vie\u00a0\u00bb, qui en fait un cadeau unique et plein de sens.<\/p>\n<p><strong>Caract\u00e9ristiques principales<\/strong><\/p>\n<ul>\n<li>Deux emplacements int\u00e9rieurs pour cartes de contact JW<\/li>\n<li>Porte-cl\u00e9s en m\u00e9tal solide \u00e0 emporter toujours avec soi<\/li>\n<li>Disponible en plusieurs couleurs (les nuances peuvent varier en fonction de l&#039;\u00e9clairage et de l&#039;\u00e9cran)<\/li>\n<li>Option de personnalisation avec du texte ou des motifs pr\u00e9d\u00e9finis<\/li>\n<li>Dimensions approximatives : 11 cm de large x 8 cm de haut.<\/li>\n<li>Mat\u00e9riau : cuir PU v\u00e9g\u00e9talien de qualit\u00e9 sup\u00e9rieure.<\/li>\n<\/ul>\n<p>Ce porte-cartes porte-cl\u00e9s est plus qu&#039;un simple accessoire ; c&#039;est un moyen pratique et \u00e9l\u00e9gant de garder vos cartes de contact JW \u00e0 port\u00e9e de main, et un cadeau parfait pour toute occasion sp\u00e9ciale au sein de la congr\u00e9gation.<\/p>","protected":false},"excerpt":{"rendered":"<p>Porte-cartes de visite JW avec porte-cl\u00e9s, en cuir vegan de haute qualit\u00e9. Compact, r\u00e9sistant et personnalisable, il est id\u00e9al au quotidien ou comme cadeau.<\/p>","protected":false},"featured_media":31173,"template":"","meta":{"_seopress_robots_primary_cat":"","_seopress_titles_title":"Llavero Porta Tarjetas de contacto JW: Elegancia y Funcionalidad","_seopress_titles_desc":"Porta tarjetas de contacto JW con llavero en piel vegana. Compacto, resistente y personalizable. Ideal para regalar o llevar en el ministerio.","_seopress_robots_index":"","site-sidebar-layout":"default","site-content-layout":"","ast-site-content-layout":"default","site-content-style":"default","site-sidebar-style":"default","ast-global-header-display":"","ast-banner-title-visibility":"","ast-main-header-display":"","ast-hfb-above-header-display":"","ast-hfb-below-header-display":"","ast-hfb-mobile-header-display":"","site-post-title":"","ast-breadcrumbs-content":"","ast-featured-img":"","footer-sml-layout":"","ast-disable-related-posts":"","theme-transparent-header-meta":"default","adv-header-id-meta":"","stick-header-meta":"default","header-above-stick-meta":"","header-main-stick-meta":"","header-below-stick-meta":"","astra-migrate-meta-layouts":"set","ast-page-background-enabled":"default","ast-page-background-meta":{"desktop":{"background-color":"","background-image":"","background-repeat":"repeat","background-position":"center center","background-size":"auto","background-attachment":"scroll","background-type":"","background-media":"","overlay-type":"","overlay-color":"","overlay-opacity":"","overlay-gradient":""},"tablet":{"background-color":"","background-image":"","background-repeat":"repeat","background-position":"center center","background-size":"auto","background-attachment":"scroll","background-type":"","background-media":"","overlay-type":"","overlay-color":"","overlay-opacity":"","overlay-gradient":""},"mobile":{"background-color":"","background-image":"","background-repeat":"repeat","background-position":"center center","background-size":"auto","background-attachment":"scroll","background-type":"","background-media":"","overlay-type":"","overlay-color":"","overlay-opacity":"","overlay-gradient":""}},"ast-content-background-meta":{"desktop":{"background-color":"var(--ast-global-color-5)","background-image":"","background-repeat":"repeat","background-position":"center center","background-size":"auto","background-attachment":"scroll","background-type":"","background-media":"","overlay-type":"","overlay-color":"","overlay-opacity":"","overlay-gradient":""},"tablet":{"background-color":"var(--ast-global-color-5)","background-image":"","background-repeat":"repeat","background-position":"center center","background-size":"auto","background-attachment":"scroll","background-type":"","background-media":"","overlay-type":"","overlay-color":"","overlay-opacity":"","overlay-gradient":""},"mobile":{"background-color":"var(--ast-global-color-5)","background-image":"","background-repeat":"repeat","background-position":"center center","background-size":"auto","background-attachment":"scroll","background-type":"","background-media":"","overlay-type":"","overlay-color":"","overlay-opacity":"","overlay-gradient":""}}},"product_brand":[103],"product_cat":[66,64],"product_tag":[],"class_list":{"0":"post-31161","1":"product","2":"type-product","3":"status-publish","4":"has-post-thumbnail","6":"product_brand-kiemmi-creations","7":"product_cat-llaveros-jw","8":"product_cat-portatarjetas-jw","9":"desktop-align-center","10":"tablet-align-left","11":"mobile-align-center","12":"ast-product-gallery-layout-horizontal","13":"ast-magnify-disabled","14":"ast-product-tabs-layout-horizontal","15":"tm-has-options","17":"first","18":"instock","19":"taxable","20":"shipping-taxable","21":"purchasable","22":"product-type-simple"},"_links":{"self":[{"href":"https:\/\/kiemmi.com\/fr\/wp-json\/wp\/v2\/product\/31161","targetHints":{"allow":["GET"]}}],"collection":[{"href":"https:\/\/kiemmi.com\/fr\/wp-json\/wp\/v2\/product"}],"about":[{"href":"https:\/\/kiemmi.com\/fr\/wp-json\/wp\/v2\/types\/product"}],"version-history":[{"count":1,"href":"https:\/\/kiemmi.com\/fr\/wp-json\/wp\/v2\/product\/31161\/revisions"}],"predecessor-version":[{"id":67215,"href":"https:\/\/kiemmi.com\/fr\/wp-json\/wp\/v2\/product\/31161\/revisions\/67215"}],"wp:featuredmedia":[{"embeddable":true,"href":"https:\/\/kiemmi.com\/fr\/wp-json\/wp\/v2\/media\/31173"}],"wp:attachment":[{"href":"https:\/\/kiemmi.com\/fr\/wp-json\/wp\/v2\/media?parent=31161"}],"wp:term":[{"taxonomy":"product_brand","embeddable":true,"href":"https:\/\/kiemmi.com\/fr\/wp-json\/wp\/v2\/product_brand?post=31161"},{"taxonomy":"product_cat","embeddable":true,"href":"https:\/\/kiemmi.com\/fr\/wp-json\/wp\/v2\/product_cat?post=31161"},{"taxonomy":"product_tag","embeddable":true,"href":"https:\/\/kiemmi.com\/fr\/wp-json\/wp\/v2\/product_tag?post=31161"}],"curies":[{"name":"wp","href":"https:\/\/api.w.org\/{rel}","templated":true}]}}