{"id":2865,"date":"2021-08-25T17:09:11","date_gmt":"2021-08-25T17:09:11","guid":{"rendered":"https:\/\/www.tks3d.com\/?post_type=product&#038;p=2865"},"modified":"2025-09-11T21:28:27","modified_gmt":"2025-09-11T21:28:27","slug":"porte-cles-en-bois-en-forme-de-chat-et-nom-d-animal","status":"publish","type":"product","link":"https:\/\/kiemmi.com\/fr\/shop\/llaveros-madera\/llavero-de-madera-con-forma-de-gato-y-nombre-mascota\/","title":{"rendered":"Porte-cl\u00e9s en bois en forme de chat avec le nom d&#039;un animal de compagnie"},"content":{"rendered":"<p>Le porte-cl\u00e9s chat en bois fait \u00e0 la main est un produit unique et personnalis\u00e9 qui est parfait pour ceux qui aiment leurs animaux de compagnie et qui veulent les emporter partout avec eux. La d\u00e9coupe et la gravure au laser de haute pr\u00e9cision permettent la cr\u00e9ation d&#039;un chat d\u00e9taill\u00e9 sur le bois, lui donnant un aspect \u00e9l\u00e9gant et moderne.<\/p>\n<p>Le porte-cl\u00e9s peut \u00eatre personnalis\u00e9 avec le nom de l&#039;animal ou tout autre nom souhait\u00e9, ce qui en fait un cadeau sp\u00e9cial et m\u00e9morable pour les amis et la famille. De plus, vous pouvez choisir entre diff\u00e9rentes expressions de chat en fonction de la personnalit\u00e9 unique de chacun.<\/p>\n<p>Le bois utilis\u00e9 dans le porte-cl\u00e9s provient de for\u00eats durables europ\u00e9ennes, ce qui signifie qu&#039;il s&#039;agit d&#039;un produit \u00e9cologique et respectueux de l&#039;environnement. De plus, vous pouvez choisir entre diff\u00e9rentes teintes de bois, du bois naturel \u00e0 diff\u00e9rentes teintes, de sorte que le porte-cl\u00e9s s&#039;adapte \u00e0 tous les styles personnels.<\/p>\n<p>Enfin, la surface du porte-cl\u00e9s est prot\u00e9g\u00e9e par un vernis \u00e9cologique afin qu&#039;il dure plus longtemps, ce qui en fait un produit durable qui r\u00e9siste \u00e0 un usage quotidien. En bref, le porte-cl\u00e9s chat en bois fait \u00e0 la main est un cadeau personnalis\u00e9 et \u00e9cologique qui ne manquera pas d&#039;\u00eatre appr\u00e9ci\u00e9 par tout amateur de chat.<\/p>\n<p><strong>Dimensions:<\/strong><\/p>\n<ul>\n<li>\u00e9paisseur : 3mm<\/li>\n<li>Largeur : 43,5 mm<\/li>\n<li>Hauteur : 40 mm<\/li>\n<\/ul>\n<p><strong>Mat\u00e9riel:<\/strong><\/p>\n<ul>\n<li>Bois<\/li>\n<\/ul>","protected":false},"excerpt":{"rendered":"<p>Le porte-cl\u00e9s chat en bois fait \u00e0 la main est un produit unique et personnalis\u00e9 qui est parfait pour ceux qui aiment leurs animaux de compagnie et qui veulent les emporter partout avec eux. La d\u00e9coupe et la gravure au laser de haute pr\u00e9cision permettent la cr\u00e9ation d&#039;un chat d\u00e9taill\u00e9 sur le bois, lui donnant un aspect \u00e9l\u00e9gant et moderne.<\/p>\n<p>Le porte-cl\u00e9s peut \u00eatre personnalis\u00e9 avec le nom de l&#039;animal ou tout autre nom souhait\u00e9, ce qui en fait un cadeau sp\u00e9cial et m\u00e9morable pour les amis et la famille. De plus, vous pouvez choisir entre diff\u00e9rentes expressions de chat en fonction de la personnalit\u00e9 unique de chacun.<\/p>\n<p>Le bois utilis\u00e9 dans le porte-cl\u00e9s provient de for\u00eats durables europ\u00e9ennes, ce qui signifie qu&#039;il s&#039;agit d&#039;un produit \u00e9cologique et respectueux de l&#039;environnement. De plus, vous pouvez choisir entre diff\u00e9rentes teintes de bois, du bois naturel \u00e0 diff\u00e9rentes teintes, de sorte que le porte-cl\u00e9s s&#039;adapte \u00e0 tous les styles personnels.<\/p>\n<p>Enfin, la surface du porte-cl\u00e9s est prot\u00e9g\u00e9e par un vernis \u00e9cologique afin qu&#039;il dure plus longtemps, ce qui en fait un produit durable qui r\u00e9siste \u00e0 un usage quotidien. En bref, le porte-cl\u00e9s chat en bois fait \u00e0 la main est un cadeau personnalis\u00e9 et \u00e9cologique qui ne manquera pas d&#039;\u00eatre appr\u00e9ci\u00e9 par tout amateur de chat.<\/p>","protected":false},"featured_media":5375,"template":"","meta":{"_seopress_robots_primary_cat":"33","_seopress_titles_title":"Llavero de Madera Personalizado en Forma de Gato \u00fanico","_seopress_titles_desc":"Lleva tu amor por los gatos a todas partes con este llavero \u00fanico y ecol\u00f3gico, personalizado con el nombre de tu mascota y una expresi\u00f3n \u00fanica.","_seopress_robots_index":"","_seopress_analysis_target_kw":"","site-sidebar-layout":"default","site-content-layout":"","ast-site-content-layout":"default","site-content-style":"default","site-sidebar-style":"default","ast-global-header-display":"","ast-banner-title-visibility":"","ast-main-header-display":"","ast-hfb-above-header-display":"","ast-hfb-below-header-display":"","ast-hfb-mobile-header-display":"","site-post-title":"","ast-breadcrumbs-content":"","ast-featured-img":"","footer-sml-layout":"","ast-disable-related-posts":"","theme-transparent-header-meta":"default","adv-header-id-meta":"","stick-header-meta":"default","header-above-stick-meta":"","header-main-stick-meta":"","header-below-stick-meta":"","astra-migrate-meta-layouts":"set","ast-page-background-enabled":"default","ast-page-background-meta":{"desktop":{"background-color":"","background-image":"","background-repeat":"repeat","background-position":"center center","background-size":"auto","background-attachment":"scroll","background-type":"","background-media":"","overlay-type":"","overlay-color":"","overlay-opacity":"","overlay-gradient":""},"tablet":{"background-color":"","background-image":"","background-repeat":"repeat","background-position":"center center","background-size":"auto","background-attachment":"scroll","background-type":"","background-media":"","overlay-type":"","overlay-color":"","overlay-opacity":"","overlay-gradient":""},"mobile":{"background-color":"","background-image":"","background-repeat":"repeat","background-position":"center center","background-size":"auto","background-attachment":"scroll","background-type":"","background-media":"","overlay-type":"","overlay-color":"","overlay-opacity":"","overlay-gradient":""}},"ast-content-background-meta":{"desktop":{"background-color":"var(--ast-global-color-5)","background-image":"","background-repeat":"repeat","background-position":"center center","background-size":"auto","background-attachment":"scroll","background-type":"","background-media":"","overlay-type":"","overlay-color":"","overlay-opacity":"","overlay-gradient":""},"tablet":{"background-color":"var(--ast-global-color-5)","background-image":"","background-repeat":"repeat","background-position":"center center","background-size":"auto","background-attachment":"scroll","background-type":"","background-media":"","overlay-type":"","overlay-color":"","overlay-opacity":"","overlay-gradient":""},"mobile":{"background-color":"var(--ast-global-color-5)","background-image":"","background-repeat":"repeat","background-position":"center center","background-size":"auto","background-attachment":"scroll","background-type":"","background-media":"","overlay-type":"","overlay-color":"","overlay-opacity":"","overlay-gradient":""}}},"product_brand":[],"product_cat":[33],"product_tag":[],"class_list":{"0":"post-2865","1":"product","2":"type-product","3":"status-publish","4":"has-post-thumbnail","6":"product_cat-llaveros-madera","7":"desktop-align-center","8":"tablet-align-left","9":"mobile-align-center","10":"ast-product-gallery-layout-horizontal","11":"ast-magnify-disabled","12":"ast-product-tabs-layout-horizontal","13":"tm-has-options","15":"first","16":"instock","17":"taxable","18":"shipping-taxable","19":"purchasable","20":"product-type-simple"},"_links":{"self":[{"href":"https:\/\/kiemmi.com\/fr\/wp-json\/wp\/v2\/product\/2865","targetHints":{"allow":["GET"]}}],"collection":[{"href":"https:\/\/kiemmi.com\/fr\/wp-json\/wp\/v2\/product"}],"about":[{"href":"https:\/\/kiemmi.com\/fr\/wp-json\/wp\/v2\/types\/product"}],"version-history":[{"count":0,"href":"https:\/\/kiemmi.com\/fr\/wp-json\/wp\/v2\/product\/2865\/revisions"}],"wp:featuredmedia":[{"embeddable":true,"href":"https:\/\/kiemmi.com\/fr\/wp-json\/wp\/v2\/media\/5375"}],"wp:attachment":[{"href":"https:\/\/kiemmi.com\/fr\/wp-json\/wp\/v2\/media?parent=2865"}],"wp:term":[{"taxonomy":"product_brand","embeddable":true,"href":"https:\/\/kiemmi.com\/fr\/wp-json\/wp\/v2\/product_brand?post=2865"},{"taxonomy":"product_cat","embeddable":true,"href":"https:\/\/kiemmi.com\/fr\/wp-json\/wp\/v2\/product_cat?post=2865"},{"taxonomy":"product_tag","embeddable":true,"href":"https:\/\/kiemmi.com\/fr\/wp-json\/wp\/v2\/product_tag?post=2865"}],"curies":[{"name":"wp","href":"https:\/\/api.w.org\/{rel}","templated":true}]}}