{"id":2830,"date":"2021-08-23T08:55:07","date_gmt":"2021-08-23T08:55:07","guid":{"rendered":"https:\/\/www.tks3d.com\/?post_type=product&#038;p=2830"},"modified":"2025-10-13T12:26:45","modified_gmt":"2025-10-13T12:26:45","slug":"porte-cles-en-bois-en-forme-de-pied-et-du-nom-de-votre-bebe","status":"publish","type":"product","link":"https:\/\/kiemmi.com\/fr\/shop\/llaveros-madera\/llavero-de-madera-con-forma-de-pie-y-el-nombre-de-tu-bebe\/","title":{"rendered":"Porte-cl\u00e9s en bois en forme de pied avec le pr\u00e9nom de votre b\u00e9b\u00e9"},"content":{"rendered":"<p>Il <strong>porte-cl\u00e9s personnalis\u00e9 en forme de pied de b\u00e9b\u00e9<\/strong> C&#039;est un d\u00e9tail tendre et unique pour c\u00e9l\u00e9brer l&#039;arriv\u00e9e d&#039;un nouveau-n\u00e9. Fabriqu\u00e9 en <strong>bois naturel de haute qualit\u00e9<\/strong>, allie la chaleur artisanale \u00e0 une <strong>impression couleur haute r\u00e9solution<\/strong>, parvenant \u00e0 un r\u00e9sultat plein de vie et de sens.<\/p>\n<p>Dans le <strong>face avant<\/strong>, le est imprim\u00e9 <strong>nom et date de naissance du b\u00e9b\u00e9<\/strong>, tandis que dans le <strong>arri\u00e8re<\/strong> sont ajout\u00e9s <strong>temps, poids et taille<\/strong> D\u00e8s la naissance. Chaque d\u00e9tail est soigneusement personnalis\u00e9, cr\u00e9ant un souvenir \u00e9motionnel et unique.<\/p>\n<p>Vous pouvez choisir entre <strong>diff\u00e9rentes couleurs de bois<\/strong>, rendant chaque pi\u00e8ce encore plus sp\u00e9ciale. Sa finition lisse et durable fait de ce porte-cl\u00e9s un accessoire parfait \u00e0 emporter partout avec soi ou \u00e0 conserver en souvenir de famille.<\/p>\n<p>Ce porte-cl\u00e9s en bois est un <strong>belle id\u00e9e cadeau<\/strong> pour les nouveaux parents, les grands-parents ou les amis qui viennent d&#039;accueillir un b\u00e9b\u00e9. C&#039;est un <strong>souvenir de naissance original et tendre<\/strong> qui ne passe jamais inaper\u00e7u.<\/p>\n<p><strong>\ud83c\udf3f Fonctionnalit\u00e9s mises en \u00e9vidence\u00a0:<\/strong><\/p>\n<ul>\n<li>\ud83e\udeb5 Fabriqu\u00e9 en bois naturel de haute qualit\u00e9.<\/li>\n<li>\ud83c\udfa8 Texte imprim\u00e9 en couleur net et durable.<\/li>\n<li>\ud83d\udc63 Conception de pied de b\u00e9b\u00e9, symbolisant le d\u00e9but d&#039;une nouvelle vie.<\/li>\n<li>\ud83d\udc95 Personnalisation compl\u00e8te des deux c\u00f4t\u00e9s : nom, date, heure, poids et taille.<\/li>\n<li>\ud83c\udf81 Id\u00e9al comme cadeau pour les nouveau-n\u00e9s, les baby showers, etc\u2026<\/li>\n<\/ul>\n<p>C\u00e9l\u00e9brez l&#039;arriv\u00e9e d&#039;un nouveau membre de la famille avec ce porte-cl\u00e9s en bois personnalis\u00e9 et imprim\u00e9 en couleur, un souvenir que vous ch\u00e9rirez pour toujours.<\/p>\n<p>\ud83d\udccf Dimensions (approximatives) :<\/p>\n<ul>\n<li>Largeur : 3,4 cm<\/li>\n<li>Hauteur : 4,8 cm<\/li>\n<li>\u00c9paisseur : 0,3 cm<\/li>\n<\/ul>","protected":false},"excerpt":{"rendered":"<p>Il <strong data-start=\"2049\" data-end=\"2086\">porte-cl\u00e9s personnalis\u00e9 pied de b\u00e9b\u00e9<\/strong> affiche les donn\u00e9es de naissance imprim\u00e9es <strong data-start=\"2129\" data-end=\"2145\">en couleur<\/strong> en bois naturel.<br data-start=\"2438\" data-end=\"2441\" \/>UN <strong data-start=\"2444\" data-end=\"2472\">cadeau tendre et original<\/strong> pour c\u00e9l\u00e9brer l&#039;arriv\u00e9e d&#039;un nouveau-n\u00e9.<\/p>\n<p>Cadeau tr\u00e8s original et exclusif.<\/p>","protected":false},"featured_media":33301,"template":"","meta":{"_seopress_robots_primary_cat":"33","_seopress_titles_title":"Regalo ideal: %%title%% %%page%%","_seopress_titles_desc":"Llavero de madera hechos a mano y personalizable a las 2 carras con el nombre de tu bebe y su fecha de nacimiento, hora, peso, altura.","_seopress_robots_index":"","_seopress_analysis_target_kw":"","site-sidebar-layout":"default","site-content-layout":"","ast-site-content-layout":"default","site-content-style":"default","site-sidebar-style":"default","ast-global-header-display":"","ast-banner-title-visibility":"","ast-main-header-display":"","ast-hfb-above-header-display":"","ast-hfb-below-header-display":"","ast-hfb-mobile-header-display":"","site-post-title":"","ast-breadcrumbs-content":"","ast-featured-img":"","footer-sml-layout":"","ast-disable-related-posts":"","theme-transparent-header-meta":"default","adv-header-id-meta":"","stick-header-meta":"default","header-above-stick-meta":"","header-main-stick-meta":"","header-below-stick-meta":"","astra-migrate-meta-layouts":"set","ast-page-background-enabled":"default","ast-page-background-meta":{"desktop":{"background-color":"","background-image":"","background-repeat":"repeat","background-position":"center center","background-size":"auto","background-attachment":"scroll","background-type":"","background-media":"","overlay-type":"","overlay-color":"","overlay-opacity":"","overlay-gradient":""},"tablet":{"background-color":"","background-image":"","background-repeat":"repeat","background-position":"center center","background-size":"auto","background-attachment":"scroll","background-type":"","background-media":"","overlay-type":"","overlay-color":"","overlay-opacity":"","overlay-gradient":""},"mobile":{"background-color":"","background-image":"","background-repeat":"repeat","background-position":"center center","background-size":"auto","background-attachment":"scroll","background-type":"","background-media":"","overlay-type":"","overlay-color":"","overlay-opacity":"","overlay-gradient":""}},"ast-content-background-meta":{"desktop":{"background-color":"var(--ast-global-color-5)","background-image":"","background-repeat":"repeat","background-position":"center center","background-size":"auto","background-attachment":"scroll","background-type":"","background-media":"","overlay-type":"","overlay-color":"","overlay-opacity":"","overlay-gradient":""},"tablet":{"background-color":"var(--ast-global-color-5)","background-image":"","background-repeat":"repeat","background-position":"center center","background-size":"auto","background-attachment":"scroll","background-type":"","background-media":"","overlay-type":"","overlay-color":"","overlay-opacity":"","overlay-gradient":""},"mobile":{"background-color":"var(--ast-global-color-5)","background-image":"","background-repeat":"repeat","background-position":"center center","background-size":"auto","background-attachment":"scroll","background-type":"","background-media":"","overlay-type":"","overlay-color":"","overlay-opacity":"","overlay-gradient":""}}},"product_brand":[103],"product_cat":[33,81,49],"product_tag":[],"class_list":{"0":"post-2830","1":"product","2":"type-product","3":"status-publish","4":"has-post-thumbnail","6":"product_brand-kiemmi-creations","7":"product_cat-llaveros-madera","8":"product_cat-natalicios","9":"product_cat-regalos-originales","10":"desktop-align-center","11":"tablet-align-left","12":"mobile-align-center","13":"ast-product-gallery-layout-horizontal","14":"ast-magnify-disabled","15":"ast-product-tabs-layout-horizontal","16":"tm-has-options","18":"first","19":"instock","20":"taxable","21":"shipping-taxable","22":"purchasable","23":"product-type-simple"},"_links":{"self":[{"href":"https:\/\/kiemmi.com\/fr\/wp-json\/wp\/v2\/product\/2830","targetHints":{"allow":["GET"]}}],"collection":[{"href":"https:\/\/kiemmi.com\/fr\/wp-json\/wp\/v2\/product"}],"about":[{"href":"https:\/\/kiemmi.com\/fr\/wp-json\/wp\/v2\/types\/product"}],"version-history":[{"count":0,"href":"https:\/\/kiemmi.com\/fr\/wp-json\/wp\/v2\/product\/2830\/revisions"}],"wp:featuredmedia":[{"embeddable":true,"href":"https:\/\/kiemmi.com\/fr\/wp-json\/wp\/v2\/media\/33301"}],"wp:attachment":[{"href":"https:\/\/kiemmi.com\/fr\/wp-json\/wp\/v2\/media?parent=2830"}],"wp:term":[{"taxonomy":"product_brand","embeddable":true,"href":"https:\/\/kiemmi.com\/fr\/wp-json\/wp\/v2\/product_brand?post=2830"},{"taxonomy":"product_cat","embeddable":true,"href":"https:\/\/kiemmi.com\/fr\/wp-json\/wp\/v2\/product_cat?post=2830"},{"taxonomy":"product_tag","embeddable":true,"href":"https:\/\/kiemmi.com\/fr\/wp-json\/wp\/v2\/product_tag?post=2830"}],"curies":[{"name":"wp","href":"https:\/\/api.w.org\/{rel}","templated":true}]}}