{"id":2755,"date":"2021-08-20T12:39:54","date_gmt":"2021-08-20T12:39:54","guid":{"rendered":"https:\/\/www.tks3d.com\/?post_type=product&#038;p=2755"},"modified":"2025-09-15T12:13:03","modified_gmt":"2025-09-15T12:13:03","slug":"porte-cles-en-bois-en-forme-d-os-et-nom-animal","status":"publish","type":"product","link":"https:\/\/kiemmi.com\/fr\/shop\/llaveros-madera\/llavero-de-madera-con-forma-de-hueso-y-nombre-mascota\/","title":{"rendered":"Porte-cl\u00e9s en bois en forme d&#039;os avec nom d&#039;animal"},"content":{"rendered":"<p>Ajoutez une touche de charme et de personnalit\u00e9 \u00e0 vos cl\u00e9s avec cet adorable porte-cl\u00e9s en bois en forme d&#039;os, une pi\u00e8ce unique qui fera ressortir vos cl\u00e9s \u00e0 coup s\u00fbr !<\/p>\n<p>Chaque porte-cl\u00e9s est m\u00e9ticuleusement fabriqu\u00e9 \u00e0 la main, en utilisant une technologie de d\u00e9coupe et de gravure au laser pour atteindre un niveau de d\u00e9tail et de pr\u00e9cision in\u00e9gal\u00e9.<\/p>\n<p>Le bois de haute qualit\u00e9 provient de for\u00eats europ\u00e9ennes durables, d\u00e9montrant notre engagement envers la pr\u00e9servation de l&#039;environnement et l&#039;excellence dans les moindres d\u00e9tails.<\/p>\n<p>De plus, nous vous offrons la possibilit\u00e9 de personnaliser votre porte-cl\u00e9s avec une vari\u00e9t\u00e9 de couleurs de teinture, vous permettant ainsi de cr\u00e9er une pi\u00e8ce vraiment unique.<\/p>\n<p>Pour garantir sa durabilit\u00e9 et conserver sa beaut\u00e9 intacte, chaque porte-cl\u00e9s est soigneusement verni, offrant ainsi une protection contre l&#039;usure quotidienne.<\/p>\n<p>Que ce soit pour vous-m\u00eame ou comme cadeau sp\u00e9cial pour un proche, ce porte-cl\u00e9s est non seulement un accessoire pratique, mais aussi un symbole d&#039;amour et de fid\u00e9lit\u00e9 envers nos animaux de compagnie bien-aim\u00e9s. Achetez le v\u00f4tre aujourd&#039;hui et emportez l&#039;esprit de votre compagnon canin avec vous partout o\u00f9 vous allez\u00a0!<\/p>\n<p><strong>Dimensions:<\/strong><\/p>\n<ul>\n<li>Largeur : 30 mm<\/li>\n<li>Hauteur : 55 mm<\/li>\n<li>\u00e9paisseur : 3mm<\/li>\n<\/ul>\n<p><strong>Mat\u00e9riel:<\/strong><\/p>\n<ul>\n<li>Bois<\/li>\n<\/ul>","protected":false},"excerpt":{"rendered":"<p>Ajoutez du charme \u00e0 vos cl\u00e9s avec ce porte-cl\u00e9s en bois en forme d&#039;os. Fabriqu\u00e9 \u00e0 la main avec une pr\u00e9cision et des d\u00e9tails in\u00e9gal\u00e9s. Utilise du bois de qualit\u00e9 issu de for\u00eats europ\u00e9ennes durables. Personnalisable avec une vari\u00e9t\u00e9 de couleurs de teinture. Un accessoire qui refl\u00e8te l&#039;amour et la fid\u00e9lit\u00e9 envers les animaux de compagnie.<\/p>","protected":false},"featured_media":5362,"template":"","meta":{"_seopress_robots_primary_cat":"33","_seopress_titles_title":"Llavero de madera en forma de hueso: \u00fanico y personalizable","_seopress_titles_desc":"Destaca con un llavero de madera artesanal y sostenible. Personal\u00edzalo en color para ti o como regalo especial. Pr\u00e1ctico y con estilo \u00fanico.","_seopress_robots_index":"","_seopress_analysis_target_kw":"","site-sidebar-layout":"default","site-content-layout":"","ast-site-content-layout":"default","site-content-style":"default","site-sidebar-style":"default","ast-global-header-display":"","ast-banner-title-visibility":"","ast-main-header-display":"","ast-hfb-above-header-display":"","ast-hfb-below-header-display":"","ast-hfb-mobile-header-display":"","site-post-title":"","ast-breadcrumbs-content":"","ast-featured-img":"","footer-sml-layout":"","ast-disable-related-posts":"","theme-transparent-header-meta":"default","adv-header-id-meta":"","stick-header-meta":"default","header-above-stick-meta":"","header-main-stick-meta":"","header-below-stick-meta":"","astra-migrate-meta-layouts":"set","ast-page-background-enabled":"default","ast-page-background-meta":{"desktop":{"background-color":"","background-image":"","background-repeat":"repeat","background-position":"center center","background-size":"auto","background-attachment":"scroll","background-type":"","background-media":"","overlay-type":"","overlay-color":"","overlay-opacity":"","overlay-gradient":""},"tablet":{"background-color":"","background-image":"","background-repeat":"repeat","background-position":"center center","background-size":"auto","background-attachment":"scroll","background-type":"","background-media":"","overlay-type":"","overlay-color":"","overlay-opacity":"","overlay-gradient":""},"mobile":{"background-color":"","background-image":"","background-repeat":"repeat","background-position":"center center","background-size":"auto","background-attachment":"scroll","background-type":"","background-media":"","overlay-type":"","overlay-color":"","overlay-opacity":"","overlay-gradient":""}},"ast-content-background-meta":{"desktop":{"background-color":"var(--ast-global-color-5)","background-image":"","background-repeat":"repeat","background-position":"center center","background-size":"auto","background-attachment":"scroll","background-type":"","background-media":"","overlay-type":"","overlay-color":"","overlay-opacity":"","overlay-gradient":""},"tablet":{"background-color":"var(--ast-global-color-5)","background-image":"","background-repeat":"repeat","background-position":"center center","background-size":"auto","background-attachment":"scroll","background-type":"","background-media":"","overlay-type":"","overlay-color":"","overlay-opacity":"","overlay-gradient":""},"mobile":{"background-color":"var(--ast-global-color-5)","background-image":"","background-repeat":"repeat","background-position":"center center","background-size":"auto","background-attachment":"scroll","background-type":"","background-media":"","overlay-type":"","overlay-color":"","overlay-opacity":"","overlay-gradient":""}}},"product_brand":[],"product_cat":[33,87],"product_tag":[],"class_list":{"0":"post-2755","1":"product","2":"type-product","3":"status-publish","4":"has-post-thumbnail","6":"product_cat-llaveros-madera","7":"product_cat-mascotas","8":"desktop-align-center","9":"tablet-align-left","10":"mobile-align-center","11":"ast-product-gallery-layout-horizontal","12":"ast-magnify-disabled","13":"ast-product-tabs-layout-horizontal","14":"tm-has-options","16":"first","17":"instock","18":"taxable","19":"shipping-taxable","20":"purchasable","21":"product-type-simple"},"_links":{"self":[{"href":"https:\/\/kiemmi.com\/fr\/wp-json\/wp\/v2\/product\/2755","targetHints":{"allow":["GET"]}}],"collection":[{"href":"https:\/\/kiemmi.com\/fr\/wp-json\/wp\/v2\/product"}],"about":[{"href":"https:\/\/kiemmi.com\/fr\/wp-json\/wp\/v2\/types\/product"}],"version-history":[{"count":0,"href":"https:\/\/kiemmi.com\/fr\/wp-json\/wp\/v2\/product\/2755\/revisions"}],"wp:featuredmedia":[{"embeddable":true,"href":"https:\/\/kiemmi.com\/fr\/wp-json\/wp\/v2\/media\/5362"}],"wp:attachment":[{"href":"https:\/\/kiemmi.com\/fr\/wp-json\/wp\/v2\/media?parent=2755"}],"wp:term":[{"taxonomy":"product_brand","embeddable":true,"href":"https:\/\/kiemmi.com\/fr\/wp-json\/wp\/v2\/product_brand?post=2755"},{"taxonomy":"product_cat","embeddable":true,"href":"https:\/\/kiemmi.com\/fr\/wp-json\/wp\/v2\/product_cat?post=2755"},{"taxonomy":"product_tag","embeddable":true,"href":"https:\/\/kiemmi.com\/fr\/wp-json\/wp\/v2\/product_tag?post=2755"}],"curies":[{"name":"wp","href":"https:\/\/api.w.org\/{rel}","templated":true}]}}