{"id":2744,"date":"2021-08-18T07:49:19","date_gmt":"2021-08-18T07:49:19","guid":{"rendered":"https:\/\/www.tks3d.com\/?post_type=product&#038;p=2744"},"modified":"2025-09-11T21:27:27","modified_gmt":"2025-09-11T21:27:27","slug":"porte-clefs-bois-empreinte-de-chien-et-nom-animal","status":"publish","type":"product","link":"https:\/\/kiemmi.com\/fr\/shop\/llaveros-madera\/llavero-madera-huella-de-perro-y-nombre-mascota\/","title":{"rendered":"Porte-cl\u00e9s en bois avec empreinte de chien et nom d&#039;animal personnalis\u00e9"},"content":{"rendered":"<p>Transformez chaque instant en un souvenir sp\u00e9cial avec ce charmant porte-cl\u00e9s en bois en forme de patte de chien, une pi\u00e8ce unique qui capture l&#039;essence de l&#039;amour pour nos animaux de compagnie.<\/p>\n<p>Chaque porte-cl\u00e9s est soigneusement fabriqu\u00e9 \u00e0 la main, en utilisant une technologie de d\u00e9coupe et de gravure au laser pour garantir une qualit\u00e9 et des d\u00e9tails exceptionnels.<\/p>\n<p>Le bois utilis\u00e9 provient de for\u00eats europ\u00e9ennes durables, refl\u00e9tant notre engagement envers l&#039;environnement et la qualit\u00e9.<\/p>\n<p>De plus, nous offrons la possibilit\u00e9 de personnaliser votre porte-cl\u00e9s avec une vari\u00e9t\u00e9 de couleurs de teinture, vous permettant d&#039;ajouter une touche personnalis\u00e9e.<\/p>\n<p>Pour garantir sa durabilit\u00e9 et conserver sa beaut\u00e9 intacte, chaque porte-cl\u00e9s est savamment verni, offrant une protection contre l&#039;usure quotidienne.<\/p>\n<p>Que ce soit pour vous-m\u00eame ou comme cadeau significatif, ce porte-cl\u00e9s est bien plus qu&#039;un simple accessoire : c&#039;est un hommage au lien sp\u00e9cial que nous partageons avec nos amis \u00e0 quatre pattes. Achetez le v\u00f4tre aujourd&#039;hui et emportez l&#039;esprit de votre animal avec vous partout o\u00f9 vous allez\u00a0!<\/p>\n<p><strong>Dimensions:<\/strong><\/p>\n<ul>\n<li>\u00e9paisseur : 3mm<\/li>\n<li>Largeur : 45 mm<\/li>\n<li>Hauteur : 42 mm<\/li>\n<\/ul>\n<p><strong>Mat\u00e9riel:<\/strong><\/p>\n<ul>\n<li>Bois<\/li>\n<\/ul>\n<p><strong>Couleurs:<\/strong><\/p>\n<div id='gallery-1' class='gallery galleryid-2744 gallery-columns-6 gallery-size-thumbnail'><figure class='gallery-item'>\n\t\t\t<div class='gallery-icon landscape'>\n\t\t\t\t<a href='https:\/\/kiemmi.com\/fr\/?attachment_id=5352'><img width=\"150\" height=\"150\" src=\"https:\/\/kiemmi.com\/wp-content\/uploads\/2022\/12\/20230422_170532_001-150x150.jpg\" class=\"attachment-thumbnail size-thumbnail\" alt=\"Porte-cl\u00e9s en bois Empreinte de Chien \/ Empreinte de Chat\" aria-describedby=\"gallery-1-5352\" srcset=\"https:\/\/kiemmi.com\/wp-content\/uploads\/2022\/12\/20230422_170532_001-150x150.jpg 150w, https:\/\/kiemmi.com\/wp-content\/uploads\/2022\/12\/20230422_170532_001-300x300.jpg 300w, https:\/\/kiemmi.com\/wp-content\/uploads\/2022\/12\/20230422_170532_001-100x100.jpg 100w, https:\/\/kiemmi.com\/wp-content\/uploads\/2022\/12\/20230422_170532_001-600x600.jpg 600w, https:\/\/kiemmi.com\/wp-content\/uploads\/2022\/12\/20230422_170532_001-64x64.jpg 64w, https:\/\/kiemmi.com\/wp-content\/uploads\/2022\/12\/20230422_170532_001-1024x1024.jpg 1024w, https:\/\/kiemmi.com\/wp-content\/uploads\/2022\/12\/20230422_170532_001-768x768.jpg 768w, https:\/\/kiemmi.com\/wp-content\/uploads\/2022\/12\/20230422_170532_001-1536x1536.jpg 1536w, https:\/\/kiemmi.com\/wp-content\/uploads\/2022\/12\/20230422_170532_001-12x12.jpg 12w, https:\/\/kiemmi.com\/wp-content\/uploads\/2022\/12\/20230422_170532_001-500x500.jpg 500w, https:\/\/kiemmi.com\/wp-content\/uploads\/2022\/12\/20230422_170532_001.jpg 2000w\" sizes=\"(max-width: 150px) 100vw, 150px\" data-xoowscfly=\"fly\" decoding=\"async\" \/><\/a>\n\t\t\t<\/div>\n\t\t\t\t<figcaption class='wp-caption-text gallery-caption' id='gallery-1-5352'>\n\t\t\t\tBois naturel\n\t\t\t\t<\/figcaption><\/figure><figure class='gallery-item'>\n\t\t\t<div class='gallery-icon landscape'>\n\t\t\t\t<a href='https:\/\/kiemmi.com\/fr\/?attachment_id=5355'><img width=\"150\" height=\"150\" src=\"https:\/\/kiemmi.com\/wp-content\/uploads\/2022\/12\/20230422_170632_001-150x150.jpg\" class=\"attachment-thumbnail size-thumbnail\" alt=\"Porte-cl\u00e9s en bois Empreinte de Chien \/ Empreinte de Chat\" aria-describedby=\"gallery-1-5355\" srcset=\"https:\/\/kiemmi.com\/wp-content\/uploads\/2022\/12\/20230422_170632_001-150x150.jpg 150w, https:\/\/kiemmi.com\/wp-content\/uploads\/2022\/12\/20230422_170632_001-300x300.jpg 300w, https:\/\/kiemmi.com\/wp-content\/uploads\/2022\/12\/20230422_170632_001-100x100.jpg 100w, https:\/\/kiemmi.com\/wp-content\/uploads\/2022\/12\/20230422_170632_001-600x600.jpg 600w, https:\/\/kiemmi.com\/wp-content\/uploads\/2022\/12\/20230422_170632_001-64x64.jpg 64w, https:\/\/kiemmi.com\/wp-content\/uploads\/2022\/12\/20230422_170632_001-1024x1024.jpg 1024w, https:\/\/kiemmi.com\/wp-content\/uploads\/2022\/12\/20230422_170632_001-768x768.jpg 768w, https:\/\/kiemmi.com\/wp-content\/uploads\/2022\/12\/20230422_170632_001-1536x1536.jpg 1536w, https:\/\/kiemmi.com\/wp-content\/uploads\/2022\/12\/20230422_170632_001-12x12.jpg 12w, https:\/\/kiemmi.com\/wp-content\/uploads\/2022\/12\/20230422_170632_001-500x500.jpg 500w, https:\/\/kiemmi.com\/wp-content\/uploads\/2022\/12\/20230422_170632_001.jpg 2000w\" sizes=\"(max-width: 150px) 100vw, 150px\" data-xoowscfly=\"fly\" decoding=\"async\" \/><\/a>\n\t\t\t<\/div>\n\t\t\t\t<figcaption class='wp-caption-text gallery-caption' id='gallery-1-5355'>\n\t\t\t\tCh\u00eane\n\t\t\t\t<\/figcaption><\/figure><figure class='gallery-item'>\n\t\t\t<div class='gallery-icon landscape'>\n\t\t\t\t<a href='https:\/\/kiemmi.com\/fr\/?attachment_id=5353'><img width=\"150\" height=\"150\" src=\"https:\/\/kiemmi.com\/wp-content\/uploads\/2022\/12\/20230422_170608_001-150x150.jpg\" class=\"attachment-thumbnail size-thumbnail\" alt=\"Porte-cl\u00e9s en bois Empreinte de Chien \/ Empreinte de Chat\" aria-describedby=\"gallery-1-5353\" srcset=\"https:\/\/kiemmi.com\/wp-content\/uploads\/2022\/12\/20230422_170608_001-150x150.jpg 150w, https:\/\/kiemmi.com\/wp-content\/uploads\/2022\/12\/20230422_170608_001-300x300.jpg 300w, https:\/\/kiemmi.com\/wp-content\/uploads\/2022\/12\/20230422_170608_001-100x100.jpg 100w, https:\/\/kiemmi.com\/wp-content\/uploads\/2022\/12\/20230422_170608_001-600x600.jpg 600w, https:\/\/kiemmi.com\/wp-content\/uploads\/2022\/12\/20230422_170608_001-64x64.jpg 64w, https:\/\/kiemmi.com\/wp-content\/uploads\/2022\/12\/20230422_170608_001-1024x1024.jpg 1024w, https:\/\/kiemmi.com\/wp-content\/uploads\/2022\/12\/20230422_170608_001-768x768.jpg 768w, https:\/\/kiemmi.com\/wp-content\/uploads\/2022\/12\/20230422_170608_001-1536x1536.jpg 1536w, https:\/\/kiemmi.com\/wp-content\/uploads\/2022\/12\/20230422_170608_001-12x12.jpg 12w, https:\/\/kiemmi.com\/wp-content\/uploads\/2022\/12\/20230422_170608_001-500x500.jpg 500w, https:\/\/kiemmi.com\/wp-content\/uploads\/2022\/12\/20230422_170608_001.jpg 2000w\" sizes=\"(max-width: 150px) 100vw, 150px\" data-xoowscfly=\"fly\" decoding=\"async\" \/><\/a>\n\t\t\t<\/div>\n\t\t\t\t<figcaption class='wp-caption-text gallery-caption' id='gallery-1-5353'>\n\t\t\t\tSapelli\n\t\t\t\t<\/figcaption><\/figure><figure class='gallery-item'>\n\t\t\t<div class='gallery-icon landscape'>\n\t\t\t\t<a href='https:\/\/kiemmi.com\/fr\/?attachment_id=5347'><img width=\"150\" height=\"150\" src=\"https:\/\/kiemmi.com\/wp-content\/uploads\/2022\/12\/20230422_170559_001-150x150.jpg\" class=\"attachment-thumbnail size-thumbnail\" alt=\"Porte-cl\u00e9s en bois imprim\u00e9 patte de chien\/chat\" aria-describedby=\"gallery-1-5347\" srcset=\"https:\/\/kiemmi.com\/wp-content\/uploads\/2022\/12\/20230422_170559_001-150x150.jpg 150w, https:\/\/kiemmi.com\/wp-content\/uploads\/2022\/12\/20230422_170559_001-300x300.jpg 300w, https:\/\/kiemmi.com\/wp-content\/uploads\/2022\/12\/20230422_170559_001-100x100.jpg 100w, https:\/\/kiemmi.com\/wp-content\/uploads\/2022\/12\/20230422_170559_001-600x600.jpg 600w, https:\/\/kiemmi.com\/wp-content\/uploads\/2022\/12\/20230422_170559_001-64x64.jpg 64w, https:\/\/kiemmi.com\/wp-content\/uploads\/2022\/12\/20230422_170559_001-1024x1024.jpg 1024w, https:\/\/kiemmi.com\/wp-content\/uploads\/2022\/12\/20230422_170559_001-768x768.jpg 768w, https:\/\/kiemmi.com\/wp-content\/uploads\/2022\/12\/20230422_170559_001-1536x1536.jpg 1536w, https:\/\/kiemmi.com\/wp-content\/uploads\/2022\/12\/20230422_170559_001-12x12.jpg 12w, https:\/\/kiemmi.com\/wp-content\/uploads\/2022\/12\/20230422_170559_001-500x500.jpg 500w, https:\/\/kiemmi.com\/wp-content\/uploads\/2022\/12\/20230422_170559_001.jpg 2000w\" sizes=\"(max-width: 150px) 100vw, 150px\" data-xoowscfly=\"fly\" decoding=\"async\" \/><\/a>\n\t\t\t<\/div>\n\t\t\t\t<figcaption class='wp-caption-text gallery-caption' id='gallery-1-5347'>\n\t\t\t\tNoyer\n\t\t\t\t<\/figcaption><\/figure><figure class='gallery-item'>\n\t\t\t<div class='gallery-icon landscape'>\n\t\t\t\t<a href='https:\/\/kiemmi.com\/fr\/?attachment_id=5348'><img width=\"150\" height=\"150\" src=\"https:\/\/kiemmi.com\/wp-content\/uploads\/2022\/12\/20230422_170543_001-150x150.jpg\" class=\"attachment-thumbnail size-thumbnail\" alt=\"Porte-cl\u00e9s en bois Empreinte de Chien \/ Empreinte de Chat\" aria-describedby=\"gallery-1-5348\" srcset=\"https:\/\/kiemmi.com\/wp-content\/uploads\/2022\/12\/20230422_170543_001-150x150.jpg 150w, https:\/\/kiemmi.com\/wp-content\/uploads\/2022\/12\/20230422_170543_001-300x300.jpg 300w, https:\/\/kiemmi.com\/wp-content\/uploads\/2022\/12\/20230422_170543_001-100x100.jpg 100w, https:\/\/kiemmi.com\/wp-content\/uploads\/2022\/12\/20230422_170543_001-600x600.jpg 600w, https:\/\/kiemmi.com\/wp-content\/uploads\/2022\/12\/20230422_170543_001-64x64.jpg 64w, https:\/\/kiemmi.com\/wp-content\/uploads\/2022\/12\/20230422_170543_001-1024x1024.jpg 1024w, https:\/\/kiemmi.com\/wp-content\/uploads\/2022\/12\/20230422_170543_001-768x768.jpg 768w, https:\/\/kiemmi.com\/wp-content\/uploads\/2022\/12\/20230422_170543_001-1536x1536.jpg 1536w, https:\/\/kiemmi.com\/wp-content\/uploads\/2022\/12\/20230422_170543_001-12x12.jpg 12w, https:\/\/kiemmi.com\/wp-content\/uploads\/2022\/12\/20230422_170543_001-500x500.jpg 500w, https:\/\/kiemmi.com\/wp-content\/uploads\/2022\/12\/20230422_170543_001.jpg 2000w\" sizes=\"(max-width: 150px) 100vw, 150px\" data-xoowscfly=\"fly\" decoding=\"async\" \/><\/a>\n\t\t\t<\/div>\n\t\t\t\t<figcaption class='wp-caption-text gallery-caption' id='gallery-1-5348'>\n\t\t\t\tWeng\u00e9\n\t\t\t\t<\/figcaption><\/figure><figure class='gallery-item'>\n\t\t\t<div class='gallery-icon landscape'>\n\t\t\t\t<a href='https:\/\/kiemmi.com\/fr\/?attachment_id=5354'><img width=\"150\" height=\"150\" src=\"https:\/\/kiemmi.com\/wp-content\/uploads\/2022\/12\/20230422_170621_001-150x150.jpg\" class=\"attachment-thumbnail size-thumbnail\" alt=\"Porte-cl\u00e9s en bois Empreinte de Chien \/ Empreinte de Chat\" aria-describedby=\"gallery-1-5354\" srcset=\"https:\/\/kiemmi.com\/wp-content\/uploads\/2022\/12\/20230422_170621_001-150x150.jpg 150w, https:\/\/kiemmi.com\/wp-content\/uploads\/2022\/12\/20230422_170621_001-300x300.jpg 300w, https:\/\/kiemmi.com\/wp-content\/uploads\/2022\/12\/20230422_170621_001-100x100.jpg 100w, https:\/\/kiemmi.com\/wp-content\/uploads\/2022\/12\/20230422_170621_001-600x600.jpg 600w, https:\/\/kiemmi.com\/wp-content\/uploads\/2022\/12\/20230422_170621_001-64x64.jpg 64w, https:\/\/kiemmi.com\/wp-content\/uploads\/2022\/12\/20230422_170621_001-1024x1024.jpg 1024w, https:\/\/kiemmi.com\/wp-content\/uploads\/2022\/12\/20230422_170621_001-768x768.jpg 768w, https:\/\/kiemmi.com\/wp-content\/uploads\/2022\/12\/20230422_170621_001-1536x1536.jpg 1536w, https:\/\/kiemmi.com\/wp-content\/uploads\/2022\/12\/20230422_170621_001-12x12.jpg 12w, https:\/\/kiemmi.com\/wp-content\/uploads\/2022\/12\/20230422_170621_001-500x500.jpg 500w, https:\/\/kiemmi.com\/wp-content\/uploads\/2022\/12\/20230422_170621_001.jpg 2000w\" sizes=\"(max-width: 150px) 100vw, 150px\" data-xoowscfly=\"fly\" decoding=\"async\" \/><\/a>\n\t\t\t<\/div>\n\t\t\t\t<figcaption class='wp-caption-text gallery-caption' id='gallery-1-5354'>\n\t\t\t\tRouge\n\t\t\t\t<\/figcaption><\/figure>\n\t\t<\/div>","protected":false},"excerpt":{"rendered":"<p>Transformez chaque instant avec ce charmant porte-cl\u00e9s en bois en forme de patte de chien, une pi\u00e8ce unique qui capture l&#039;essence de l&#039;amour pour nos animaux de compagnie. Chaque porte-cl\u00e9s est fabriqu\u00e9 \u00e0 la main avec une technologie de d\u00e9coupe et de gravure laser pour garantir une qualit\u00e9 exceptionnelle. Le bois provient de for\u00eats europ\u00e9ennes durables, refl\u00e9tant notre engagement envers l&#039;environnement et la qualit\u00e9. Nous proposons une personnalisation avec une vari\u00e9t\u00e9 de couleurs de teinture pour ajouter une touche personnalis\u00e9e. Ce porte-cl\u00e9s est un hommage au lien sp\u00e9cial que nous partageons avec nos amis \u00e0 quatre pattes, id\u00e9al pour vous-m\u00eame ou comme cadeau significatif.<\/p>","protected":false},"featured_media":5349,"template":"","meta":{"_seopress_robots_primary_cat":"33","_seopress_titles_title":"Llavero Huella de Perro: Recuerda a Tu Mascota Siempre","_seopress_titles_desc":"Luce un llavero \u00fanico de madera en forma de huella de perro, personalizable y ecoamigable. Captura el amor por tu mascota con estilo y calidad.","_seopress_robots_index":"","_seopress_analysis_target_kw":"","site-sidebar-layout":"default","site-content-layout":"","ast-site-content-layout":"default","site-content-style":"default","site-sidebar-style":"default","ast-global-header-display":"","ast-banner-title-visibility":"","ast-main-header-display":"","ast-hfb-above-header-display":"","ast-hfb-below-header-display":"","ast-hfb-mobile-header-display":"","site-post-title":"","ast-breadcrumbs-content":"","ast-featured-img":"","footer-sml-layout":"","ast-disable-related-posts":"","theme-transparent-header-meta":"default","adv-header-id-meta":"","stick-header-meta":"default","header-above-stick-meta":"","header-main-stick-meta":"","header-below-stick-meta":"","astra-migrate-meta-layouts":"set","ast-page-background-enabled":"default","ast-page-background-meta":{"desktop":{"background-color":"","background-image":"","background-repeat":"repeat","background-position":"center center","background-size":"auto","background-attachment":"scroll","background-type":"","background-media":"","overlay-type":"","overlay-color":"","overlay-opacity":"","overlay-gradient":""},"tablet":{"background-color":"","background-image":"","background-repeat":"repeat","background-position":"center center","background-size":"auto","background-attachment":"scroll","background-type":"","background-media":"","overlay-type":"","overlay-color":"","overlay-opacity":"","overlay-gradient":""},"mobile":{"background-color":"","background-image":"","background-repeat":"repeat","background-position":"center center","background-size":"auto","background-attachment":"scroll","background-type":"","background-media":"","overlay-type":"","overlay-color":"","overlay-opacity":"","overlay-gradient":""}},"ast-content-background-meta":{"desktop":{"background-color":"var(--ast-global-color-5)","background-image":"","background-repeat":"repeat","background-position":"center center","background-size":"auto","background-attachment":"scroll","background-type":"","background-media":"","overlay-type":"","overlay-color":"","overlay-opacity":"","overlay-gradient":""},"tablet":{"background-color":"var(--ast-global-color-5)","background-image":"","background-repeat":"repeat","background-position":"center center","background-size":"auto","background-attachment":"scroll","background-type":"","background-media":"","overlay-type":"","overlay-color":"","overlay-opacity":"","overlay-gradient":""},"mobile":{"background-color":"var(--ast-global-color-5)","background-image":"","background-repeat":"repeat","background-position":"center center","background-size":"auto","background-attachment":"scroll","background-type":"","background-media":"","overlay-type":"","overlay-color":"","overlay-opacity":"","overlay-gradient":""}}},"product_brand":[],"product_cat":[33,87],"product_tag":[],"class_list":{"0":"post-2744","1":"product","2":"type-product","3":"status-publish","4":"has-post-thumbnail","6":"product_cat-llaveros-madera","7":"product_cat-mascotas","8":"desktop-align-center","9":"tablet-align-left","10":"mobile-align-center","11":"ast-product-gallery-layout-horizontal","12":"ast-magnify-disabled","13":"ast-product-tabs-layout-horizontal","14":"tm-has-options","16":"first","17":"instock","18":"taxable","19":"shipping-taxable","20":"purchasable","21":"product-type-simple"},"_links":{"self":[{"href":"https:\/\/kiemmi.com\/fr\/wp-json\/wp\/v2\/product\/2744","targetHints":{"allow":["GET"]}}],"collection":[{"href":"https:\/\/kiemmi.com\/fr\/wp-json\/wp\/v2\/product"}],"about":[{"href":"https:\/\/kiemmi.com\/fr\/wp-json\/wp\/v2\/types\/product"}],"version-history":[{"count":0,"href":"https:\/\/kiemmi.com\/fr\/wp-json\/wp\/v2\/product\/2744\/revisions"}],"wp:featuredmedia":[{"embeddable":true,"href":"https:\/\/kiemmi.com\/fr\/wp-json\/wp\/v2\/media\/5349"}],"wp:attachment":[{"href":"https:\/\/kiemmi.com\/fr\/wp-json\/wp\/v2\/media?parent=2744"}],"wp:term":[{"taxonomy":"product_brand","embeddable":true,"href":"https:\/\/kiemmi.com\/fr\/wp-json\/wp\/v2\/product_brand?post=2744"},{"taxonomy":"product_cat","embeddable":true,"href":"https:\/\/kiemmi.com\/fr\/wp-json\/wp\/v2\/product_cat?post=2744"},{"taxonomy":"product_tag","embeddable":true,"href":"https:\/\/kiemmi.com\/fr\/wp-json\/wp\/v2\/product_tag?post=2744"}],"curies":[{"name":"wp","href":"https:\/\/api.w.org\/{rel}","templated":true}]}}