{"id":2551,"date":"2021-07-22T09:05:02","date_gmt":"2021-07-22T09:05:02","guid":{"rendered":"https:\/\/www.tks3d.com\/?post_type=product&#038;p=2551"},"modified":"2023-03-07T15:37:28","modified_gmt":"2023-03-07T15:37:28","slug":"etiquette-bois-coeur-personnalise","status":"publish","type":"product","link":"https:\/\/kiemmi.com\/fr\/shop\/etiquetas-madera\/etiqueta-madera-personalizad-corazon\/","title":{"rendered":"Etiquette Bois Personnalis\u00e9e Coeur"},"content":{"rendered":"<p>\u00c9tiquettes en bois personnalis\u00e9es, d\u00e9coup\u00e9es et grav\u00e9es au laser en forme de c\u0153ur.<\/p>\n<p>\u00c9tiquettes id\u00e9ales pour les d\u00e9tails de mariage ou les cadeaux pour tout autre \u00e9v\u00e9nement.<\/p>\n<p>Nos \u00e9tiquettes en bois peuvent \u00e9galement \u00eatre utilis\u00e9es pour mettre en valeur des produits artisanaux ou des produits faits \u00e0 la main (DIY, Hand Made).<\/p>\n<p>Donnez \u00e0 vos produits la distinction qu&#039;ils m\u00e9ritent.<\/p>\n<p>Des \u00e9tiquettes enti\u00e8rement personnalisables avec votre design, mettez le texte que vous voulez, les formes, pour les rendre totalement exclusives.<\/p>\n<p>Produit fabriqu\u00e9 en Espagne par nous-m\u00eames avec beaucoup de soin.<\/p>\n<p><em><strong>Dimensions:<\/strong><\/em><\/p>\n<ul>\n<li>Hauteur : 2 mm<\/li>\n<\/ul>\n<p><img decoding=\"async\" class=\"alignnone size-full wp-image-2575\" src=\"https:\/\/kiemmi.com\/wp-content\/uploads\/2021\/07\/Etiqueta-de-madera-Corazon-Dimensiones.png\" alt=\"\" width=\"270\" height=\"250\" srcset=\"https:\/\/kiemmi.com\/wp-content\/uploads\/2021\/07\/Etiqueta-de-madera-Corazon-Dimensiones.png 270w, https:\/\/kiemmi.com\/wp-content\/uploads\/2021\/07\/Etiqueta-de-madera-Corazon-Dimensiones-64x59.png 64w\" sizes=\"(max-width: 270px) 100vw, 270px\" \/><\/p>\n<p><em><strong>Mat\u00e9riel:<\/strong><\/em><\/p>\n<ul>\n<li>Contre-plaqu\u00e9<\/li>\n<\/ul>\n<p><em><strong>Exp\u00e9dition:<\/strong><\/em><\/p>\n<ul>\n<li>\u00c9tant un produit personnalisable, il faudra entre 2 et 4 jours pour produire votre commande en fonction de notre charge de travail. Si vous avez besoin de la commande urgente, veuillez nous contacter.<\/li>\n<\/ul>","protected":false},"excerpt":{"rendered":"<p>\u00c9tiquettes en bois personnalis\u00e9es, d\u00e9coup\u00e9es et grav\u00e9es au laser en forme de c\u0153ur.<\/p>\n<p>\u00c9tiquettes id\u00e9ales pour les d\u00e9tails de mariage ou les cadeaux pour tout autre \u00e9v\u00e9nement.<\/p>\n<p>Nos \u00e9tiquettes en bois peuvent \u00e9galement \u00eatre utilis\u00e9es pour mettre en valeur des produits artisanaux ou des produits faits \u00e0 la main (DIY, Hand Made).<\/p>\n<p>Donnez \u00e0 vos produits la distinction qu&#039;ils m\u00e9ritent.<\/p>\n<p>Des \u00e9tiquettes enti\u00e8rement personnalisables avec votre design, mettez le texte que vous voulez, les formes, pour les rendre totalement exclusives.<\/p>\n<p>Produit fabriqu\u00e9 en Espagne par nous-m\u00eames avec beaucoup de soin.<\/p>\n<p>&nbsp;<\/p>","protected":false},"featured_media":4059,"template":"","meta":{"_seopress_robots_primary_cat":"0","_seopress_titles_title":"Etiqueta de madera personalizada en forma de coraz\u00f3n","_seopress_titles_desc":"Etiquetas de madera personalizadas, cortadas y grabadas con laser en forma de coraz\u00f3n. Ideal para detalles de boda o para regalos en general.","_seopress_robots_index":"","_seopress_analysis_target_kw":"","site-sidebar-layout":"default","site-content-layout":"","ast-site-content-layout":"default","site-content-style":"default","site-sidebar-style":"default","ast-global-header-display":"","ast-banner-title-visibility":"","ast-main-header-display":"","ast-hfb-above-header-display":"","ast-hfb-below-header-display":"","ast-hfb-mobile-header-display":"","site-post-title":"","ast-breadcrumbs-content":"","ast-featured-img":"","footer-sml-layout":"","ast-disable-related-posts":"","theme-transparent-header-meta":"","adv-header-id-meta":"","stick-header-meta":"","header-above-stick-meta":"","header-main-stick-meta":"","header-below-stick-meta":"","astra-migrate-meta-layouts":"default","ast-page-background-enabled":"default","ast-page-background-meta":{"desktop":{"background-color":"","background-image":"","background-repeat":"repeat","background-position":"center center","background-size":"auto","background-attachment":"scroll","background-type":"","background-media":"","overlay-type":"","overlay-color":"","overlay-opacity":"","overlay-gradient":""},"tablet":{"background-color":"","background-image":"","background-repeat":"repeat","background-position":"center center","background-size":"auto","background-attachment":"scroll","background-type":"","background-media":"","overlay-type":"","overlay-color":"","overlay-opacity":"","overlay-gradient":""},"mobile":{"background-color":"","background-image":"","background-repeat":"repeat","background-position":"center center","background-size":"auto","background-attachment":"scroll","background-type":"","background-media":"","overlay-type":"","overlay-color":"","overlay-opacity":"","overlay-gradient":""}},"ast-content-background-meta":{"desktop":{"background-color":"var(--ast-global-color-5)","background-image":"","background-repeat":"repeat","background-position":"center center","background-size":"auto","background-attachment":"scroll","background-type":"","background-media":"","overlay-type":"","overlay-color":"","overlay-opacity":"","overlay-gradient":""},"tablet":{"background-color":"var(--ast-global-color-5)","background-image":"","background-repeat":"repeat","background-position":"center center","background-size":"auto","background-attachment":"scroll","background-type":"","background-media":"","overlay-type":"","overlay-color":"","overlay-opacity":"","overlay-gradient":""},"mobile":{"background-color":"var(--ast-global-color-5)","background-image":"","background-repeat":"repeat","background-position":"center center","background-size":"auto","background-attachment":"scroll","background-type":"","background-media":"","overlay-type":"","overlay-color":"","overlay-opacity":"","overlay-gradient":""}}},"product_brand":[],"product_cat":[28],"product_tag":[],"class_list":{"0":"post-2551","1":"product","2":"type-product","3":"status-publish","4":"has-post-thumbnail","6":"product_cat-etiquetas-madera","7":"desktop-align-center","8":"tablet-align-left","9":"mobile-align-center","10":"ast-product-gallery-layout-horizontal","11":"ast-magnify-disabled","12":"ast-product-tabs-layout-horizontal","13":"tm-no-options","15":"first","16":"instock","17":"taxable","18":"shipping-taxable","19":"purchasable","20":"product-type-simple"},"_links":{"self":[{"href":"https:\/\/kiemmi.com\/fr\/wp-json\/wp\/v2\/product\/2551","targetHints":{"allow":["GET"]}}],"collection":[{"href":"https:\/\/kiemmi.com\/fr\/wp-json\/wp\/v2\/product"}],"about":[{"href":"https:\/\/kiemmi.com\/fr\/wp-json\/wp\/v2\/types\/product"}],"version-history":[{"count":0,"href":"https:\/\/kiemmi.com\/fr\/wp-json\/wp\/v2\/product\/2551\/revisions"}],"wp:featuredmedia":[{"embeddable":true,"href":"https:\/\/kiemmi.com\/fr\/wp-json\/wp\/v2\/media\/4059"}],"wp:attachment":[{"href":"https:\/\/kiemmi.com\/fr\/wp-json\/wp\/v2\/media?parent=2551"}],"wp:term":[{"taxonomy":"product_brand","embeddable":true,"href":"https:\/\/kiemmi.com\/fr\/wp-json\/wp\/v2\/product_brand?post=2551"},{"taxonomy":"product_cat","embeddable":true,"href":"https:\/\/kiemmi.com\/fr\/wp-json\/wp\/v2\/product_cat?post=2551"},{"taxonomy":"product_tag","embeddable":true,"href":"https:\/\/kiemmi.com\/fr\/wp-json\/wp\/v2\/product_tag?post=2551"}],"curies":[{"name":"wp","href":"https:\/\/api.w.org\/{rel}","templated":true}]}}