{"id":16237,"date":"2025-04-16T20:27:45","date_gmt":"2025-04-16T20:27:45","guid":{"rendered":"https:\/\/kiemmi.com\/?post_type=product&#038;p=16237"},"modified":"2025-05-28T19:31:39","modified_gmt":"2025-05-28T19:31:39","slug":"decapsuleur-en-bois-personnalise-avec-empreinte-de-patte-cadeau-ecologique-pour-les-amoureux-des-animaux","status":"publish","type":"product","link":"https:\/\/kiemmi.com\/fr\/shop\/mascotas\/abrebotellas-de-madera-con-forma-de-huella-personalizada-regalo-ecologico-para-amantes-de-mascotas\/","title":{"rendered":"D\u00e9capsuleur en bois personnalis\u00e9 avec empreinte de patte \u2013 Cadeau \u00e9cologique pour les amoureux des animaux"},"content":{"rendered":"<p>Vous cherchez un cadeau original, \u00e9cologique et personnalis\u00e9 pour un amoureux des animaux ? Notre <strong>d\u00e9capsuleur fait main en forme de patte d&#039;animal<\/strong> est l&#039;option parfaite. Fabriqu\u00e9 \u00e0 la main en bois de pin et personnalisable avec le nom de votre chien ou de votre chat, cet article allie fonctionnalit\u00e9, design et soin des animaux.<\/p>\n<p>Chaque pi\u00e8ce est soigneusement fabriqu\u00e9e et finie avec un m\u00e9lange d&#039;huiles et de cires naturelles et teint\u00e9es, totalement \u00e9cologiques et non toxiques. Vous pouvez choisir parmi plusieurs teintures qui rehaussent la beaut\u00e9 du bois et rendent chaque d\u00e9capsuleur unique.<\/p>\n<p>En outre, il comprend <strong>deux aimants en n\u00e9odyme int\u00e9gr\u00e9s<\/strong> au dos, permettant de le fixer facilement sur des surfaces m\u00e9talliques telles que le r\u00e9frig\u00e9rateur ou un comptoir de cuisine, le gardant toujours \u00e0 port\u00e9e de main et ajoutant une touche d\u00e9corative.<\/p>\n<p>Sa forme ergonomique tient confortablement dans la main, ce qui en fait un accessoire pratique et \u00e9l\u00e9gant.<\/p>\n<p>Id\u00e9al pour les anniversaires ou simplement comme cadeau sp\u00e9cial pour quelqu&#039;un qui partage sa vie avec un animal de compagnie.<\/p>\n<h3>\u2728 Principales caract\u00e9ristiques :<\/h3>\n<p>\ud83d\udc3e <strong>Design exclusif<\/strong> en forme d&#039;empreinte de patte de chien ou de chat<br \/>\n\ud83d\udd24 <strong>Personnalisable<\/strong> avec le nom de votre animal<br \/>\n\ud83c\udf32 <strong>Bois de pin naturel<\/strong> provenant de sources durables<br \/>\n\ud83d\udcd0 <strong>Dimensions: <\/strong>\u00a07,5 cm de large \u2013 6,6 cm de haut \u2013 1,8 cm d&#039;\u00e9paisseur<br \/>\n\ud83c\udfa8 <strong>Diff\u00e9rentes nuances de teinture<\/strong> \u00e0 choisir selon votre style<br \/>\n\ud83c\udf43 <strong>Finition \u00e9cologique et non toxique<\/strong>, avec des huiles et des cires naturelles<br \/>\n\ud83e\uddf2 <strong>Comprend 2 aimants en n\u00e9odyme<\/strong>, pour le fixer sur des surfaces m\u00e9talliques<br \/>\n\ud83d\udd90\ufe0f <strong>Confortable et ergonomique<\/strong>, tient parfaitement dans la main<br \/>\n\ud83c\udf81 <strong>Id\u00e9al pour offrir<\/strong> aux amoureux des animaux<br \/>\n\ud83c\uddea\ud83c\uddf8 <strong>Fabriqu\u00e9 \u00e0 la main en Espagne<\/strong> avec amour et d\u00e9vouement<\/p>\n<p>Avec ce d\u00e9capsuleur personnalis\u00e9, ce sera une fa\u00e7on de vous souvenir de votre fid\u00e8le compagnon \u00e0 quatre pattes.<br \/>\nPassez votre commande d\u00e8s maintenant et cr\u00e9ez un souvenir unique et fonctionnel !<\/p>","protected":false},"excerpt":{"rendered":"<p>D\u00e9capsuleur artisanal en forme d&#039;empreinte de patte de chien ou de chat, personnalisable avec le nom de votre animal. Fabriqu\u00e9 en bois de pin avec une finition \u00e9cologique. Un cadeau original et fonctionnel !<\/p>","protected":false},"featured_media":16241,"template":"","meta":{"_seopress_robots_primary_cat":"none","_seopress_titles_title":"Regalo original: Abrebotellas personalizable y ecol\u00f3gico","_seopress_titles_desc":"Regala un abrebotellas ecol\u00f3gico y personalizado en forma de huella, fabricado a mano en Espa\u00f1a. \u00a1Funcional, \u00fanico y con estilo!","_seopress_robots_index":"","site-sidebar-layout":"default","site-content-layout":"","ast-site-content-layout":"default","site-content-style":"default","site-sidebar-style":"default","ast-global-header-display":"","ast-banner-title-visibility":"","ast-main-header-display":"","ast-hfb-above-header-display":"","ast-hfb-below-header-display":"","ast-hfb-mobile-header-display":"","site-post-title":"","ast-breadcrumbs-content":"","ast-featured-img":"","footer-sml-layout":"","ast-disable-related-posts":"","theme-transparent-header-meta":"default","adv-header-id-meta":"","stick-header-meta":"default","header-above-stick-meta":"","header-main-stick-meta":"","header-below-stick-meta":"","astra-migrate-meta-layouts":"set","ast-page-background-enabled":"default","ast-page-background-meta":{"desktop":{"background-color":"","background-image":"","background-repeat":"repeat","background-position":"center center","background-size":"auto","background-attachment":"scroll","background-type":"","background-media":"","overlay-type":"","overlay-color":"","overlay-opacity":"","overlay-gradient":""},"tablet":{"background-color":"","background-image":"","background-repeat":"repeat","background-position":"center center","background-size":"auto","background-attachment":"scroll","background-type":"","background-media":"","overlay-type":"","overlay-color":"","overlay-opacity":"","overlay-gradient":""},"mobile":{"background-color":"","background-image":"","background-repeat":"repeat","background-position":"center center","background-size":"auto","background-attachment":"scroll","background-type":"","background-media":"","overlay-type":"","overlay-color":"","overlay-opacity":"","overlay-gradient":""}},"ast-content-background-meta":{"desktop":{"background-color":"var(--ast-global-color-5)","background-image":"","background-repeat":"repeat","background-position":"center center","background-size":"auto","background-attachment":"scroll","background-type":"","background-media":"","overlay-type":"","overlay-color":"","overlay-opacity":"","overlay-gradient":""},"tablet":{"background-color":"var(--ast-global-color-5)","background-image":"","background-repeat":"repeat","background-position":"center center","background-size":"auto","background-attachment":"scroll","background-type":"","background-media":"","overlay-type":"","overlay-color":"","overlay-opacity":"","overlay-gradient":""},"mobile":{"background-color":"var(--ast-global-color-5)","background-image":"","background-repeat":"repeat","background-position":"center center","background-size":"auto","background-attachment":"scroll","background-type":"","background-media":"","overlay-type":"","overlay-color":"","overlay-opacity":"","overlay-gradient":""}}},"product_brand":[],"product_cat":[87,49],"product_tag":[],"class_list":{"0":"post-16237","1":"product","2":"type-product","3":"status-publish","4":"has-post-thumbnail","6":"product_cat-mascotas","7":"product_cat-regalos-originales","8":"desktop-align-center","9":"tablet-align-left","10":"mobile-align-center","11":"ast-product-gallery-layout-horizontal","12":"ast-magnify-disabled","13":"ast-product-tabs-layout-horizontal","14":"tm-has-options","16":"first","17":"instock","18":"taxable","19":"shipping-taxable","20":"purchasable","21":"product-type-simple"},"_links":{"self":[{"href":"https:\/\/kiemmi.com\/fr\/wp-json\/wp\/v2\/product\/16237","targetHints":{"allow":["GET"]}}],"collection":[{"href":"https:\/\/kiemmi.com\/fr\/wp-json\/wp\/v2\/product"}],"about":[{"href":"https:\/\/kiemmi.com\/fr\/wp-json\/wp\/v2\/types\/product"}],"version-history":[{"count":0,"href":"https:\/\/kiemmi.com\/fr\/wp-json\/wp\/v2\/product\/16237\/revisions"}],"wp:featuredmedia":[{"embeddable":true,"href":"https:\/\/kiemmi.com\/fr\/wp-json\/wp\/v2\/media\/16241"}],"wp:attachment":[{"href":"https:\/\/kiemmi.com\/fr\/wp-json\/wp\/v2\/media?parent=16237"}],"wp:term":[{"taxonomy":"product_brand","embeddable":true,"href":"https:\/\/kiemmi.com\/fr\/wp-json\/wp\/v2\/product_brand?post=16237"},{"taxonomy":"product_cat","embeddable":true,"href":"https:\/\/kiemmi.com\/fr\/wp-json\/wp\/v2\/product_cat?post=16237"},{"taxonomy":"product_tag","embeddable":true,"href":"https:\/\/kiemmi.com\/fr\/wp-json\/wp\/v2\/product_tag?post=16237"}],"curies":[{"name":"wp","href":"https:\/\/api.w.org\/{rel}","templated":true}]}}