{"id":3,"date":"2020-07-24T07:11:47","date_gmt":"2020-07-24T07:11:47","guid":{"rendered":"https:\/\/www.tks3d.com\/?page_id=3"},"modified":"2022-02-19T19:04:53","modified_gmt":"2022-02-19T19:04:53","slug":"politique-de-confidentialite","status":"publish","type":"page","link":"https:\/\/kiemmi.com\/fr\/politica-de-privacidad\/","title":{"rendered":"Politique de confidentialit\u00e9"},"content":{"rendered":"<h3 class=\"wp-block-heading\" id=\"reglamento-europeo-de-proteccion-de-datos-rgpd\">R\u00e8glement europ\u00e9en sur la protection des donn\u00e9es (RGPD)<\/h3>\n\n\n\n<p>Nous vous informons express\u00e9ment que cette section est exclusivement destin\u00e9e au traitement de donn\u00e9es qu&#039;Emmanuel Kielichowski (ci-apr\u00e8s KIEMMI) effectuera sur les donn\u00e9es personnelles fournies via ce site Web, qui seront incorpor\u00e9es dans les fichiers que nous vous indiquerons conform\u00e9ment \u00e0 la dispositions de la l\u00e9gislation en vigueur sur la protection des donn\u00e9es \u00e0 caract\u00e8re personnel (R\u00c8GLEMENT (UE) 2016\/679 DU PARLEMENT EUROP\u00c9EN ET DU CONSEIL du 27 avril 2016 relatif \u00e0 la protection des personnes physiques \u00e0 l&#039;\u00e9gard du traitement des donn\u00e9es \u00e0 caract\u00e8re personnel et \u00e0 la libre circulation des ces donn\u00e9es, avec entr\u00e9e en vigueur le 25 mai 2018, ci-apr\u00e8s GDPR, ainsi que la l\u00e9gislation espagnole qui la d\u00e9veloppe).<\/p>\n\n\n\n<h3 class=\"wp-block-heading\" id=\"conceptos\">Notions<\/h3>\n\n\n\n<p>D\u00e9finitions que nous utiliserons dans cette politique de confidentialit\u00e9\u00a0:<\/p>\n\n\n\n<ul class=\"wp-block-list\"><li>KIEMMI\u00a0: La personne Emmanuel Kielichowski \u00e0 qui appartient ce site Web.<\/li><li>WEB : D\u00e9signe ce site Internet (www.kiemmi.com).<\/li><li>UTILISATEUR WEB : Utilisateur du site www.kiemmi.com<\/li><li>CLIENT : Utilisateur qui a contract\u00e9 les services de KIEMMI.<\/li><li>PARTENAIRE : collaborateur KIEMMI.<\/li><\/ul>\n\n\n\n<h3 class=\"wp-block-heading\" id=\"responsable-del-tratamiento-de-los-datos-personales\">Responsable du traitement des donn\u00e9es personnelles<\/h3>\n\n\n\n<p>Le propri\u00e9taire du site www.kiemmi.com est Emmanuel Kielichowski, avec NIE : X2878559V, si\u00e8ge social : C\/ Claveles, 4 \u2013 12600 Vall de Ux\u00f3, Castell\u00f3n, et avec email : info@kiemmi.com<\/p>\n\n\n\n<p>Conform\u00e9ment aux dispositions du RGPD, nous vous informons que les donn\u00e9es fournies, ainsi que les donn\u00e9es issues de votre navigation, seront trait\u00e9es et prot\u00e9g\u00e9es par KIEMI, en tant que responsable du traitement des donn\u00e9es personnelles, et trait\u00e9es pour la le but de r\u00e9pondre \u00e0 votre demande et le maintien de la relation \u00e9tablie dans le contrat que vous signez ou avez sign\u00e9 avec nous.<\/p>\n\n\n\n<h3 class=\"wp-block-heading\" id=\"principios-que-aplicamos-en-el-tratamiento-de-datos-personales\">Principes que nous appliquons dans le traitement des donn\u00e9es personnelles<\/h3>\n\n\n\n<p>Conform\u00e9ment aux dispositions du Chapitre II du RGPD, et aux codes de conduite en mati\u00e8re de traitement des donn\u00e9es personnelles, dans notre entreprise et nos proc\u00e9dures, nous appliquons les principes suivants dans le traitement des donn\u00e9es personnelles afin de pr\u00e9server les droits et libert\u00e9s des utilisateurs :<\/p>\n\n\n\n<ul class=\"wp-block-list\"><li><strong>Donn\u00e9es minimales\u00a0:<\/strong>&nbsp;Nous obtiendrons et traiterons uniquement les donn\u00e9es essentielles minimales pour chaque finalit\u00e9 et cat\u00e9gorie de personnes concern\u00e9es par le traitement.<\/li><li><strong>L\u00e9galit\u00e9 et transparence :<\/strong> Dans le traitement des donn\u00e9es, nous avons toujours une l\u00e9gitimit\u00e9 pour son utilisation : le client nous a embauch\u00e9s, l&#039;utilisateur a fourni les donn\u00e9es dans l&#039;onglet contact, etc., et dans tous les cas, a formalis\u00e9 le contrat, ou donn\u00e9 son consentement. . Et toujours aux fins que nous indiquons dans ce document.<\/li><li><strong>Limitation de la dur\u00e9e de conservation :<\/strong>&nbsp;Nous conserverons les donn\u00e9es pendant le temps minimum indispensable, \u00e0 moins que vous ne nous demandiez au pr\u00e9alable de les annuler.<\/li><li><strong>Confidentialit\u00e9 et int\u00e9grit\u00e9\u00a0:<\/strong>&nbsp;Nous garantissons des mesures de s\u00e9curit\u00e9 ad\u00e9quates pour les donn\u00e9es personnelles et leur confidentialit\u00e9.<\/li><\/ul>\n\n\n\n<h3 class=\"wp-block-heading\" id=\"veracidad-y-exactitud-de-los-datos-personales-facilitados\">V\u00e9racit\u00e9 et exactitude des donn\u00e9es personnelles fournies<\/h3>\n\n\n\n<p>L&#039;UTILISATEUR WEB, CLIENT ou PARTENAIRE, dont les donn\u00e9es seront trait\u00e9es par la soci\u00e9t\u00e9, garantit que les donn\u00e9es fournies sont v\u00e9ridiques et exactes.<\/p>\n\n\n\n<p>Dans le cas o\u00f9 vous avez fourni des donn\u00e9es personnelles d&#039;une autre personne, vous garantissez que cette personne a autoris\u00e9 et consenti \u00e0 nous fournir ces donn\u00e9es, et qu&#039;elle est responsable de toutes les responsabilit\u00e9s d\u00e9coulant de l&#039;utilisation et du traitement de ces donn\u00e9es, si elle l&#039;a fait. ne pas avoir ladite autorisation.<\/p>\n\n\n\n<p>Gardez \u00e0 l&#039;esprit que vous \u00eates la seule source d&#039;information concernant vos donn\u00e9es personnelles, nous appr\u00e9cions donc que, afin de les tenir \u00e0 jour \u00e0 tout moment conform\u00e9ment aux principes du chapitre II du RGPD, vous informiez nos donn\u00e9es contr\u00f4leur de toute modification de ceux-ci en envoyant un e-mail \u00e0 info@kiemmi.com.<\/p>\n\n\n\n<p>\u00c0 tout moment, la personne concern\u00e9e peut modifier ou annuler les donn\u00e9es fournies, conform\u00e9ment aux droits d&#039;acc\u00e8s, de rectification, d&#039;annulation, d&#039;opposition, de limitation et de portabilit\u00e9.<\/p>\n\n\n\n<h3 class=\"wp-block-heading\" id=\"menores-de-edad\">mineurs<\/h3>\n\n\n\n<p>Le site www.kiemmi.com n&#039;est pas destin\u00e9 aux mineurs. Tout UTILISATEUR, CLIENT ou PARTENAIRE du site et des services propos\u00e9s doit \u00eatre majeur. Si tel est le cas, le contrat entre KIEMMI et ledit utilisateur ou client sera nul et, dans tous les cas, nous nous exon\u00e9rons de toute responsabilit\u00e9 pouvant d\u00e9couler du non-respect de cette exigence.<\/p>\n\n\n\n<h3 class=\"wp-block-heading\" id=\"encargados-del-tratamiento\">Processeurs<\/h3>\n\n\n\n<p>KIEMMI a besoin de collaborateurs pour certains services. Lorsque, dans la fourniture de ces services, ces autres soci\u00e9t\u00e9s vont traiter des donn\u00e9es, la loi les appelle des sous-traitants.<\/p>\n\n\n\n<p>Pour fournir nos services, nous utilisons comme sous-traitants des fournisseurs tiers au sein de l&#039;UE\/EEE qui respectent toutes les obligations et toutes les exigences de la pr\u00e9sente politique de confidentialit\u00e9.<\/p>\n\n\n\n<p>Ces fournisseurs sont list\u00e9s ci-dessous :<\/p>\n\n\n\n<ul class=\"wp-block-list\"><li>Nuage\u00a0: Service de serveur<\/li><\/ul>\n\n\n\n<p>Par cons\u00e9quent, nous garantissons que ces sous-traitants et d&#039;autres qui pourraient \u00eatre utilis\u00e9s \u00e0 l&#039;avenir satisfont et satisferont \u00e0 toutes les obligations et \u00e0 toutes les exigences de la pr\u00e9sente politique de confidentialit\u00e9.<\/p>\n\n\n\n<h3 class=\"wp-block-heading\" id=\"cesion-de-datos\">transfert de donn\u00e9es<\/h3>\n\n\n\n<p>Nous garantissons que nous ne transf\u00e9rerons pas l&#039;utilisation de vos donn\u00e9es \u00e0 des tiers pour vous envoyer de la publicit\u00e9, et nous ne transf\u00e9rerons vos donn\u00e9es qu&#039;aux responsables du traitement que nous avons indiqu\u00e9s au point pr\u00e9c\u00e9dent, et uniquement aux fins indiqu\u00e9es dans chaque cas.<\/p>\n\n\n\n<p>Par cons\u00e9quent, comme stipul\u00e9 \u00e0 l&#039;article 13.1 alin\u00e9a a) du RGPD, KIEMMI ne partage pas les donn\u00e9es et n&#039;a donc pas de destinataire de celles-ci.<\/p>\n\n\n\n<h3 class=\"wp-block-heading\" id=\"derechos-en-el-tratamiento-de-datos-personales\">Droits dans le traitement des donn\u00e9es personnelles<\/h3>\n\n\n\n<p>Conform\u00e9ment aux dispositions du RGPD, vous pouvez \u00e0 tout moment contacter KIEMMI, en tant que responsable de traitement, dans la rubrique <strong>Responsable du traitement des donn\u00e9es personnelles<\/strong> de cette politique de confidentialit\u00e9, afin d&#039;exercer les droits d&#039;acc\u00e8s, de rectification, de suppression, d&#039;opposition, de portabilit\u00e9 et de retrait de consentement de vos donn\u00e9es personnelles incluses dans nos fichiers.<\/p>\n\n\n\n<p>A- \u200bDroit de demander l&#039;acc\u00e8s aux donn\u00e9es personnelles : vous pouvez nous demander si nous traitons vos donn\u00e9es, quelles donn\u00e9es sp\u00e9cifiques, o\u00f9 nous les avons obtenues, etc. Article 15 du RGPD.<\/p>\n\n\n\n<p>B- Droit de demander leur rectification (si elles ne sont pas correctes) ou leur suppression (lorsque les donn\u00e9es personnelles ne sont plus n\u00e9cessaires au regard des finalit\u00e9s pour lesquelles elles ont \u00e9t\u00e9 collect\u00e9es). Article 16 RGPD.<\/p>\n\n\n\n<p>C- Droit de demander la limitation ou l&#039;annulation de votre traitement, auquel cas ils ne seront conserv\u00e9s par nous que pour l&#039;exercice ou la d\u00e9fense de r\u00e9clamations. Articles 17 et 18.<\/p>\n\n\n\n<p>D- Droit d&#039;opposition au traitement : Nous cesserons de traiter les donn\u00e9es de la mani\u00e8re que vous indiquez, sauf si pour des raisons l\u00e9gitimes elles doivent continuer \u00e0 \u00eatre trait\u00e9es. Article 21.<\/p>\n\n\n\n<p>E- Droit \u00e0 la portabilit\u00e9 des donn\u00e9es : si vous souhaitez que vos donn\u00e9es soient trait\u00e9es par une autre soci\u00e9t\u00e9, nous faciliterons la portabilit\u00e9 de vos donn\u00e9es \u00e0 toute autre soci\u00e9t\u00e9 que vous indiquerez dans un format structur\u00e9, intelligible et automatis\u00e9. Article 20.<\/p>\n\n\n\n<p>Ces droits sont tr\u00e8s personnels et seront exerc\u00e9s par l&#039;int\u00e9ress\u00e9, \u00e0 moins qu&#039;une procuration suffisante ne soit accord\u00e9e \u00e0 une autre personne. La r\u00e9ponse \u00e0 l&#039;exercice de l&#039;un quelconque de ces droits sera rendue effective par le Responsable du traitement dans un d\u00e9lai de dix jours \u00e0 compter de la r\u00e9ception de la demande. Dans le cas o\u00f9 le responsable du traitement des donn\u00e9es estime qu&#039;il n&#039;est pas appropri\u00e9 d&#039;acc\u00e9der \u00e0 ce qui est demand\u00e9, il vous en informera avec les raisons et dans le d\u00e9lai indiqu\u00e9 dans cette section.<\/p>\n\n\n\n<p>Si vous consid\u00e9rez qu&#039;il y a un probl\u00e8me avec la mani\u00e8re dont nous traitons vos donn\u00e9es et que vous n&#039;\u00eates pas satisfait de la r\u00e9ponse \u00e0 votre demande, vous pouvez adresser vos r\u00e9clamations \u00e0 l&#039;Agence espagnole de protection des donn\u00e9es, celle indiqu\u00e9e dans le cas de l&#039;Espagne . (www.agpd.es). De m\u00eame, vous pouvez saisir l&#039;autorit\u00e9 judiciaire comp\u00e9tente si vous le jugez opportun.<\/p>\n\n\n\n<h3 class=\"wp-block-heading\" id=\"tiempo-de-conservacion-de-los-datos\">Dur\u00e9e de conservation des donn\u00e9es<\/h3>\n\n\n\n<p>Conform\u00e9ment \u00e0 l&#039;obligation indiqu\u00e9e \u00e0 l&#039;article 13.2.a) du RGPD, nous indiquons les dur\u00e9es de conservation des donn\u00e9es personnelles dans chaque cas\u00a0:<\/p>\n\n\n\n<p>Les donn\u00e9es personnelles trait\u00e9es par KIEMMI seront conserv\u00e9es jusqu&#039;\u00e0 ce que l&#039;UTILISATEUR WEB, CLIENT ou PARTENAIRE nous notifie sa volont\u00e9 d&#039;annuler les donn\u00e9es en cours de traitement.<\/p>\n\n\n\n<h3 class=\"wp-block-heading\" id=\"secreto-y-seguridad-de-los-datos\">Confidentialit\u00e9 et s\u00e9curit\u00e9 des donn\u00e9es<\/h3>\n\n\n\n<p>Conform\u00e9ment aux stipulations \u00e9tablies \u00e0 l&#039;article 32 du GDPR, KIEMMite informe qu&#039;elle a mis en place les mesures de s\u00e9curit\u00e9 techniques et organisationnelles n\u00e9cessaires pour \u00e9viter tous les risques inh\u00e9rents aux activit\u00e9s et services r\u00e9alis\u00e9s par l&#039;entreprise, et pour garantir la s\u00e9curit\u00e9 de votre donn\u00e9es \u00e0 caract\u00e8re personnel et emp\u00eacher leur alt\u00e9ration, perte et traitement et\/ou acc\u00e8s non autoris\u00e9s, compte tenu de l&#039;\u00e9tat de la technologie, de la nature des donn\u00e9es stock\u00e9es et des risques auxquels elles sont expos\u00e9es, qu&#039;elles proviennent de l&#039;action humaine ou de l&#039;environnement physique ou naturel, supervisant, contr\u00f4lant et \u00e9valuant en permanence les processus \u00e9tablis pour assurer le respect de la confidentialit\u00e9 de vos donn\u00e9es. Ces donn\u00e9es sont collect\u00e9es aupr\u00e8s de l&#039;utilisateur \u00e0 l&#039;aide de HTTPS (HyperText Transfer Protocol Secure), un protocole de s\u00e9curit\u00e9 qui permet la transmission de donn\u00e9es crypt\u00e9es entre le serveur de la page Web et l&#039;utilisateur, et vice versa.<\/p>\n\n\n\n<p>KIEMMI a r\u00e9alis\u00e9 une analyse de risque dans le traitement des donn\u00e9es personnelles et a la capacit\u00e9 de garantir la confidentialit\u00e9, l&#039;int\u00e9grit\u00e9, la disponibilit\u00e9 et la r\u00e9silience permanente des syst\u00e8mes et services de traitement\u00a0; la possibilit\u00e9 de restaurer rapidement la disponibilit\u00e9 et l&#039;acc\u00e8s aux donn\u00e9es personnelles en cas d&#039;incident physique ou technique ; et avec un processus de v\u00e9rification p\u00e9riodique, d&#039;\u00e9valuation et d&#039;appr\u00e9ciation de l&#039;efficacit\u00e9 des mesures techniques et organisationnelles pour garantir la s\u00e9curit\u00e9 du traitement.<\/p>\n\n\n\n<p>Conform\u00e9ment aux articles 33 et 34 du GDPR, KIEMMI garantit qu&#039;en cas de la moindre violation des syst\u00e8mes pouvant entra\u00eener une violation de la s\u00e9curit\u00e9 des donn\u00e9es personnelles, le responsable du traitement en informera l&#039;Agence espagnole de protection des donn\u00e9es et les int\u00e9ress\u00e9s concern\u00e9s, dans un d\u00e9lai maximum de 72 heures.<\/p>\n\n\n\n<h3 class=\"wp-block-heading\" id=\"hipervinculos\">hyperliens<\/h3>\n\n\n\n<p>Bien que nous puissions inclure des liens vers d&#039;autres sites sur notre site Web qui ne sont pas exploit\u00e9s ou contr\u00f4l\u00e9s par KIEMMI, gardez \u00e0 l&#039;esprit que nous ne pouvons garantir ou assumer la responsabilit\u00e9 de la l\u00e9galit\u00e9, de la fiabilit\u00e9, de l&#039;utilit\u00e9, de la v\u00e9racit\u00e9 et de l&#039;actualit\u00e9 du contenu de ces sites Web, donc avant vous fournissez vos informations personnelles \u00e0 ces sites Web non KIEMMI, veuillez consulter leurs pratiques de confidentialit\u00e9 et sachez qu&#039;elles peuvent diff\u00e9rer des n\u00f4tres.<\/p>\n\n\n\n<h3 class=\"wp-block-heading\" id=\"usuarios-y-accesos-restringidos\">Utilisateurs et acc\u00e8s restreints<\/h3>\n\n\n\n<p>Pour entrer dans les zones d&#039;acc\u00e8s restreint, les utilisateurs doivent disposer des codes d&#039;acc\u00e8s correspondants.<br>KIEMMI se r\u00e9serve le droit d&#039;accepter ou de refuser librement la demande d&#039;inscription de tout utilisateur. Les donn\u00e9es saisies par les utilisateurs doivent \u00eatre exactes, \u00e0 jour et v\u00e9ridiques et seront trait\u00e9es et trait\u00e9es conform\u00e9ment \u00e0 la l\u00e9gislation en vigueur sur la protection des donn\u00e9es personnelles.<\/p>\n\n\n\n<p>Les utilisateurs seront responsables dans tous les cas de la garde de leurs codes d&#039;acc\u00e8s, pour lesquels ils seront exclusivement responsables de tout dommage pouvant r\u00e9sulter d&#039;une mauvaise utilisation de celui-ci, ainsi que de sa perte ou de toute autre circonstance pouvant pr\u00e9senter un risque de l&#039;acc\u00e8s \u00e0 son utilisation par des tiers non autoris\u00e9s. Les utilisateurs doivent imm\u00e9diatement notifier l&#039;adresse de contact de KIEMMI afin que nous puissions proc\u00e9der \u00e0 leur blocage et \u00e0 leur remplacement.<\/p>\n\n\n\n<h3 class=\"wp-block-heading\" id=\"cambios-en-la-politica-de-privacidad\">Modifications de la politique de confidentialit\u00e9<\/h3>\n\n\n\n<p>KIEMMI se r\u00e9serve le droit de modifier sa politique de confidentialit\u00e9, selon ses propres crit\u00e8res ou motiv\u00e9e par un changement l\u00e9gislatif, jurisprudentiel ou doctrinal de l&#039;Agence espagnole de protection des donn\u00e9es. Toute modification de la politique de confidentialit\u00e9 sera signal\u00e9e sur notre page.<\/p>","protected":false},"excerpt":{"rendered":"<p>Reglamento europeo de protecci\u00f3n de datos (RGPD) Te informamos expresamente de que este apartado est\u00e1 dirigido exclusivamente al tratamiento de datos que Emmanuel Kielichowski (en adelante KIEMMI) realizar\u00e1 sobre los datos personales facilitados por medio de la presente web, que se incorporar\u00e1n a los archivos que te indicaremos de conformidad con lo establecido en la [&hellip;]<\/p>\n","protected":false},"author":1,"featured_media":0,"parent":0,"menu_order":0,"comment_status":"closed","ping_status":"closed","template":"","meta":{"_seopress_robots_primary_cat":"0","_seopress_titles_title":"","_seopress_titles_desc":"","_seopress_robots_index":"","_seopress_analysis_target_kw":"","site-sidebar-layout":"default","site-content-layout":"","ast-site-content-layout":"default","site-content-style":"default","site-sidebar-style":"default","ast-global-header-display":"","ast-banner-title-visibility":"","ast-main-header-display":"","ast-hfb-above-header-display":"","ast-hfb-below-header-display":"","ast-hfb-mobile-header-display":"","site-post-title":"","ast-breadcrumbs-content":"","ast-featured-img":"","footer-sml-layout":"","ast-disable-related-posts":"","theme-transparent-header-meta":"","adv-header-id-meta":"","stick-header-meta":"","header-above-stick-meta":"","header-main-stick-meta":"","header-below-stick-meta":"","astra-migrate-meta-layouts":"default","ast-page-background-enabled":"default","ast-page-background-meta":{"desktop":{"background-color":"","background-image":"","background-repeat":"repeat","background-position":"center center","background-size":"auto","background-attachment":"scroll","background-type":"","background-media":"","overlay-type":"","overlay-color":"","overlay-opacity":"","overlay-gradient":""},"tablet":{"background-color":"","background-image":"","background-repeat":"repeat","background-position":"center center","background-size":"auto","background-attachment":"scroll","background-type":"","background-media":"","overlay-type":"","overlay-color":"","overlay-opacity":"","overlay-gradient":""},"mobile":{"background-color":"","background-image":"","background-repeat":"repeat","background-position":"center center","background-size":"auto","background-attachment":"scroll","background-type":"","background-media":"","overlay-type":"","overlay-color":"","overlay-opacity":"","overlay-gradient":""}},"ast-content-background-meta":{"desktop":{"background-color":"var(--ast-global-color-5)","background-image":"","background-repeat":"repeat","background-position":"center center","background-size":"auto","background-attachment":"scroll","background-type":"","background-media":"","overlay-type":"","overlay-color":"","overlay-opacity":"","overlay-gradient":""},"tablet":{"background-color":"var(--ast-global-color-5)","background-image":"","background-repeat":"repeat","background-position":"center center","background-size":"auto","background-attachment":"scroll","background-type":"","background-media":"","overlay-type":"","overlay-color":"","overlay-opacity":"","overlay-gradient":""},"mobile":{"background-color":"var(--ast-global-color-5)","background-image":"","background-repeat":"repeat","background-position":"center center","background-size":"auto","background-attachment":"scroll","background-type":"","background-media":"","overlay-type":"","overlay-color":"","overlay-opacity":"","overlay-gradient":""}},"footnotes":""},"class_list":["post-3","page","type-page","status-publish","hentry"],"_links":{"self":[{"href":"https:\/\/kiemmi.com\/fr\/wp-json\/wp\/v2\/pages\/3","targetHints":{"allow":["GET"]}}],"collection":[{"href":"https:\/\/kiemmi.com\/fr\/wp-json\/wp\/v2\/pages"}],"about":[{"href":"https:\/\/kiemmi.com\/fr\/wp-json\/wp\/v2\/types\/page"}],"author":[{"embeddable":true,"href":"https:\/\/kiemmi.com\/fr\/wp-json\/wp\/v2\/users\/1"}],"replies":[{"embeddable":true,"href":"https:\/\/kiemmi.com\/fr\/wp-json\/wp\/v2\/comments?post=3"}],"version-history":[{"count":0,"href":"https:\/\/kiemmi.com\/fr\/wp-json\/wp\/v2\/pages\/3\/revisions"}],"wp:attachment":[{"href":"https:\/\/kiemmi.com\/fr\/wp-json\/wp\/v2\/media?parent=3"}],"curies":[{"name":"wp","href":"https:\/\/api.w.org\/{rel}","templated":true}]}}