{"id":2743,"date":"2021-08-18T06:52:10","date_gmt":"2021-08-18T06:52:10","guid":{"rendered":"https:\/\/www.tks3d.com\/?page_id=2743"},"modified":"2022-02-19T20:19:44","modified_gmt":"2022-02-19T20:19:44","slug":"conditions-generales-d-utilisation-et-de-vente","status":"publish","type":"page","link":"https:\/\/kiemmi.com\/fr\/condiciones-generales-de-uso-y-venta\/","title":{"rendered":"Conditions G\u00e9n\u00e9rales d&#039;Utilisation et de Vente"},"content":{"rendered":"<h3 class=\"wp-block-heading\" id=\"1-datos-identificativos-de-camaloon\">1. Donn\u00e9es d&#039;identification KIEMMI<\/h3>\n\n\n\n<p>Le fournisseur de services du site Web est Emmanuel Kielichowski (ci-apr\u00e8s, \u00ab\u00a0Kiemmi\u00a0\u00bb), avec TVA intracommunautaire ESX2878559V et dont le si\u00e8ge social est situ\u00e9 Calle Claveles 4, 12600 Vall de Ux\u00f3 (Castell\u00f3n), Espagne.<\/p>\n\n\n\n<h3 class=\"wp-block-heading\" id=\"2-descripcion-del-servicio\">2. Descriptif de la prestation<\/h3>\n\n\n\n<p>Chez Kiemmi, nous fournissons une s\u00e9rie de services via Internet \u00e0 nos utilisateurs et clients, tels que la commercialisation et la fabrication d&#039;articles personnalis\u00e9s, d&#039;articles cadeaux, d&#039;articles de d\u00e9coration : porte-cl\u00e9s, bo\u00eetes, aimants, sacs, autocollants, etc.<\/p>\n\n\n\n<p>Les utilisateurs de notre site Web peuvent acheter des produits pour leur propre usage ou pour les revendre \u00e0 des tiers.<\/p>\n\n\n\n<h3 class=\"wp-block-heading\" id=\"3-uso-de-las-paginas-web-bajo-la-marca-de-camaloon\">3. Utilisation du site kiemmi.com<\/h3>\n\n\n\n<h4 class=\"wp-block-heading\" id=\"3-1-edad-minima\">3.1 \u00c2ge minimal<\/h4>\n\n\n\n<p>Pour \u00eatre utilisateur du site Kiemmi, vous devez \u00eatre majeur (minimum 18 ans).<\/p>\n\n\n\n<h4 class=\"wp-block-heading\" id=\"3-2-licencia-de-uso-de-la-web-y-del-servicio-de-camaloon\">3.2 Licence d&#039;utilisation du site Web et du service Kiemmi<\/h4>\n\n\n\n<p>Kiemmi propose une licence limit\u00e9e et r\u00e9vocable d&#039;acc\u00e8s et d&#039;utilisation de nos sites et services, conform\u00e9ment aux pr\u00e9sentes Conditions G\u00e9n\u00e9rales d&#039;Utilisation et de Vente. Cette licence n&#039;inclut pas le droit de collecter ou d&#039;utiliser des informations du site Web \u00e0 des fins interdites par nous, telles que la concurrence avec Kiemmi, l&#039;utilisation du contenu Kiemmi de quelque mani\u00e8re que ce soit ou la sauvegarde d&#039;une copie de tout ou partie de nos sites Web.<\/p>\n\n\n\n<h3 class=\"wp-block-heading\" id=\"4-reglas-generales\">4. R\u00e8gles g\u00e9n\u00e9rales<\/h3>\n\n\n\n<h4 class=\"wp-block-heading\" id=\"4-1-uso-prohibido\">4.1 Utilisation interdite<\/h4>\n\n\n\n<p>Vous ne pouvez pas tenter de causer ou de causer des dommages \u00e0 nos sites Web ou au service Kiemmi. Par exemple, et sans que cette liste soit compl\u00e8te ou exhaustive, il est interdit de :<\/p>\n\n\n\n<p>un. Interrompre le service de Kiemmi en utilisant des virus ou d&#039;autres programmes con\u00e7us pour causer des dommages \u00e0 tout logiciel ou mat\u00e9riel<\/p>\n\n\n\n<p>b. Modifier ou cr\u00e9er des versions de toute technologie utilis\u00e9e sur les sites Web Kiemmi<\/p>\n\n\n\n<p>c. Utiliser n&#039;importe quel type de \u00ab\u00a0script\u00a0\u00bb, de robot ou de technologie pour surveiller le site Web de Kiemmi<\/p>\n\n\n\n<p>r\u00e9. Collecter des e-mails ou d&#039;autres informations via le service Kiemmi<\/p>\n\n\n\n<p>et. Usurper l&#039;identit\u00e9 d&#039;une autre personne ou entit\u00e9, ou falsifier l&#039;une de vos donn\u00e9es<\/p>\n\n\n\n<p>F. Naviguez ou achetez sur le site Kiemmi si vous n&#039;\u00eates pas majeur.<\/p>\n\n\n\n<h4 class=\"wp-block-heading\" id=\"4-2-privacidad-y-proteccion-de-datos\">4.2 Confidentialit\u00e9 et protection des donn\u00e9es<\/h4>\n\n\n\n<p>Chez Kiemmi, nous sommes particuli\u00e8rement soucieux de la s\u00e9curit\u00e9 et de garantir la confidentialit\u00e9 des donn\u00e9es fournies par nos clients. Nous nous engageons \u00e0 vous offrir le meilleur service et la meilleure exp\u00e9rience en ligne. Vous pouvez vous renseigner sur vos droits et sur la fa\u00e7on de les exercer sur le&nbsp;<a href=\"https:\/\/kiemmi.com\/politica-de-privacidad\/\">confidentialit\u00e9<\/a>.<\/p>\n\n\n\n<h4 class=\"wp-block-heading\" id=\"4-3-condiciones-de-compra\">4.3 Conditions d&#039;achat<\/h4>\n\n\n\n<h5 class=\"wp-block-heading\" id=\"4-3-1-sistema-de-venta\">4.3.1 Syst\u00e8me de vente<\/h5>\n\n\n\n<p>Pour effectuer un achat, vous devez nous envoyer votre commande en ligne via le processus d&#039;achat activ\u00e9 \u00e0 cet effet. Vous pouvez nous contacter par&nbsp;<a href=\"mailto:info@kiemmi.com\">e-mail<\/a>&nbsp;Si tu as besoin d&#039;aide.<\/p>\n\n\n\n<h5 class=\"wp-block-heading\" id=\"4-3-2-impuestos-aplicables\">4.3.2 Taxes applicables<\/h5>\n\n\n\n<p>Vous trouverez une ventilation des prix des produits affich\u00e9s sur nos pages Web au cours du processus d&#039;achat. Nous vous montrerons les montants avec TVA, ainsi que le prix du transport, et toujours avant d&#039;accepter l&#039;achat.<\/p>\n\n\n\n<p>La TVA peut varier selon votre r\u00e9sidence, le type de produit et aussi son origine. Si vous avez des questions sur une exon\u00e9ration de TVA particuli\u00e8re, contactez-nous directement par e-mail \u00e0 l&#039;adresse&nbsp;<a href=\"mailto:info@kiemmi.com\">info@kiemmi.com<\/a>.<\/p>\n\n\n\n<p>Les frais d&#039;importation, les frais de virement bancaire, les proc\u00e9dures douani\u00e8res ou les retenues \u00e0 l&#039;origine, ou qui sont li\u00e9s \u00e0 la livraison dans des territoires particuliers (voir section n\u00b0 4.3.4) ou des pays situ\u00e9s hors de l&#039;Union europ\u00e9enne, sont \u00e0 votre charge en tant que client et ne sont pas inclus dans les prix que nous indiquons sur le web.<\/p>\n\n\n\n<h5 class=\"wp-block-heading\" id=\"4-3-3-forma-de-pago\">4.3.3 Mode de paiement<\/h5>\n\n\n\n<p>Lors de la commande, vous devez payer le montant en utilisant l&#039;un des modes de paiement que nous acceptons sur notre site Web. Ce n&#039;est qu&#039;ainsi que nous commencerons \u00e0 produire votre commande. Dans certains cas, et pour pr\u00e9venir d&#039;\u00e9ventuelles fraudes, chez Kiemmi, nous nous r\u00e9servons le droit de demander \u00e0 nos clients d&#039;utiliser un mode de paiement sp\u00e9cifique ou nous demandons des documents suppl\u00e9mentaires.<\/p>\n\n\n\n<h5 class=\"wp-block-heading\" id=\"4-3-4-forma-gastos-y-plazos-de-envio\">4.3.4 Forme, frais et conditions d&#039;exp\u00e9dition<\/h5>\n\n\n\n<p>Nous exp\u00e9dions les commandes \u00e0 nos clients r\u00e9sidant en Europe et dans le reste du monde via diff\u00e9rentes soci\u00e9t\u00e9s de transport. Nous calculons automatiquement le prix de chaque envoi au moment o\u00f9 vous demandez un devis ou passez une commande.<\/p>\n\n\n\n<p>Il existe certains territoires qui, bien qu&#039;appartenant \u00e0 un pays sp\u00e9cifique, peuvent subir des frais suppl\u00e9mentaires, car les entreprises de transport les traitent normalement comme exceptionnels. Par exemple, Ceuta, Melilla, Guadeloupe, Martinique, Canaries, etc.<\/p>\n\n\n\n<p>Les d\u00e9lais de production sont visibles sur notre site internet. Il est possible qu&#039;une commande connaisse certains retards de production, en raison de p\u00e9nuries de produits, d&#039;une confirmation tardive de votre part, d&#039;une conception incorrecte, etc. Dans tous les cas, chez Kiemmi, nous sommes conscients que nous devons livrer les produits \u00e0 l&#039;adresse de livraison que vous nous avez indiqu\u00e9e en tant que client dans les plus brefs d\u00e9lais, en fonction des d\u00e9lais de production et d&#039;exp\u00e9dition, et toujours dans les trente (30) jours calendaires. \u00e0 compter de la date \u00e0 laquelle nous confirmons la commande. En cas de retard, nous vous contacterons et vous informerons des changements possibles.<\/p>\n\n\n\n<p>Les d\u00e9lais de transport peuvent \u00eatre modifi\u00e9s par des incidents extraordinaires dans le transport (par exemple, gr\u00e8ves, incidents climatiques, situations politiques exceptionnelles, etc.) ou par des douanes, des contr\u00f4les dans le pays de destination ou des difficult\u00e9s dans la livraison de la marchandise. De Kiemmi, nous n&#039;acceptons aucune responsabilit\u00e9 pour les retards caus\u00e9s par l&#039;agence de transport ou par toute proc\u00e9dure de contr\u00f4le douanier. Mais nous nous engageons \u00e0 remplacer dans un d\u00e9lai raisonnable toute commande endommag\u00e9e ou perdue pendant le transport.<\/p>\n\n\n\n<h3 class=\"wp-block-heading\" id=\"5-garantias-cambios-cancelaciones-y-devoluciones\">5. Garanties, modifications, annulations et retours<\/h3>\n\n\n\n<p>En tant qu&#039;utilisateur, vous pouvez modifier ou ajouter un nouveau design, modifier votre adresse de livraison et\/ou de facturation, ou annuler la commande, tant qu&#039;elle n&#039;est pas r\u00e9ellement entr\u00e9e dans le processus de production.<\/p>\n\n\n\n<p>Pour ce faire, vous devez envoyer un e-mail \u00e0&nbsp;<a href=\"mailto:info@kiemmi.com\">info@kiemmi.com<\/a>, en joignant le num\u00e9ro de r\u00e9f\u00e9rence de votre commande. Nous vous informerons apr\u00e8s avoir examin\u00e9 l&#039;\u00e9tat de votre commande de l&#039;origine ou non du changement ou de la possibilit\u00e9 d&#039;annulation.<\/p>\n\n\n\n<p>En tant qu&#039;utilisateur et client, vous disposerez de quatorze (14) jours calendaires pour annuler votre achat et retourner le ou les produits, \u00e0 compter du moment o\u00f9 vous recevez la commande, et tant qu&#039;il ne s&#039;agit pas d&#039;un produit personnalis\u00e9, c&#039;est-\u00e0-dire modifi\u00e9. pour nos clients selon leurs instructions. Pour les produits personnalis\u00e9s, nous ne pouvons pas accepter les modifications ou les retours.<\/p>\n\n\n\n<p>Les produits personnalis\u00e9s peuvent subir de l\u00e9g\u00e8res modifications en termes de couleur, de poids, de texture, de mat\u00e9riaux, de taille ou de design, r\u00e9pondant toujours \u00e0 l&#039;objectif et \u00e0 l&#039;id\u00e9e initiale pr\u00e9sent\u00e9s sur nos pages Web. De votre c\u00f4t\u00e9, vous devez traiter les produits Kiemmi avec le plus grand soin, ne pas les avoir utilis\u00e9s et ne pas les soumettre \u00e0 des conditions inappropri\u00e9es ou nuisibles, ou \u00e0 des manipulations qui pourraient alt\u00e9rer anormalement leur \u00e9tat. Il est de votre responsabilit\u00e9 de les conserver correctement jusqu&#039;\u00e0 ce que nous les examinions chez Kiemmi, si vous souhaitez les retourner ou faire une r\u00e9clamation.<\/p>\n\n\n\n<p>Les frais de retour sont \u00e0 la charge du client. Pour ce faire, vous devez envoyer un e-mail \u00e0&nbsp;<a href=\"mailto:info@kiemmi.co\">info@kiemmi.com<\/a>&nbsp;demander le retour de votre commande.<\/p>\n\n\n\n<p>Une fois le mat\u00e9riel retourn\u00e9, et lorsque nous aurons v\u00e9rifi\u00e9 son \u00e9tat incorrect, nous proc\u00e9derons au retour du produit pay\u00e9, en plus du retour des frais d&#039;exp\u00e9dition initiaux dans sa modalit\u00e9 la plus basique (exp\u00e9dition standard). Si le retour est d\u00fb \u00e0 notre erreur, Kiemmi assumera les frais d&#039;exp\u00e9dition pour le retour du produit. Sinon, vous devrez payer les frais de retour.<\/p>\n\n\n\n<p>Nous vous rembourserons le montant du retour dans les quatorze (14) jours suivant la r\u00e9ception effective du produit faisant l&#039;objet du retour, et via le m\u00eame mode de paiement que celui que vous avez utilis\u00e9 pour l&#039;achat.<\/p>\n\n\n\n<h3 class=\"wp-block-heading\" id=\"6-propiedad-intelectual\">6. Propri\u00e9t\u00e9 intellectuelle<\/h3>\n\n\n\n<p>Nous nous r\u00e9servons tous les droits de propri\u00e9t\u00e9 prot\u00e9g\u00e9s par la propri\u00e9t\u00e9 intellectuelle et industrielle inclus dans le site Web de Kiemmi, c&#039;est-\u00e0-dire, \u00e0 titre d&#039;exemple, mais sans s&#039;y limiter : textes, images, conception graphique, marques, structure de navigation, informations et contenus. Nous sommes exclusivement responsables de l&#039;exercice des droits de les exploiter de quelque mani\u00e8re que ce soit et, en particulier, des droits de reproduction, de distribution, de communication publique et de transformation, conform\u00e9ment \u00e0 la l\u00e9gislation espagnole sur les droits de propri\u00e9t\u00e9 intellectuelle et industrielle.<\/p>\n\n\n\n<p>Dans le cas o\u00f9, en tant qu&#039;utilisateur, vous personnalisez un produit du site Kiemmi, avec une image propos\u00e9e par vous et en dehors du catalogue d&#039;images Kiemmi, vous devez garantir que vous disposez de tous les droits de Propri\u00e9t\u00e9 Intellectuelle et Industrielle, ainsi que de tout droit \u00e0 l&#039;image. ou la vie priv\u00e9e concernant les personnes physiques ou morales qui peuvent exister, n\u00e9cessaires \u00e0 l&#039;exploitation de l&#039;image sous la forme ou de la mani\u00e8re que vous souhaitez. \u00c0 son tour, en tant qu&#039;utilisateur, vous nous accordez une licence limit\u00e9e pour reproduire, communiquer, distribuer et transformer l&#039;image que vous proposez dans le ou les produits personnalis\u00e9s que vous avez command\u00e9s. Une fois que le produit est fabriqu\u00e9 et exp\u00e9di\u00e9 \u00e0 votre adresse de livraison, cette licence prendra fin.<\/p>\n\n\n\n<p>Vous exon\u00e9rez Kiemmi de toute responsabilit\u00e9 pour les r\u00e9clamations de tiers r\u00e9sultant de l&#039;utilisation ill\u00e9gitime ou criminelle d&#039;images soumises \u00e0 la propri\u00e9t\u00e9 intellectuelle ou industrielle, ou des droits \u00e0 l&#039;image ou \u00e0 la vie priv\u00e9e des personnes physiques dans les produits personnalis\u00e9s via nos sites Web.<\/p>\n\n\n\n<h3 class=\"wp-block-heading\" id=\"7-quejas-y-reclamaciones\">7. Plaintes et r\u00e9clamations<\/h3>\n\n\n\n<p>En tant que client, vous pouvez toujours vous rendre sur&nbsp;<a href=\"mailto:info@kiemmi.com\">info@kiemmi.com<\/a>&nbsp;pour transmettre toute plainte, suggestion ou r\u00e9clamation d\u00e9coulant de la fourniture de nos services. Pour faciliter le traitement, nous vous demandons de toujours nous fournir la facture ou le num\u00e9ro de commande de votre commande. Nous nous engageons \u00e0 r\u00e9pondre aux demandes dans les sept (7) jours ouvrables \u00e0 compter de la date \u00e0 laquelle nous les avons correctement re\u00e7ues. Si une telle r\u00e9clamation provient d&#039;un mat\u00e9riau qui ne provient pas de Kiemmi, il peut \u00eatre n\u00e9cessaire de prolonger ce d\u00e9lai afin que nous puissions contacter le fabricant.<\/p>\n\n\n\n<p>Vous ne pourrez plus formuler de r\u00e9clamations ou r\u00e9clamations concernant les commandes pass\u00e9 un d\u00e9lai de sept (7) jours \u00e0 compter de leur livraison effective.<\/p>\n\n\n\n<h3 class=\"wp-block-heading\" id=\"8-derechos-de-camaloon\">8. Droits Kiemmi<\/h3>\n\n\n\n<h4 class=\"wp-block-heading\" id=\"8-1-monitorizacion\">8.1 Surveillance<\/h4>\n\n\n\n<p>Chez Kiemmi, nous nous r\u00e9servons le droit (sans en assumer l&#039;obligation) de surveiller toutes les transactions et communications qui se produisent sur notre site Web. Si nous estimons, \u00e0 notre discr\u00e9tion, qu&#039;un utilisateur ou client enfreint ou pourrait enfreindre l&#039;une quelconque des conditions des pr\u00e9sentes Conditions G\u00e9n\u00e9rales d&#039;Utilisation et de Vente ou que ladite transaction ou communication est inappropri\u00e9e, nous pourrons annuler ou restreindre l&#039;acc\u00e8s audit utilisateur, sans possibilit\u00e9 de r\u00e9clamation.avenir.<\/p>\n\n\n\n<h4 class=\"wp-block-heading\" id=\"8-2-modificacion-del-servicio\">8.2 Modification de la prestation<\/h4>\n\n\n\n<p>Chez Kiemmi, nous nous r\u00e9servons le droit de modifier la mise en page, l&#039;organisation et l&#039;apparence de notre site Web et des services que nous proposons, et nous pouvons modifier ou suspendre tout aspect de nos services et\/ou prix sans pr\u00e9avis ni possibilit\u00e9 de r\u00e9clamation.<\/p>\n\n\n\n<h4 class=\"wp-block-heading\" id=\"8-3-cancelacion-del-contrato\">8.3 R\u00e9siliation du contrat<\/h4>\n\n\n\n<p>Chez Kiemmi, \u00e0 notre seule discr\u00e9tion et avec ou sans pr\u00e9avis, nous pouvons\u00a0:<\/p>\n\n\n\n<ul class=\"wp-block-list\"><li>Suspendre ou limiter l&#039;utilisation de Kiemmi \u00e0 un utilisateur sp\u00e9cifique, ainsi que fermer compl\u00e8tement un compte ou annuler l&#039;acc\u00e8s \u00e0 nos pages Web<\/li><li>Bloquer ou annuler la production de toute commande comportant des images constituant un crime, violant les droits de tiers, offensantes, de mauvais go\u00fbt, comportant des messages violents, abusifs, \u00e0 charge politique radicale extr\u00eame, sectaires ou contraires aux droits humains fondamentaux<\/li><li>Bloquer ou annuler la production de toute commande qui, une fois examin\u00e9e, comporte des erreurs dans les conceptions, dans le calcul des prix, qui ne peuvent pas offrir une garantie suffisante du r\u00e9sultat final, etc.<\/li><li>Communiquer aux autorit\u00e9s comp\u00e9tentes tout abus ou fraude survenu sur nos sites Internet<\/li><li>Supprimer tout contenu que nous jugeons appropri\u00e9 des serveurs et des r\u00e9pertoires de Kiemmi ou de tout contenu soumis par un utilisateur<\/li><li>Cesser la vente de tout produit sp\u00e9cifique ou dans tout type de devise autre que l&#039;euro (\u20ac).<\/li><li>Interrompez le service \u00e0 notre discr\u00e9tion ou offrez-le dans une mesure limit\u00e9e.<\/li><\/ul>\n\n\n\n<h3 class=\"wp-block-heading\" id=\"9-politica-de-enlaces\">9. Politique de lien<\/h3>\n\n\n\n<p>Chez Kiemmi, nous ne sommes pas responsables des sites Web ou des fichiers accessibles via des liens hypertextes (\u00ab\u00a0liens\u00a0\u00bb) disponibles parmi nos contenus. La responsabilit\u00e9 incombe \u00e0 leurs propri\u00e9taires respectifs. Par cons\u00e9quent, nous n&#039;approuvons ni n&#039;approuvons les produits, services, contenus, informations, donn\u00e9es, fichiers et tout type de mat\u00e9riel sur ces pages Web ou fichiers et nous ne contr\u00f4lons ni n&#039;assumons la responsabilit\u00e9 de la qualit\u00e9, de l&#039;ill\u00e9galit\u00e9, de la fiabilit\u00e9 et de l&#039;utilit\u00e9 du informations, contenus et services existant dans les sites li\u00e9s et qui ne sont pas li\u00e9s \u00e0 nos pages.<\/p>\n\n\n\n<p>Dans le cas o\u00f9 cela est jug\u00e9 appropri\u00e9 ou qu&#039;un organisme comp\u00e9tent d\u00e9clare l&#039;ill\u00e9galit\u00e9 des donn\u00e9es, ordonne leur retrait ou que leur acc\u00e8s est impossible, ou l&#039;existence de la blessure a \u00e9t\u00e9 d\u00e9clar\u00e9e, et nous avons \u00e9t\u00e9 express\u00e9ment notifi\u00e9s la r\u00e9solution correspondante , nous supprimerions imm\u00e9diatement les liens indiqu\u00e9s.<\/p>\n\n\n\n<h3 class=\"wp-block-heading\" id=\"10-limitacion-de-responsabilidad\">10. Limitation de responsabilit\u00e9<\/h3>\n\n\n\n<p>Nous nous excluons de toute responsabilit\u00e9 pour les dommages de toute nature qui pourraient \u00eatre dus au manque de disponibilit\u00e9 ou de continuit\u00e9 du fonctionnement de nos sites Web. Nous d\u00e9clinons \u00e9galement tout type de responsabilit\u00e9 d\u00e9coulant de la mauvaise utilisation ou de l&#039;utilisation inappropri\u00e9e de nos produits.<\/p>\n\n\n\n<h3 class=\"wp-block-heading\" id=\"11-cambios-en-las-presentes-condiciones-generales-de-uso-y-venta\">11. Modifications des pr\u00e9sentes Conditions G\u00e9n\u00e9rales d&#039;Utilisation et de Vente<\/h3>\n\n\n\n<p>Nous nous r\u00e9servons le droit de modifier tout aspect des pr\u00e9sentes Conditions G\u00e9n\u00e9rales d&#039;Utilisation et de Vente, y compris nos prix, conceptions accept\u00e9es ou contenus r\u00e9pr\u00e9hensibles.<\/p>\n\n\n\n<h3 class=\"wp-block-heading\" id=\"12-legislacion-aplicable-y-jurisdiccion-competente\">12. Loi applicable et juridiction comp\u00e9tente<\/h3>\n\n\n\n<p>Les pr\u00e9sentes Conditions G\u00e9n\u00e9rales d&#039;Utilisation et de Vente sont r\u00e9gies par la loi espagnole.<\/p>\n\n\n\n<p>S&#039;il s&#039;agit d&#039;un particulier qui effectue l&#039;achat de produits, pour la r\u00e9solution d&#039;\u00e9ventuels litiges, les parties conviennent de se soumettre \u00e0 l&#039;arbitrage de la consommation \u00e9tabli par r\u00e8glement, renon\u00e7ant \u00e0 toute autre juridiction qui pourrait leur correspondre.<\/p>\n\n\n\n<p>S&#039;il s&#039;agit d&#039;une entreprise qui effectue l&#039;achat de produits, pour la r\u00e9solution d&#039;\u00e9ventuels litiges, les parties conviennent de se soumettre aux cours et tribunaux comp\u00e9tents de Nules, renon\u00e7ant \u00e0 toute autre juridiction qui pourrait leur correspondre.<\/p>","protected":false},"excerpt":{"rendered":"<p>1. Datos identificativos de KIEMMI El prestador del servicio del sitio web es Emmanuel Kielichowski (en adelante, &#8220;Kiemmi&#8221;), con VAT intracomunitario ESX2878559V y con domicilio social en Calle Claveles 4, 12600 Vall de Ux\u00f3 (Castell\u00f3n), Spain. 2. Descripci\u00f3n del servicio En Kiemmi proporcionamos una serie de servicios a trav\u00e9s de Internet a nuestros usuarios y [&hellip;]<\/p>\n","protected":false},"author":1,"featured_media":0,"parent":0,"menu_order":0,"comment_status":"closed","ping_status":"closed","template":"","meta":{"_seopress_robots_primary_cat":"0","_seopress_titles_title":"","_seopress_titles_desc":"","_seopress_robots_index":"","_seopress_analysis_target_kw":"","site-sidebar-layout":"default","site-content-layout":"","ast-site-content-layout":"default","site-content-style":"default","site-sidebar-style":"default","ast-global-header-display":"","ast-banner-title-visibility":"","ast-main-header-display":"","ast-hfb-above-header-display":"","ast-hfb-below-header-display":"","ast-hfb-mobile-header-display":"","site-post-title":"","ast-breadcrumbs-content":"","ast-featured-img":"","footer-sml-layout":"","ast-disable-related-posts":"","theme-transparent-header-meta":"","adv-header-id-meta":"","stick-header-meta":"","header-above-stick-meta":"","header-main-stick-meta":"","header-below-stick-meta":"","astra-migrate-meta-layouts":"default","ast-page-background-enabled":"default","ast-page-background-meta":{"desktop":{"background-color":"","background-image":"","background-repeat":"repeat","background-position":"center center","background-size":"auto","background-attachment":"scroll","background-type":"","background-media":"","overlay-type":"","overlay-color":"","overlay-opacity":"","overlay-gradient":""},"tablet":{"background-color":"","background-image":"","background-repeat":"repeat","background-position":"center center","background-size":"auto","background-attachment":"scroll","background-type":"","background-media":"","overlay-type":"","overlay-color":"","overlay-opacity":"","overlay-gradient":""},"mobile":{"background-color":"","background-image":"","background-repeat":"repeat","background-position":"center center","background-size":"auto","background-attachment":"scroll","background-type":"","background-media":"","overlay-type":"","overlay-color":"","overlay-opacity":"","overlay-gradient":""}},"ast-content-background-meta":{"desktop":{"background-color":"var(--ast-global-color-5)","background-image":"","background-repeat":"repeat","background-position":"center center","background-size":"auto","background-attachment":"scroll","background-type":"","background-media":"","overlay-type":"","overlay-color":"","overlay-opacity":"","overlay-gradient":""},"tablet":{"background-color":"var(--ast-global-color-5)","background-image":"","background-repeat":"repeat","background-position":"center center","background-size":"auto","background-attachment":"scroll","background-type":"","background-media":"","overlay-type":"","overlay-color":"","overlay-opacity":"","overlay-gradient":""},"mobile":{"background-color":"var(--ast-global-color-5)","background-image":"","background-repeat":"repeat","background-position":"center center","background-size":"auto","background-attachment":"scroll","background-type":"","background-media":"","overlay-type":"","overlay-color":"","overlay-opacity":"","overlay-gradient":""}},"footnotes":""},"class_list":["post-2743","page","type-page","status-publish","hentry"],"_links":{"self":[{"href":"https:\/\/kiemmi.com\/fr\/wp-json\/wp\/v2\/pages\/2743","targetHints":{"allow":["GET"]}}],"collection":[{"href":"https:\/\/kiemmi.com\/fr\/wp-json\/wp\/v2\/pages"}],"about":[{"href":"https:\/\/kiemmi.com\/fr\/wp-json\/wp\/v2\/types\/page"}],"author":[{"embeddable":true,"href":"https:\/\/kiemmi.com\/fr\/wp-json\/wp\/v2\/users\/1"}],"replies":[{"embeddable":true,"href":"https:\/\/kiemmi.com\/fr\/wp-json\/wp\/v2\/comments?post=2743"}],"version-history":[{"count":0,"href":"https:\/\/kiemmi.com\/fr\/wp-json\/wp\/v2\/pages\/2743\/revisions"}],"wp:attachment":[{"href":"https:\/\/kiemmi.com\/fr\/wp-json\/wp\/v2\/media?parent=2743"}],"curies":[{"name":"wp","href":"https:\/\/api.w.org\/{rel}","templated":true}]}}