{"id":2226,"date":"2020-07-25T11:07:48","date_gmt":"2020-07-25T11:07:48","guid":{"rendered":"https:\/\/www.tks3d.com\/?page_id=2226"},"modified":"2022-01-22T17:54:20","modified_gmt":"2022-01-22T17:54:20","slug":"politique-de-cookies","status":"publish","type":"page","link":"https:\/\/kiemmi.com\/fr\/politica-de-cookies\/","title":{"rendered":"Politique de cookies"},"content":{"rendered":"<p>Conform\u00e9ment aux dispositions de l&#039;article 22.2 de la loi 34\/2002 du 11 juillet sur les services de la soci\u00e9t\u00e9 de l&#039;information et du commerce \u00e9lectronique, ce site Web vous informe, dans cette section, sur les&nbsp;<strong>politique de collecte et de traitement des cookies<\/strong>.<\/p>\n\n\n\n<h4 class=\"wp-block-heading\">Que sont les cookies ?<\/h4>\n\n\n\n<p>Un cookie est un fichier qui est t\u00e9l\u00e9charg\u00e9 sur votre ordinateur lorsque vous acc\u00e9dez \u00e0 certaines pages Web. Les cookies permettent, entre autres, \u00e0 une page Web de stocker et de r\u00e9cup\u00e9rer des informations sur les habitudes de navigation d&#039;un utilisateur ou de son \u00e9quipement et, en fonction des informations qu&#039;ils contiennent et de la mani\u00e8re dont ils utilisent leur \u00e9quipement, ils peuvent \u00eatre utilis\u00e9s pour reconna\u00eetre \u00e0 utilisateur.<\/p>\n\n\n\n<h4 class=\"wp-block-heading\">Types de cookies et leur finalit\u00e9<\/h4>\n\n\n\n<p>Lors de la navigation sur ce site, des Cookies de session, des Cookies persistants, des Cookies d&#039;analyse, des Cookies de personnalisation sont utilis\u00e9s :<\/p>\n\n\n\n<p><strong>Cookies de sessions :<\/strong>&nbsp;Ce sont des cookies con\u00e7us pour collecter et stocker des donn\u00e9es lorsque l&#039;utilisateur acc\u00e8de \u00e0 une page Web. Ils sont g\u00e9n\u00e9ralement utilis\u00e9s pour stocker des informations qui n&#039;ont d&#039;int\u00e9r\u00eat qu&#039;\u00e0 conserver pour la fourniture du service demand\u00e9 par l&#039;utilisateur en une seule fois.<\/p>\n\n\n\n<p><strong>Cookies persistants\u00a0:<\/strong>&nbsp;Il s&#039;agit d&#039;un type de cookie dans lequel les donn\u00e9es sont encore stock\u00e9es dans le terminal et peuvent \u00eatre consult\u00e9es et trait\u00e9es pendant une dur\u00e9e d\u00e9finie par le responsable du cookie, qui peut aller de quelques minutes \u00e0 plusieurs ann\u00e9es.<\/p>\n\n\n\n<p><strong>Cookies d&#039;analyse<\/strong>: Sont ceux qui, bien trait\u00e9s par nous ou par des tiers, nous permettent de quantifier le nombre d&#039;utilisateurs et ainsi d&#039;effectuer la mesure et l&#039;analyse statistique de l&#039;utilisation faite par les utilisateurs du service propos\u00e9. Pour cela, votre navigation sur notre site est analys\u00e9e afin d&#039;am\u00e9liorer l&#039;offre de produits ou services que nous vous proposons.<\/p>\n\n\n\n<p><strong>Cookies de personnalisation<\/strong>: Ce sont ceux qui permettent \u00e0 l&#039;utilisateur d&#039;acc\u00e9der au service avec certaines caract\u00e9ristiques g\u00e9n\u00e9rales pr\u00e9d\u00e9finies en fonction d&#039;une s\u00e9rie de crit\u00e8res dans le terminal de l&#039;utilisateur, tels que la langue ou le type de navigateur via lequel l&#039;utilisateur se connecte au service.<\/p>\n\n\n\n<h4 class=\"wp-block-heading\">Mises \u00e0 jour et modifications de la politique de cookies<\/h4>\n\n\n\n<p>KIEMMI peut modifier cette politique de cookies en fonction de nouvelles exigences l\u00e9gislatives ou r\u00e9glementaires, ou afin d&#039;adapter ladite politique aux instructions \u00e9mises par l&#039;Agence espagnole de protection des donn\u00e9es.<\/p>\n\n\n\n<p>Si vous souhaitez plus d&#039;informations sur la fa\u00e7on dont nous utilisons les cookies, vous pouvez nous envoyer un e-mail \u00e0 info@tekniservice.com<\/p>","protected":false},"excerpt":{"rendered":"<p>En cumplimiento con lo dispuesto en el art\u00edculo 22.2 de la Ley 34\/2002, de 11 de julio, de Servicios de la Sociedad de la Informaci\u00f3n y de Comercio Electr\u00f3nico, esta p\u00e1gina web le informa, en esta secci\u00f3n, sobre la&nbsp;pol\u00edtica de recogida y tratamiento de cookies. \u00bfQu\u00e9 son las cookies? Una cookie es un fichero que [&hellip;]<\/p>\n","protected":false},"author":1,"featured_media":0,"parent":0,"menu_order":0,"comment_status":"closed","ping_status":"closed","template":"","meta":{"_seopress_robots_primary_cat":"0","_seopress_titles_title":"","_seopress_titles_desc":"","_seopress_robots_index":"","_seopress_analysis_target_kw":"","site-sidebar-layout":"default","site-content-layout":"","ast-site-content-layout":"default","site-content-style":"default","site-sidebar-style":"default","ast-global-header-display":"","ast-banner-title-visibility":"","ast-main-header-display":"","ast-hfb-above-header-display":"","ast-hfb-below-header-display":"","ast-hfb-mobile-header-display":"","site-post-title":"","ast-breadcrumbs-content":"","ast-featured-img":"","footer-sml-layout":"","ast-disable-related-posts":"","theme-transparent-header-meta":"","adv-header-id-meta":"","stick-header-meta":"","header-above-stick-meta":"","header-main-stick-meta":"","header-below-stick-meta":"","astra-migrate-meta-layouts":"default","ast-page-background-enabled":"default","ast-page-background-meta":{"desktop":{"background-color":"","background-image":"","background-repeat":"repeat","background-position":"center center","background-size":"auto","background-attachment":"scroll","background-type":"","background-media":"","overlay-type":"","overlay-color":"","overlay-opacity":"","overlay-gradient":""},"tablet":{"background-color":"","background-image":"","background-repeat":"repeat","background-position":"center center","background-size":"auto","background-attachment":"scroll","background-type":"","background-media":"","overlay-type":"","overlay-color":"","overlay-opacity":"","overlay-gradient":""},"mobile":{"background-color":"","background-image":"","background-repeat":"repeat","background-position":"center center","background-size":"auto","background-attachment":"scroll","background-type":"","background-media":"","overlay-type":"","overlay-color":"","overlay-opacity":"","overlay-gradient":""}},"ast-content-background-meta":{"desktop":{"background-color":"var(--ast-global-color-5)","background-image":"","background-repeat":"repeat","background-position":"center center","background-size":"auto","background-attachment":"scroll","background-type":"","background-media":"","overlay-type":"","overlay-color":"","overlay-opacity":"","overlay-gradient":""},"tablet":{"background-color":"var(--ast-global-color-5)","background-image":"","background-repeat":"repeat","background-position":"center center","background-size":"auto","background-attachment":"scroll","background-type":"","background-media":"","overlay-type":"","overlay-color":"","overlay-opacity":"","overlay-gradient":""},"mobile":{"background-color":"var(--ast-global-color-5)","background-image":"","background-repeat":"repeat","background-position":"center center","background-size":"auto","background-attachment":"scroll","background-type":"","background-media":"","overlay-type":"","overlay-color":"","overlay-opacity":"","overlay-gradient":""}},"footnotes":""},"class_list":["post-2226","page","type-page","status-publish","hentry"],"_links":{"self":[{"href":"https:\/\/kiemmi.com\/fr\/wp-json\/wp\/v2\/pages\/2226","targetHints":{"allow":["GET"]}}],"collection":[{"href":"https:\/\/kiemmi.com\/fr\/wp-json\/wp\/v2\/pages"}],"about":[{"href":"https:\/\/kiemmi.com\/fr\/wp-json\/wp\/v2\/types\/page"}],"author":[{"embeddable":true,"href":"https:\/\/kiemmi.com\/fr\/wp-json\/wp\/v2\/users\/1"}],"replies":[{"embeddable":true,"href":"https:\/\/kiemmi.com\/fr\/wp-json\/wp\/v2\/comments?post=2226"}],"version-history":[{"count":0,"href":"https:\/\/kiemmi.com\/fr\/wp-json\/wp\/v2\/pages\/2226\/revisions"}],"wp:attachment":[{"href":"https:\/\/kiemmi.com\/fr\/wp-json\/wp\/v2\/media?parent=2226"}],"curies":[{"name":"wp","href":"https:\/\/api.w.org\/{rel}","templated":true}]}}