{"id":8916,"date":"2024-10-10T21:07:55","date_gmt":"2024-10-10T21:07:55","guid":{"rendered":"https:\/\/kiemmi.com\/?post_type=product&#038;p=8916"},"modified":"2025-05-26T22:26:25","modified_gmt":"2025-05-26T22:26:25","slug":"anpassbarer-stift-und-bleistifthalter-in-form-eines-3d-hundeknochens","status":"publish","type":"product","link":"https:\/\/kiemmi.com\/de\/shop\/mascotas\/porta-boligrafos-y-lapices-en-forma-de-hueso-de-perro-3d-personalizable\/","title":{"rendered":"Stift- und Bleistifthalter in Form eines 3D-Hundeknochens \u2013 anpassbar"},"content":{"rendered":"<p>Verleihen Sie Ihrem Schreibtisch eine originelle und pers\u00f6nliche Note mit diesem Stifthalter in Hundeknochenform, hergestellt mit 3D-Drucktechnologie. Dieses einzigartige Accessoire ist nicht nur praktisch, sondern auch dekorativ, ideal f\u00fcr B\u00fcros, B\u00fcros oder Gesch\u00e4fte. Mit drei F\u00e4chern k\u00f6nnen Sie Ihre Stifte, Bleistifte, Visitenkarten und andere kleine Accessoires organisieren. Dar\u00fcber hinaus k\u00f6nnen Sie beide Farben personalisieren und einen besonderen Namen oder Satz hinzuf\u00fcgen, was es zu einem perfekten Geschenk f\u00fcr Hundeliebhaber macht. Machen Sie Ihren Raum unterhaltsamer und funktionaler!<\/p>\n<p><strong>Besondere Merkmale:<\/strong><\/p>\n<ul>\n<li>\ud83d\udd8b\ufe0f <strong>Einzigartiges Hundeknochen-Design<\/strong>: Verleiht Ihrem Schreibtisch eine originelle und thematische Note, perfekt f\u00fcr Hundeliebhaber.<\/li>\n<li>\ud83c\udfa8 <strong>Vollst\u00e4ndige Anpassung<\/strong>: Sie k\u00f6nnen die gew\u00fcnschten Farben ausw\u00e4hlen und es mit Ihrem Namen oder einem besonderen Satz personalisieren, um ein Accessoire zu erhalten, das ganz auf Sie zugeschnitten ist.<\/li>\n<li>\ud83d\udccf <strong>Handliche Gr\u00f6\u00dfe<\/strong>: Ma\u00dfe: 17,6 cm lang, 9,6 cm breit und 3,5 cm dick, ideal f\u00fcr jedes B\u00fcro oder B\u00fcrotisch, ohne viel Platz einzunehmen.<\/li>\n<li>\ud83d\udd8a\ufe0f <strong>Effiziente Organisation<\/strong>: Es hat 3 F\u00e4cher; zwei f\u00fcr Stifte, Bleistifte usw. und ein weiteres f\u00fcr Visitenkarten oder Flash-Laufwerke.<\/li>\n<li>\ud83c\udf81 <strong>Perfektes Geschenk<\/strong>: Ein einzigartiges und pers\u00f6nliches Geschenk f\u00fcr jeden Hundeliebhaber oder als originelles Detail f\u00fcr den Schreibtisch.<\/li>\n<li>\ud83c\udfe0 <strong>dekoratives Element<\/strong>: Mehr als ein funktionelles Accessoire, es ist auch ein dekoratives St\u00fcck, das jede Arbeits- oder Lernumgebung aufwertet.<\/li>\n<\/ul>","protected":false},"excerpt":{"rendered":"<p>Dieser Stifthalter in Form eines Hundeknochens eignet sich ideal zum Dekorieren von Schreibtischen und zum Ordnunghalten. Es wird im 3D-Druck hergestellt und kann in Farben und mit Namen oder besonderen S\u00e4tzen personalisiert werden. Es verf\u00fcgt \u00fcber drei F\u00e4cher f\u00fcr Stifte, Visitenkarten oder Flash-Laufwerke. Seine kompakte Gr\u00f6\u00dfe macht es perfekt f\u00fcr jedes B\u00fcro oder B\u00fcro. Es ist das perfekte Geschenk f\u00fcr Hundeliebhaber oder f\u00fcr alle, die ihrem Arbeitsplatz eine originelle Note verleihen m\u00f6chten.<\/p>","protected":false},"featured_media":8925,"template":"","meta":{"_seopress_robots_primary_cat":"87","_seopress_titles_title":"Portabol\u00edgrafos 3D en forma de hueso: \u00a1escribe con estilo!","_seopress_titles_desc":"Dale estilo a tu escritorio con este porta bol\u00edgrafos 3D con forma de hueso. Personalizable y perfecto para amantes de perros. \u00a1Organiza y decora!","_seopress_robots_index":"","_seopress_analysis_target_kw":"hueso,portabol\u00edgrafos 3d,porta l\u00e1pices 3d","site-sidebar-layout":"default","site-content-layout":"","ast-site-content-layout":"default","site-content-style":"default","site-sidebar-style":"default","ast-global-header-display":"","ast-banner-title-visibility":"","ast-main-header-display":"","ast-hfb-above-header-display":"","ast-hfb-below-header-display":"","ast-hfb-mobile-header-display":"","site-post-title":"","ast-breadcrumbs-content":"","ast-featured-img":"","footer-sml-layout":"","ast-disable-related-posts":"","theme-transparent-header-meta":"default","adv-header-id-meta":"","stick-header-meta":"default","header-above-stick-meta":"","header-main-stick-meta":"","header-below-stick-meta":"","astra-migrate-meta-layouts":"set","ast-page-background-enabled":"default","ast-page-background-meta":{"desktop":{"background-color":"","background-image":"","background-repeat":"repeat","background-position":"center center","background-size":"auto","background-attachment":"scroll","background-type":"","background-media":"","overlay-type":"","overlay-color":"","overlay-opacity":"","overlay-gradient":""},"tablet":{"background-color":"","background-image":"","background-repeat":"repeat","background-position":"center center","background-size":"auto","background-attachment":"scroll","background-type":"","background-media":"","overlay-type":"","overlay-color":"","overlay-opacity":"","overlay-gradient":""},"mobile":{"background-color":"","background-image":"","background-repeat":"repeat","background-position":"center center","background-size":"auto","background-attachment":"scroll","background-type":"","background-media":"","overlay-type":"","overlay-color":"","overlay-opacity":"","overlay-gradient":""}},"ast-content-background-meta":{"desktop":{"background-color":"var(--ast-global-color-5)","background-image":"","background-repeat":"repeat","background-position":"center center","background-size":"auto","background-attachment":"scroll","background-type":"","background-media":"","overlay-type":"","overlay-color":"","overlay-opacity":"","overlay-gradient":""},"tablet":{"background-color":"var(--ast-global-color-5)","background-image":"","background-repeat":"repeat","background-position":"center center","background-size":"auto","background-attachment":"scroll","background-type":"","background-media":"","overlay-type":"","overlay-color":"","overlay-opacity":"","overlay-gradient":""},"mobile":{"background-color":"var(--ast-global-color-5)","background-image":"","background-repeat":"repeat","background-position":"center center","background-size":"auto","background-attachment":"scroll","background-type":"","background-media":"","overlay-type":"","overlay-color":"","overlay-opacity":"","overlay-gradient":""}}},"product_brand":[],"product_cat":[51,87,49],"product_tag":[],"class_list":{"0":"post-8916","1":"product","2":"type-product","3":"status-publish","4":"has-post-thumbnail","6":"product_cat-decoracion-del-hogar","7":"product_cat-mascotas","8":"product_cat-regalos-originales","9":"desktop-align-center","10":"tablet-align-left","11":"mobile-align-center","12":"ast-product-gallery-layout-horizontal","13":"ast-magnify-disabled","14":"ast-product-tabs-layout-horizontal","15":"tm-has-options","17":"first","18":"instock","19":"taxable","20":"shipping-taxable","21":"purchasable","22":"product-type-simple"},"_links":{"self":[{"href":"https:\/\/kiemmi.com\/de\/wp-json\/wp\/v2\/product\/8916","targetHints":{"allow":["GET"]}}],"collection":[{"href":"https:\/\/kiemmi.com\/de\/wp-json\/wp\/v2\/product"}],"about":[{"href":"https:\/\/kiemmi.com\/de\/wp-json\/wp\/v2\/types\/product"}],"version-history":[{"count":0,"href":"https:\/\/kiemmi.com\/de\/wp-json\/wp\/v2\/product\/8916\/revisions"}],"wp:featuredmedia":[{"embeddable":true,"href":"https:\/\/kiemmi.com\/de\/wp-json\/wp\/v2\/media\/8925"}],"wp:attachment":[{"href":"https:\/\/kiemmi.com\/de\/wp-json\/wp\/v2\/media?parent=8916"}],"wp:term":[{"taxonomy":"product_brand","embeddable":true,"href":"https:\/\/kiemmi.com\/de\/wp-json\/wp\/v2\/product_brand?post=8916"},{"taxonomy":"product_cat","embeddable":true,"href":"https:\/\/kiemmi.com\/de\/wp-json\/wp\/v2\/product_cat?post=8916"},{"taxonomy":"product_tag","embeddable":true,"href":"https:\/\/kiemmi.com\/de\/wp-json\/wp\/v2\/product_tag?post=8916"}],"curies":[{"name":"wp","href":"https:\/\/api.w.org\/{rel}","templated":true}]}}