{"id":8565,"date":"2024-06-28T10:38:43","date_gmt":"2024-06-28T10:38:43","guid":{"rendered":"https:\/\/kiemmi.com\/?post_type=product&#038;p=8565"},"modified":"2025-09-11T07:18:58","modified_gmt":"2025-09-11T07:18:58","slug":"personalisierte-agenda-2025-mit-farbigen-und-lasergravierten-holzeinbanden","status":"publish","type":"product","link":"https:\/\/kiemmi.com\/de\/shop\/escuelas-y-profesores\/agenda-2025-personalizada-tapas-de-madera-a-color-y-grabadas-a-laser\/","title":{"rendered":"Personalisierte Agenda 2025-2026 \u2013 Lasergravierte farbige Holzdeckel"},"content":{"rendered":"<p>Entdecken Sie den personalisierten Planer 2025\u20132026 f\u00fcr alle, die Wert auf Stil und Funktionalit\u00e4t legen. Mit farbenfrohen Holzdeckeln und raffinierter Lasergravur ist dieser Planer die perfekte Erg\u00e4nzung f\u00fcr Ihren Alltag.<\/p>\n<p><strong>Besondere Funktionen:<\/strong><\/p>\n<ul>\n<li><em><strong>Farbige Holzplatten:<\/strong><\/em> Eleganz und Langlebigkeit vereint in einer breiten Farbpalette.<\/li>\n<li><em><strong>Individuelle Lasergravur:<\/strong><\/em> F\u00fcgen Sie mit Ihrem Namen, Logo oder einem besonderen Design eine einzigartige Note hinzu.<\/li>\n<li><em><strong>Verf\u00fcgbare Sprachen:<\/strong><\/em> W\u00e4hlen Sie aus mehreren Sprachen entsprechend Ihren Anforderungen.<\/li>\n<li><em><strong>Anpassbarer Zeitraum:<\/strong><\/em> W\u00e4hlen Sie den Zeitraum, der Ihnen am besten passt, indem Sie das \u201eStartdatum\u201c und das \u201eEnddatum\u201c ausw\u00e4hlen.<\/li>\n<li><em><strong>Anpassbare Wochentage:<\/strong><\/em> Stellen Sie Ihren Kalender so ein, dass nur die Wochentage angezeigt werden, die Sie ben\u00f6tigen.<\/li>\n<li><em><strong>Ideal f\u00fcr Geschenke:<\/strong><\/em> Perfekt f\u00fcr Lehrer, Lehrer, Sch\u00fcler und alle, die stilvolle Organisation zu sch\u00e4tzen wissen.<\/li>\n<\/ul>\n<p><strong>Vorteile:<\/strong><\/p>\n<ul>\n<li><em><strong>Benutzerdefinierte Organisation:<\/strong><\/em> Passen Sie Ihren Planer perfekt an Ihren Lebensstil an.<\/li>\n<li><em><strong>Einzigartiges und besonderes Geschenk:<\/strong><\/em> \u00dcberraschen Sie Ihre Liebsten mit einem praktischen und eleganten Geschenk.<\/li>\n<li><em><strong>Gehobene Qualit\u00e4t:<\/strong><\/em> Hergestellt aus hochwertigen Materialien, die Langlebigkeit und ein erstklassiges Erscheinungsbild gew\u00e4hrleisten.<\/li>\n<\/ul>\n<p><strong>Idealer Einsatz:<\/strong><\/p>\n<ul>\n<li><em><strong>Professoren und Lehrer:<\/strong><\/em> Halten Sie Ihre Kurse und Aufgaben organisiert.<\/li>\n<li><em><strong>Sch\u00fcler und Studenten:<\/strong><\/em> Planen Sie Ihr Studienjahr genau.<\/li>\n<li><em><strong>Fachleute:<\/strong><\/em> Verwalten Sie Ihre Termine und t\u00e4glichen Aufgaben mit einem eleganten und effizienten Tool.<\/li>\n<\/ul>\n<p>Verpassen Sie nicht die Gelegenheit, einen einzigartigen Planer zu haben, der Ihre Pers\u00f6nlichkeit widerspiegelt und Ihnen hilft, organisiert zu bleiben. Gestalten Sie Ihren Planer noch heute individuell und starten Sie mit Schwung ins Jahr 2026!<\/p>\n<p><em><strong>Kaufen Sie jetzt und verleihen Sie Ihrer t\u00e4glichen Organisation die pers\u00f6nliche Note, die sie verdient.<\/strong><\/em><\/p>","protected":false},"excerpt":{"rendered":"<div class=\"flex-shrink-0 flex flex-col relative items-end\">\n<div>\n<div class=\"pt-0.5 juice:pt-0\">\n<div class=\"gizmo-bot-avatar flex h-6 w-6 items-center justify-center overflow-hidden rounded-full juice:h-8 juice:w-8\">\n<div class=\"relative p-1 rounded-sm flex items-center justify-center bg-token-main-surface-primary text-token-text-primary h-8 w-8\"><span style=\"font-size: 1rem;\">Der personalisierte Planer 2025\u20132026 besticht durch elegante, lasergravierte und farblich abgestimmte Holzdeckel und bietet ein einzigartiges und anspruchsvolles Design. Sie k\u00f6nnen zwischen verschiedenen Sprachen w\u00e4hlen und den Nutzungszeitraum individuell gestalten, indem Sie Start- und Enddatum festlegen. Auch die Wochentage k\u00f6nnen Sie frei w\u00e4hlen. Er ist das ideale Geschenk f\u00fcr Lehrer, Sch\u00fcler und alle, die Wert auf Organisation legen. Dieser Planer vereint h\u00f6chste Qualit\u00e4t und Funktionalit\u00e4t und sorgt f\u00fcr eine perfekte Tagesplanung.<\/span><\/div>\n<\/div>\n<\/div>\n<\/div>\n<\/div>","protected":false},"featured_media":30432,"template":"","meta":{"_seopress_robots_primary_cat":"82","_seopress_titles_title":"Agenda Profesores Personalizada 2026: Elegancia y Estilo \u00danico","_seopress_titles_desc":"Descubre la elegancia de nuestra agenda 2025-26 con tapas de madera y grabado l\u00e1ser. Personaliza y organiza tu d\u00eda a d\u00eda. \u00a1Consigue la tuya ahora!","_seopress_robots_index":"","_seopress_analysis_target_kw":"","site-sidebar-layout":"default","site-content-layout":"","ast-site-content-layout":"default","site-content-style":"default","site-sidebar-style":"default","ast-global-header-display":"","ast-banner-title-visibility":"","ast-main-header-display":"","ast-hfb-above-header-display":"","ast-hfb-below-header-display":"","ast-hfb-mobile-header-display":"","site-post-title":"","ast-breadcrumbs-content":"","ast-featured-img":"","footer-sml-layout":"","ast-disable-related-posts":"","theme-transparent-header-meta":"default","adv-header-id-meta":"","stick-header-meta":"default","header-above-stick-meta":"","header-main-stick-meta":"","header-below-stick-meta":"","astra-migrate-meta-layouts":"set","ast-page-background-enabled":"default","ast-page-background-meta":{"desktop":{"background-color":"","background-image":"","background-repeat":"repeat","background-position":"center center","background-size":"auto","background-attachment":"scroll","background-type":"","background-media":"","overlay-type":"","overlay-color":"","overlay-opacity":"","overlay-gradient":""},"tablet":{"background-color":"","background-image":"","background-repeat":"repeat","background-position":"center center","background-size":"auto","background-attachment":"scroll","background-type":"","background-media":"","overlay-type":"","overlay-color":"","overlay-opacity":"","overlay-gradient":""},"mobile":{"background-color":"","background-image":"","background-repeat":"repeat","background-position":"center center","background-size":"auto","background-attachment":"scroll","background-type":"","background-media":"","overlay-type":"","overlay-color":"","overlay-opacity":"","overlay-gradient":""}},"ast-content-background-meta":{"desktop":{"background-color":"var(--ast-global-color-5)","background-image":"","background-repeat":"repeat","background-position":"center center","background-size":"auto","background-attachment":"scroll","background-type":"","background-media":"","overlay-type":"","overlay-color":"","overlay-opacity":"","overlay-gradient":""},"tablet":{"background-color":"var(--ast-global-color-5)","background-image":"","background-repeat":"repeat","background-position":"center center","background-size":"auto","background-attachment":"scroll","background-type":"","background-media":"","overlay-type":"","overlay-color":"","overlay-opacity":"","overlay-gradient":""},"mobile":{"background-color":"var(--ast-global-color-5)","background-image":"","background-repeat":"repeat","background-position":"center center","background-size":"auto","background-attachment":"scroll","background-type":"","background-media":"","overlay-type":"","overlay-color":"","overlay-opacity":"","overlay-gradient":""}}},"product_brand":[],"product_cat":[82,50],"product_tag":[],"class_list":{"0":"post-8565","1":"product","2":"type-product","3":"status-publish","4":"has-post-thumbnail","6":"product_cat-escuelas-y-profesores","7":"product_cat-libretas-de-madera-personalizadas","8":"desktop-align-center","9":"tablet-align-left","10":"mobile-align-center","11":"ast-product-gallery-layout-horizontal","12":"ast-magnify-disabled","13":"ast-product-tabs-layout-horizontal","14":"tm-has-options","16":"first","17":"instock","18":"taxable","19":"shipping-taxable","20":"purchasable","21":"product-type-simple"},"_links":{"self":[{"href":"https:\/\/kiemmi.com\/de\/wp-json\/wp\/v2\/product\/8565","targetHints":{"allow":["GET"]}}],"collection":[{"href":"https:\/\/kiemmi.com\/de\/wp-json\/wp\/v2\/product"}],"about":[{"href":"https:\/\/kiemmi.com\/de\/wp-json\/wp\/v2\/types\/product"}],"version-history":[{"count":0,"href":"https:\/\/kiemmi.com\/de\/wp-json\/wp\/v2\/product\/8565\/revisions"}],"wp:featuredmedia":[{"embeddable":true,"href":"https:\/\/kiemmi.com\/de\/wp-json\/wp\/v2\/media\/30432"}],"wp:attachment":[{"href":"https:\/\/kiemmi.com\/de\/wp-json\/wp\/v2\/media?parent=8565"}],"wp:term":[{"taxonomy":"product_brand","embeddable":true,"href":"https:\/\/kiemmi.com\/de\/wp-json\/wp\/v2\/product_brand?post=8565"},{"taxonomy":"product_cat","embeddable":true,"href":"https:\/\/kiemmi.com\/de\/wp-json\/wp\/v2\/product_cat?post=8565"},{"taxonomy":"product_tag","embeddable":true,"href":"https:\/\/kiemmi.com\/de\/wp-json\/wp\/v2\/product_tag?post=8565"}],"curies":[{"name":"wp","href":"https:\/\/api.w.org\/{rel}","templated":true}]}}