{"id":8269,"date":"2024-06-07T09:50:27","date_gmt":"2024-06-07T09:50:27","guid":{"rendered":"https:\/\/kiemmi.com\/?post_type=product&#038;p=8269"},"modified":"2025-09-02T08:41:17","modified_gmt":"2025-09-02T08:41:17","slug":"box-fur-affenkamme-und-haken-fallera-personalisierte-holzkiste","status":"publish","type":"product","link":"https:\/\/kiemmi.com\/de\/shop\/cajas-de-madera-personalizadas\/caja-para-monos-peinetas-y-ganchos-fallera-caja-de-madera-personalizada\/","title":{"rendered":"Box f\u00fcr Schleifen, K\u00e4mme und Fallera-Haken \u2013 Personalisierte Holzbox"},"content":{"rendered":"<p>Entdecken Sie die <strong>Personalisierte Holzkiste f\u00fcr Falleras-Zubeh\u00f6r<\/strong>, ein handgefertigter Schmuck, der speziell zur Organisation und zum Schutz der wertvollen Accessoires der traditionellen valencianischen Kleidung entwickelt wurde. Diese mit Sorgfalt und Pr\u00e4zision handgefertigte Holzkiste bietet nicht nur eine praktische, sondern auch elegante L\u00f6sung zur Aufbewahrung aller wesentlichen Elemente einer Fallera.<\/p>\n<p><strong>Haupteigenschaften:<\/strong><\/p>\n<ul>\n<li><strong><em>Anpassbares Design:<\/em><\/strong> Die obere Abdeckung kann nach dem Geschmack des Kunden individuell gestaltet werden, sodass Sie Namen, Daten oder ein beliebiges spezielles Design hinzuf\u00fcgen k\u00f6nnen.<\/li>\n<li><em><strong>Laserschneiden und Gravieren:<\/strong><\/em> Hergestellt mit Laserschneid- und Gravurtechnologie, die pr\u00e4zise Details und eine makellose Verarbeitung jeder Schachtel gew\u00e4hrleistet.<\/li>\n<li><em><strong>Spezifische F\u00e4cher:<\/strong><\/em> Entworfen mit speziellen F\u00e4chern f\u00fcr jedes Zubeh\u00f6r, einschlie\u00dflich Platz f\u00fcr Ihren Dutt, Dutts, K\u00e4mme und mehr.<\/li>\n<li><em><strong>Hochwertige Oberfl\u00e4chen:<\/strong><\/em> W\u00e4hlen Sie einen Hintergrund aus Naturholz oder verleihen Sie ihm einen Hauch von Luxus mit einem Samtbezug, der perfekt ist, um Klasse zu verleihen und Ihre Accessoires besser zu sch\u00fctzen.<\/li>\n<li><em><strong>3D-Br\u00f6tchenhalter:<\/strong><\/em> Es enth\u00e4lt ein kreisf\u00f6rmiges 3D-Zubeh\u00f6r, das die Form des Dutts jederzeit beibeh\u00e4lt und daf\u00fcr sorgt, dass er immer perfekt aussieht.<\/li>\n<li><em><strong>Handgefertigt:<\/strong><\/em> Jede Box wird von erfahrenen Kunsthandwerkern handgefertigt, was Qualit\u00e4t und makellose Verarbeitung garantiert.<\/li>\n<\/ul>\n<p><strong>Ma\u00dfe:<\/strong><\/p>\n<ul>\n<li><em><strong>Breit:<\/strong><\/em> 28cm<\/li>\n<li><em><strong>Lang:<\/strong><\/em> 24cm<\/li>\n<li><em><strong>Hoch oder gro\u00df:<\/strong><\/em> 13,5 cm<\/li>\n<\/ul>\n<hr \/>\n<p>Diese Box ist das perfekte Geschenk f\u00fcr jede Fallera und bietet einen eleganten und organisierten Ort zur Aufbewahrung aller notwendigen Accessoires der traditionellen valencianischen Kleidung. Ob f\u00fcr den pers\u00f6nlichen Gebrauch oder als besonderes Geschenk, diese personalisierte Holzkiste ist ein Zeichen der Hingabe und Liebe zu Traditionen.<\/p>\n<p><strong>Warum sollten Sie sich f\u00fcr unsere Holzkiste entscheiden:<\/strong><\/p>\n<ul>\n<li><strong><em>Hochwertige Handwerkskunst:<\/em><\/strong> Mit Liebe zum Detail handgefertigt, ist jede Box ein einzigartiges Kunstwerk.<\/li>\n<li><em><strong>Fortgeschrittene Technologie:<\/strong><\/em> Wir nutzen Laserschneiden und -gravuren, um eine au\u00dfergew\u00f6hnliche Pr\u00e4zision im Detail zu erreichen.<\/li>\n<li><em><strong>Funktionalit\u00e4t und Stil:<\/strong><\/em> Es vereint Praktikabilit\u00e4t mit einem \u00e4sthetisch ansprechenden Design.<\/li>\n<li><em><strong>Einzigartige Anpassung:<\/strong><\/em> Erstellen Sie eine Box, die Ihren Stil und Ihre Pers\u00f6nlichkeit widerspiegelt und jedes St\u00fcck zu Ihrem eigenen macht.<\/li>\n<\/ul>\n<p>Warten Sie nicht l\u00e4nger und sichern Sie sich Ihre Accessoires mit Stil und Eleganz. Personalisieren Sie noch heute Ihre Holzkiste f\u00fcr Falleras und bringen Sie die valencianische Tradition auf die n\u00e4chste Stufe!<\/p>","protected":false},"excerpt":{"rendered":"<p>Die personalisierte Holzkiste f\u00fcr Falleras-Accessoires ist ein handgefertigtes Kunstwerk, das dazu dient, die Accessoires der traditionellen valencianischen Kleidung zu organisieren und zu sch\u00fctzen. Dank der Laserschneide- und Gravurtechnologie bietet es eine au\u00dfergew\u00f6hnliche Pr\u00e4zision in seinen Details. Die Box verf\u00fcgt unter anderem \u00fcber spezielle F\u00e4cher f\u00fcr Br\u00f6tchen, Br\u00f6tchen und K\u00e4mme und erm\u00f6glicht die individuelle Gestaltung des oberen Deckels und der Unterseite mit Naturholz oder Samt. Dar\u00fcber hinaus verf\u00fcgt es \u00fcber eine 3D-Unterst\u00fctzung, um die Form des Dutts beizubehalten. Es ist das perfekte Geschenk f\u00fcr jeden Fallera und vereint Funktionalit\u00e4t und Stil in einem einzigartigen und eleganten St\u00fcck.<\/p>","protected":false},"featured_media":8276,"template":"","meta":{"_seopress_robots_primary_cat":"38","_seopress_titles_title":"%%title%% %%page%%","_seopress_titles_desc":"","_seopress_robots_index":"","_seopress_analysis_target_kw":"","site-sidebar-layout":"default","site-content-layout":"","ast-site-content-layout":"default","site-content-style":"default","site-sidebar-style":"default","ast-global-header-display":"","ast-banner-title-visibility":"","ast-main-header-display":"","ast-hfb-above-header-display":"","ast-hfb-below-header-display":"","ast-hfb-mobile-header-display":"","site-post-title":"","ast-breadcrumbs-content":"","ast-featured-img":"","footer-sml-layout":"","ast-disable-related-posts":"","theme-transparent-header-meta":"","adv-header-id-meta":"","stick-header-meta":"","header-above-stick-meta":"","header-main-stick-meta":"","header-below-stick-meta":"","astra-migrate-meta-layouts":"default","ast-page-background-enabled":"default","ast-page-background-meta":{"desktop":{"background-color":"","background-image":"","background-repeat":"repeat","background-position":"center center","background-size":"auto","background-attachment":"scroll","background-type":"","background-media":"","overlay-type":"","overlay-color":"","overlay-opacity":"","overlay-gradient":""},"tablet":{"background-color":"","background-image":"","background-repeat":"repeat","background-position":"center center","background-size":"auto","background-attachment":"scroll","background-type":"","background-media":"","overlay-type":"","overlay-color":"","overlay-opacity":"","overlay-gradient":""},"mobile":{"background-color":"","background-image":"","background-repeat":"repeat","background-position":"center center","background-size":"auto","background-attachment":"scroll","background-type":"","background-media":"","overlay-type":"","overlay-color":"","overlay-opacity":"","overlay-gradient":""}},"ast-content-background-meta":{"desktop":{"background-color":"var(--ast-global-color-5)","background-image":"","background-repeat":"repeat","background-position":"center center","background-size":"auto","background-attachment":"scroll","background-type":"","background-media":"","overlay-type":"","overlay-color":"","overlay-opacity":"","overlay-gradient":""},"tablet":{"background-color":"var(--ast-global-color-5)","background-image":"","background-repeat":"repeat","background-position":"center center","background-size":"auto","background-attachment":"scroll","background-type":"","background-media":"","overlay-type":"","overlay-color":"","overlay-opacity":"","overlay-gradient":""},"mobile":{"background-color":"var(--ast-global-color-5)","background-image":"","background-repeat":"repeat","background-position":"center center","background-size":"auto","background-attachment":"scroll","background-type":"","background-media":"","overlay-type":"","overlay-color":"","overlay-opacity":"","overlay-gradient":""}}},"product_brand":[],"product_cat":[38,45,49],"product_tag":[],"class_list":{"0":"post-8269","1":"product","2":"type-product","3":"status-publish","4":"has-post-thumbnail","6":"product_cat-cajas-de-madera-personalizadas","7":"product_cat-detalles-para-bodas-y-eventos","8":"product_cat-regalos-originales","9":"desktop-align-center","10":"tablet-align-left","11":"mobile-align-center","12":"ast-product-gallery-layout-horizontal","13":"ast-magnify-disabled","14":"ast-product-tabs-layout-horizontal","15":"tm-has-options","17":"first","18":"instock","19":"taxable","20":"shipping-taxable","21":"purchasable","22":"product-type-simple"},"_links":{"self":[{"href":"https:\/\/kiemmi.com\/de\/wp-json\/wp\/v2\/product\/8269","targetHints":{"allow":["GET"]}}],"collection":[{"href":"https:\/\/kiemmi.com\/de\/wp-json\/wp\/v2\/product"}],"about":[{"href":"https:\/\/kiemmi.com\/de\/wp-json\/wp\/v2\/types\/product"}],"version-history":[{"count":0,"href":"https:\/\/kiemmi.com\/de\/wp-json\/wp\/v2\/product\/8269\/revisions"}],"wp:featuredmedia":[{"embeddable":true,"href":"https:\/\/kiemmi.com\/de\/wp-json\/wp\/v2\/media\/8276"}],"wp:attachment":[{"href":"https:\/\/kiemmi.com\/de\/wp-json\/wp\/v2\/media?parent=8269"}],"wp:term":[{"taxonomy":"product_brand","embeddable":true,"href":"https:\/\/kiemmi.com\/de\/wp-json\/wp\/v2\/product_brand?post=8269"},{"taxonomy":"product_cat","embeddable":true,"href":"https:\/\/kiemmi.com\/de\/wp-json\/wp\/v2\/product_cat?post=8269"},{"taxonomy":"product_tag","embeddable":true,"href":"https:\/\/kiemmi.com\/de\/wp-json\/wp\/v2\/product_tag?post=8269"}],"curies":[{"name":"wp","href":"https:\/\/api.w.org\/{rel}","templated":true}]}}