{"id":6609,"date":"2023-10-03T19:33:58","date_gmt":"2023-10-03T19:33:58","guid":{"rendered":"https:\/\/kiemmi.com\/?post_type=product&#038;p=6609"},"modified":"2025-09-02T08:41:17","modified_gmt":"2025-09-02T08:41:17","slug":"personalisierter-holz-kleiderbugel-mit-namen-ein-unvergessliches-geschenk-fur-freunde","status":"publish","type":"product","link":"https:\/\/kiemmi.com\/de\/shop\/detalles-para-bodas-y-eventos\/percha-de-madera-personalizada-con-nombre-un-regalo-inolvidable-para-novios\/","title":{"rendered":"Personalisierter Holzb\u00fcgel mit Namen \u2013 ein unvergessliches Geschenk f\u00fcr Freunde"},"content":{"rendered":"<p>Feiern Sie die Liebe und Vereinigung zweier besonderer Menschen mit unserem personalisierten Holzh\u00e4nger, dem perfekten Geschenk f\u00fcr das Paar, das gleich \u201eJa\u201c sagen wird. Jeder unserer Kleiderb\u00fcgel ist sorgf\u00e4ltig entworfen und mit Details gefertigt, die ihn wirklich einzigartig machen.<\/p>\n<p><strong>Ma\u00dfe:<\/strong><\/p>\n<ul>\n<li><em><strong>Breit:<\/strong><\/em> 43cm<\/li>\n<li><em><strong>Hoch oder gro\u00df:<\/strong><\/em> 23cm (inkl. Haken)<\/li>\n<li><em><strong>Dicke:<\/strong><\/em> 1,2 cm<\/li>\n<\/ul>\n<p><strong>Besondere Funktionen:<\/strong><\/p>\n<ul>\n<li><strong><em>Exklusive Anpassung<\/em><\/strong>: Jeder Kleiderb\u00fcgel ist sorgf\u00e4ltig mit den Namen der Braut und des Br\u00e4utigams personalisiert, aus lasergeschnittenem Holz gefertigt und handbemalt. Dies sorgt f\u00fcr eine pers\u00f6nliche und elegante Note, die Braut und Br\u00e4utigam \u00fcber Jahre hinweg sch\u00e4tzen werden.<\/li>\n<li><em><strong>360\u00b0 drehbarer Haken<\/strong><\/em>: Unser Kleiderb\u00fcgel verf\u00fcgt \u00fcber einen drehbaren Haken, der au\u00dfergew\u00f6hnliche Vielseitigkeit bietet. Dadurch k\u00f6nnen Hochzeitsanz\u00fcge bequem aufgeh\u00e4ngt werden, unabh\u00e4ngig davon, wie sie im Schrank aufgeh\u00e4ngt sind.<\/li>\n<li><em><strong>Unvergessliches Geschenk:<\/strong><\/em> Dieser Kleiderb\u00fcgel ist nicht nur ein funktionelles Accessoire, sondern auch eine besondere Erinnerung an einen unvergesslichen Tag. Es ist ein Geschenk, das Braut und Br\u00e4utigam noch viele Jahre lang sch\u00e4tzen und in liebevoller Erinnerung behalten werden.<\/li>\n<li><em><strong>Perfekt f\u00fcr Hochzeiten und Jubil\u00e4en:<\/strong><\/em> Dieser personalisierte Kleiderb\u00fcgel ist nicht nur ein ideales Hochzeitsgeschenk, sondern eignet sich auch perfekt f\u00fcr Jubil\u00e4en, Verlobungen und andere besondere Anl\u00e4sse im Zusammenhang mit der Liebe.<\/li>\n<li><em><strong>Gehobene Qualit\u00e4t:<\/strong><\/em> Wir verwenden hochwertiges Holz, das robust und langlebig ist. Die Liebe zum Detail in jedem Aspekt des Designs und der Herstellung stellt sicher, dass Sie ein Qualit\u00e4tsst\u00fcck erhalten, das ein Leben lang h\u00e4lt.<\/li>\n<\/ul>\n<p>Zeigen Sie Ihre Liebe und R\u00fccksichtnahme, indem Sie diesen personalisierten Holzb\u00fcgel als Geschenk f\u00fcr Braut und Br\u00e4utigam w\u00e4hlen. Jedes Mal, wenn sie ihre Outfits an diesem einzigartigen Kleiderb\u00fcgel aufh\u00e4ngen, werden sie an die Liebe und Freude dieses besonderen Tages erinnert. Bestellen Sie noch heute und schaffen Sie eine bleibende Erinnerung f\u00fcr das besondere Paar in Ihrem Leben.<\/p>","protected":false},"excerpt":{"rendered":"<p>Personalisierter Holzh\u00e4nger mit Namen, ideal zum Verschenken an Braut und Br\u00e4utigam, die kurz vor der Hochzeit stehen. Lasergeschnittene und handbemalte Holznamen f\u00fcr eine einzigartige Note. Um 360\u00b0 drehbarer Haken zum bequemen Aufh\u00e4ngen von Hochzeitsanz\u00fcgen. Bleibendes und emotionales Geschenk f\u00fcr Hochzeiten und Jubil\u00e4en.<\/p>","protected":false},"featured_media":6630,"template":"","meta":{"_seopress_robots_primary_cat":"45","_seopress_titles_title":"%%title%%","_seopress_titles_desc":"","_seopress_robots_index":"","_seopress_analysis_target_kw":"","site-sidebar-layout":"default","site-content-layout":"","ast-site-content-layout":"default","site-content-style":"default","site-sidebar-style":"default","ast-global-header-display":"","ast-banner-title-visibility":"","ast-main-header-display":"","ast-hfb-above-header-display":"","ast-hfb-below-header-display":"","ast-hfb-mobile-header-display":"","site-post-title":"","ast-breadcrumbs-content":"","ast-featured-img":"","footer-sml-layout":"","ast-disable-related-posts":"","theme-transparent-header-meta":"","adv-header-id-meta":"","stick-header-meta":"","header-above-stick-meta":"","header-main-stick-meta":"","header-below-stick-meta":"","astra-migrate-meta-layouts":"default","ast-page-background-enabled":"default","ast-page-background-meta":{"desktop":{"background-color":"","background-image":"","background-repeat":"repeat","background-position":"center center","background-size":"auto","background-attachment":"scroll","background-type":"","background-media":"","overlay-type":"","overlay-color":"","overlay-opacity":"","overlay-gradient":""},"tablet":{"background-color":"","background-image":"","background-repeat":"repeat","background-position":"center center","background-size":"auto","background-attachment":"scroll","background-type":"","background-media":"","overlay-type":"","overlay-color":"","overlay-opacity":"","overlay-gradient":""},"mobile":{"background-color":"","background-image":"","background-repeat":"repeat","background-position":"center center","background-size":"auto","background-attachment":"scroll","background-type":"","background-media":"","overlay-type":"","overlay-color":"","overlay-opacity":"","overlay-gradient":""}},"ast-content-background-meta":{"desktop":{"background-color":"var(--ast-global-color-5)","background-image":"","background-repeat":"repeat","background-position":"center center","background-size":"auto","background-attachment":"scroll","background-type":"","background-media":"","overlay-type":"","overlay-color":"","overlay-opacity":"","overlay-gradient":""},"tablet":{"background-color":"var(--ast-global-color-5)","background-image":"","background-repeat":"repeat","background-position":"center center","background-size":"auto","background-attachment":"scroll","background-type":"","background-media":"","overlay-type":"","overlay-color":"","overlay-opacity":"","overlay-gradient":""},"mobile":{"background-color":"var(--ast-global-color-5)","background-image":"","background-repeat":"repeat","background-position":"center center","background-size":"auto","background-attachment":"scroll","background-type":"","background-media":"","overlay-type":"","overlay-color":"","overlay-opacity":"","overlay-gradient":""}}},"product_brand":[],"product_cat":[45,49],"product_tag":[],"class_list":{"0":"post-6609","1":"product","2":"type-product","3":"status-publish","4":"has-post-thumbnail","6":"product_cat-detalles-para-bodas-y-eventos","7":"product_cat-regalos-originales","8":"desktop-align-center","9":"tablet-align-left","10":"mobile-align-center","11":"ast-product-gallery-layout-horizontal","12":"ast-magnify-disabled","13":"ast-product-tabs-layout-horizontal","14":"tm-has-options","16":"first","17":"instock","18":"taxable","19":"shipping-taxable","20":"purchasable","21":"product-type-simple"},"_links":{"self":[{"href":"https:\/\/kiemmi.com\/de\/wp-json\/wp\/v2\/product\/6609","targetHints":{"allow":["GET"]}}],"collection":[{"href":"https:\/\/kiemmi.com\/de\/wp-json\/wp\/v2\/product"}],"about":[{"href":"https:\/\/kiemmi.com\/de\/wp-json\/wp\/v2\/types\/product"}],"version-history":[{"count":0,"href":"https:\/\/kiemmi.com\/de\/wp-json\/wp\/v2\/product\/6609\/revisions"}],"wp:featuredmedia":[{"embeddable":true,"href":"https:\/\/kiemmi.com\/de\/wp-json\/wp\/v2\/media\/6630"}],"wp:attachment":[{"href":"https:\/\/kiemmi.com\/de\/wp-json\/wp\/v2\/media?parent=6609"}],"wp:term":[{"taxonomy":"product_brand","embeddable":true,"href":"https:\/\/kiemmi.com\/de\/wp-json\/wp\/v2\/product_brand?post=6609"},{"taxonomy":"product_cat","embeddable":true,"href":"https:\/\/kiemmi.com\/de\/wp-json\/wp\/v2\/product_cat?post=6609"},{"taxonomy":"product_tag","embeddable":true,"href":"https:\/\/kiemmi.com\/de\/wp-json\/wp\/v2\/product_tag?post=6609"}],"curies":[{"name":"wp","href":"https:\/\/api.w.org\/{rel}","templated":true}]}}