{"id":5650,"date":"2023-05-16T20:41:58","date_gmt":"2023-05-16T20:41:58","guid":{"rendered":"https:\/\/kiemmi.com\/?post_type=product&#038;p=5650"},"modified":"2026-02-15T12:42:37","modified_gmt":"2026-02-15T12:42:37","slug":"anpassbare-schmuckschatulle-aus-holz","status":"publish","type":"product","link":"https:\/\/kiemmi.com\/de\/shop\/cajas-de-madera-personalizadas\/joyero-de-madera-personalizable\/","title":{"rendered":"Personalisierte herzf\u00f6rmige Schmuckschatulle aus massivem Kiefernholz"},"content":{"rendered":"<p>Entdecken Sie die W\u00e4rme und Eleganz von Naturholz mit dieser exklusiven herzf\u00f6rmigen Schmuckschatulle, die aus massivem Kiefernholz handgefertigt wurde und dazu dient, Ihre wertvollsten Schmuckst\u00fccke und Erinnerungen aufzubewahren.<\/p>\n<p>Jedes Schmuckst\u00fcck wird in unserer Werkstatt sorgf\u00e4ltig auf Bestellung gefertigt. Dabei verbinden wir hochpr\u00e4zise Laserschneid- und Gravurtechniken mit einer handgefertigten Oberfl\u00e4chenbehandlung, die die nat\u00fcrliche Sch\u00f6nheit des Holzes hervorhebt. Die nat\u00fcrliche Maserung des Kiefernholzes macht jede Schmuckschatulle zu einem einzigartigen Unikat mit ganz eigenem Charakter.<\/p>\n<p>Das herzf\u00f6rmige Design symbolisiert Zuneigung und besondere Momente und macht es zum idealen Geschenk f\u00fcr Jubil\u00e4en, Geburtstage, Hochzeiten oder jeden anderen besonderen Anlass. Der Deckel kann zudem mit einem Namen oder einer pers\u00f6nlichen Botschaft versehen werden, wodurch ein bleibendes und bedeutungsvolles Erinnerungsst\u00fcck entsteht.<\/p>\n<p>Das integrierte Magnetverschlusssystem, bestehend aus drei versteckten Neodym-Magneten, h\u00e4lt den Deckel perfekt ausgerichtet und gew\u00e4hrleistet einen festen und eleganten Verschluss ohne sichtbare Scharniere, was f\u00fcr ein klares und modernes Design sorgt.<\/p>\n<p>Sie k\u00f6nnen entscheiden, ob Sie einen Spiegel einbauen oder die Oberfl\u00e4che komplett in Naturholz belassen und sie so Ihrem pers\u00f6nlichen Stil anpassen m\u00f6chten.<\/p>\n<p>Mehr als nur eine Schmuckschatulle \u2013 sie ist ein dekoratives St\u00fcck, das Sie jahrelang begleiten und das beherbergen soll, was wirklich z\u00e4hlt.<\/p>\n<p>\u2728 Funktionen:<\/p>\n<ul>\n<li>Hergestellt aus massivem, nat\u00fcrlichem Kiefernholz<\/li>\n<li>Elegantes herzf\u00f6rmiges Design<\/li>\n<li>Verdeckter Magnetverschluss mit 3 Neodym-Magneten<\/li>\n<li>Hochpr\u00e4zise Lasergravur<\/li>\n<li>Optionale Personalisierung mit Namen oder Nachricht<\/li>\n<li>Option mit Innenspiegel oder Naturfinish<\/li>\n<li>Handgefertigt auf Bestellung<\/li>\n<\/ul>\n<p>\ud83d\udcd0 Abmessungen:<\/p>\n<ul>\n<li>Breite: 11,5 cm<\/li>\n<li>H\u00f6he: 10 cm<\/li>\n<li>Dicke: 2,4 cm<\/li>\n<\/ul>\n<p>\ud83d\udce6 Zus\u00e4tzliche Informationen:<\/p>\n<p>Jede Schmuckschatulle wird nach Bestelleingang individuell gefertigt, wodurch ein Unikat garantiert wird.<br \/>\nDer auf den Bildern gezeigte Schmuck ist nicht im Lieferumfang enthalten.<\/p>","protected":false},"excerpt":{"rendered":"<p>Elegante, herzf\u00f6rmige Schmuckschatulle aus massivem Kiefernholz. Personalisieren Sie sie mit einem Namen oder einer Botschaft. Sie verf\u00fcgt \u00fcber einen verdeckten Magnetverschluss mit Neodym-Magneten. Ein einzigartiges und bedeutungsvolles Geschenk f\u00fcr besondere Anl\u00e4sse.<\/p>","protected":false},"featured_media":52863,"template":"","meta":{"_seopress_robots_primary_cat":"38","_seopress_titles_title":"Joyero coraz\u00f3n personalizado de madera maciza de pino con cierre magn\u00e9tico","_seopress_titles_desc":"Joyero en forma de coraz\u00f3n fabricado en madera maciza de pino, personalizado y hecho a mano. Con cierre magn\u00e9tico oculto y dise\u00f1o elegante, ideal como regalo especial o recuerdo \u00fanico.","_seopress_robots_index":"","_seopress_analysis_target_kw":"","site-sidebar-layout":"default","site-content-layout":"","ast-site-content-layout":"default","site-content-style":"default","site-sidebar-style":"default","ast-global-header-display":"","ast-banner-title-visibility":"","ast-main-header-display":"","ast-hfb-above-header-display":"","ast-hfb-below-header-display":"","ast-hfb-mobile-header-display":"","site-post-title":"","ast-breadcrumbs-content":"","ast-featured-img":"","footer-sml-layout":"","ast-disable-related-posts":"","theme-transparent-header-meta":"default","adv-header-id-meta":"","stick-header-meta":"default","header-above-stick-meta":"","header-main-stick-meta":"","header-below-stick-meta":"","astra-migrate-meta-layouts":"set","ast-page-background-enabled":"default","ast-page-background-meta":{"desktop":{"background-color":"","background-image":"","background-repeat":"repeat","background-position":"center center","background-size":"auto","background-attachment":"scroll","background-type":"","background-media":"","overlay-type":"","overlay-color":"","overlay-opacity":"","overlay-gradient":""},"tablet":{"background-color":"","background-image":"","background-repeat":"repeat","background-position":"center center","background-size":"auto","background-attachment":"scroll","background-type":"","background-media":"","overlay-type":"","overlay-color":"","overlay-opacity":"","overlay-gradient":""},"mobile":{"background-color":"","background-image":"","background-repeat":"repeat","background-position":"center center","background-size":"auto","background-attachment":"scroll","background-type":"","background-media":"","overlay-type":"","overlay-color":"","overlay-opacity":"","overlay-gradient":""}},"ast-content-background-meta":{"desktop":{"background-color":"var(--ast-global-color-5)","background-image":"","background-repeat":"repeat","background-position":"center center","background-size":"auto","background-attachment":"scroll","background-type":"","background-media":"","overlay-type":"","overlay-color":"","overlay-opacity":"","overlay-gradient":""},"tablet":{"background-color":"var(--ast-global-color-5)","background-image":"","background-repeat":"repeat","background-position":"center center","background-size":"auto","background-attachment":"scroll","background-type":"","background-media":"","overlay-type":"","overlay-color":"","overlay-opacity":"","overlay-gradient":""},"mobile":{"background-color":"var(--ast-global-color-5)","background-image":"","background-repeat":"repeat","background-position":"center center","background-size":"auto","background-attachment":"scroll","background-type":"","background-media":"","overlay-type":"","overlay-color":"","overlay-opacity":"","overlay-gradient":""}}},"product_brand":[],"product_cat":[38,49],"product_tag":[],"class_list":{"0":"post-5650","1":"product","2":"type-product","3":"status-publish","4":"has-post-thumbnail","6":"product_cat-cajas-de-madera-personalizadas","7":"product_cat-regalos-originales","8":"desktop-align-center","9":"tablet-align-left","10":"mobile-align-center","11":"ast-product-gallery-layout-horizontal","12":"ast-magnify-disabled","13":"ast-product-tabs-layout-horizontal","14":"tm-has-options","16":"first","17":"instock","18":"taxable","19":"shipping-taxable","20":"purchasable","21":"product-type-simple"},"_links":{"self":[{"href":"https:\/\/kiemmi.com\/de\/wp-json\/wp\/v2\/product\/5650","targetHints":{"allow":["GET"]}}],"collection":[{"href":"https:\/\/kiemmi.com\/de\/wp-json\/wp\/v2\/product"}],"about":[{"href":"https:\/\/kiemmi.com\/de\/wp-json\/wp\/v2\/types\/product"}],"version-history":[{"count":0,"href":"https:\/\/kiemmi.com\/de\/wp-json\/wp\/v2\/product\/5650\/revisions"}],"wp:featuredmedia":[{"embeddable":true,"href":"https:\/\/kiemmi.com\/de\/wp-json\/wp\/v2\/media\/52863"}],"wp:attachment":[{"href":"https:\/\/kiemmi.com\/de\/wp-json\/wp\/v2\/media?parent=5650"}],"wp:term":[{"taxonomy":"product_brand","embeddable":true,"href":"https:\/\/kiemmi.com\/de\/wp-json\/wp\/v2\/product_brand?post=5650"},{"taxonomy":"product_cat","embeddable":true,"href":"https:\/\/kiemmi.com\/de\/wp-json\/wp\/v2\/product_cat?post=5650"},{"taxonomy":"product_tag","embeddable":true,"href":"https:\/\/kiemmi.com\/de\/wp-json\/wp\/v2\/product_tag?post=5650"}],"curies":[{"name":"wp","href":"https:\/\/api.w.org\/{rel}","templated":true}]}}