{"id":5213,"date":"2023-02-28T14:37:41","date_gmt":"2023-02-28T14:37:41","guid":{"rendered":"https:\/\/kiemmi.com\/?post_type=product&#038;p=5213"},"modified":"2023-10-07T20:35:47","modified_gmt":"2023-10-07T20:35:47","slug":"personalisiertes-holzmedaillon","status":"publish","type":"product","link":"https:\/\/kiemmi.com\/de\/shop\/decoracion-del-hogar\/habitacion-de-bebe\/medallon-de-madera-personalizado\/","title":{"rendered":"Personalisiertes Holzmedaillon"},"content":{"rendered":"<p>Suchen Sie nach der perfekten M\u00f6glichkeit, dem Zimmer Ihres Babys eine besondere und pers\u00f6nliche Note zu verleihen? Unser personalisiertes Holzmedaillon ist die ideale Wahl. Dieses bezaubernde Medaillon, pr\u00e4zise per Laserschnitt handgefertigt, wird zu einem einzigartigen Schmuckst\u00fcck, das besondere Momente im Leben Ihrer Familie markieren wird.<\/p>\n<p><strong>Besondere Merkmale:<\/strong><\/p>\n<ul>\n<li><strong>Hochwertiges Naturholz:<\/strong> Jedes Medaillon ist sorgf\u00e4ltig aus Naturholz gefertigt und sorgt f\u00fcr rustikale, authentische Sch\u00f6nheit in jedem St\u00fcck.<\/li>\n<li><strong>Personalisierung nach Ihren W\u00fcnschen:<\/strong> Dank der hochpr\u00e4zisen Lasergravur-Technologie k\u00f6nnen Sie dieses Medaillon mit dem Namen Ihres Babys, Ihres Kindes oder der geliebten Person, die Sie m\u00f6chten, personalisieren. Der erste erhabene Buchstabe, entweder aus Naturholz oder in einer Farbe Ihrer Wahl, verleiht ihm eine unverwechselbare und elegante Note.<\/li>\n<li><strong>Perfekt zum Dekorieren:<\/strong> Dieses Medaillon ist das perfekte St\u00fcck f\u00fcr die Zimmerdekoration Ihres Babys. Verleiht einen Hauch von W\u00e4rme und Pers\u00f6nlichkeit und schafft gleichzeitig eine gem\u00fctliche und einzigartige Atmosph\u00e4re.<\/li>\n<li><strong>Das perfekte Geschenk:<\/strong> Es eignet sich nicht nur hervorragend f\u00fcr Ihr Zuhause, sondern ist auch ein perfektes Geschenk f\u00fcr Babypartys oder andere besondere Anl\u00e4sse. \u00dcberraschen Sie Ihre Lieben mit einem Geschenk, das sie ein Leben lang sch\u00e4tzen werden.<\/li>\n<li><strong>Mit Liebe gemacht:<\/strong> Jedes Medaillon wird mit Liebe und Sorgfalt hergestellt und jedes Detail wird \u00fcberpr\u00fcft, um maximale Qualit\u00e4t und Haltbarkeit zu gew\u00e4hrleisten.<\/li>\n<\/ul>\n<p>Verwandeln Sie jeden Raum mit unserem personalisierten Holzmedaillon in etwas Besonderes. Ein Hauch von Eleganz und Liebe, der im Zimmer Ihres Babys jahrelang anhalten wird.<\/p>\n<p><strong>Ma\u00dfe:<\/strong><\/p>\n<ul>\n<li><strong>Durchmesser:<\/strong> 12cm.<\/li>\n<\/ul>","protected":false},"excerpt":{"rendered":"<p>Entdecken Sie unser personalisiertes Holzmedaillon, ein handgefertigtes Schmuckst\u00fcck mit Laserschnitt und hochwertigem Naturholz. Personalisieren Sie es mit dem Namen Ihres Babys oder geliebten Menschen, wobei der Anfangsbuchstabe in nat\u00fcrliches oder farbiges Holz gepr\u00e4gt ist und so eine unverwechselbare und elegante Note schafft. Dieses Medaillon eignet sich perfekt zur Dekoration des Zimmers Ihres Babys und ist ein unvergessliches Geschenk zu besonderen Anl\u00e4ssen. Jedes St\u00fcck wird mit Sorgfalt und Liebe hergestellt, um Qualit\u00e4t und Langlebigkeit zu gew\u00e4hrleisten. Verwandeln Sie Ihren Raum noch heute mit dieser einzigartigen und bedeutungsvollen Note.<\/p>\n<p><strong>Durchmesser:<\/strong> 12cm.<\/p>","protected":false},"featured_media":5214,"template":"","meta":{"_seopress_robots_primary_cat":"52","_seopress_titles_title":"Medallon de madera personalizable con el nombre de tus hijos","_seopress_titles_desc":"Medallon de madera personalizado con tu nombre o el nombre de tus hijos.Ideal para la decoraci\u00f3n de la habitaci\u00f3n.Producto hecho a mano en Espa\u00f1a.","_seopress_robots_index":"","_seopress_analysis_target_kw":"","site-sidebar-layout":"default","site-content-layout":"","ast-site-content-layout":"default","site-content-style":"default","site-sidebar-style":"default","ast-global-header-display":"","ast-banner-title-visibility":"","ast-main-header-display":"","ast-hfb-above-header-display":"","ast-hfb-below-header-display":"","ast-hfb-mobile-header-display":"","site-post-title":"","ast-breadcrumbs-content":"","ast-featured-img":"","footer-sml-layout":"","ast-disable-related-posts":"","theme-transparent-header-meta":"","adv-header-id-meta":"","stick-header-meta":"","header-above-stick-meta":"","header-main-stick-meta":"","header-below-stick-meta":"","astra-migrate-meta-layouts":"default","ast-page-background-enabled":"default","ast-page-background-meta":{"desktop":{"background-color":"","background-image":"","background-repeat":"repeat","background-position":"center center","background-size":"auto","background-attachment":"scroll","background-type":"","background-media":"","overlay-type":"","overlay-color":"","overlay-opacity":"","overlay-gradient":""},"tablet":{"background-color":"","background-image":"","background-repeat":"repeat","background-position":"center center","background-size":"auto","background-attachment":"scroll","background-type":"","background-media":"","overlay-type":"","overlay-color":"","overlay-opacity":"","overlay-gradient":""},"mobile":{"background-color":"","background-image":"","background-repeat":"repeat","background-position":"center center","background-size":"auto","background-attachment":"scroll","background-type":"","background-media":"","overlay-type":"","overlay-color":"","overlay-opacity":"","overlay-gradient":""}},"ast-content-background-meta":{"desktop":{"background-color":"var(--ast-global-color-5)","background-image":"","background-repeat":"repeat","background-position":"center center","background-size":"auto","background-attachment":"scroll","background-type":"","background-media":"","overlay-type":"","overlay-color":"","overlay-opacity":"","overlay-gradient":""},"tablet":{"background-color":"var(--ast-global-color-5)","background-image":"","background-repeat":"repeat","background-position":"center center","background-size":"auto","background-attachment":"scroll","background-type":"","background-media":"","overlay-type":"","overlay-color":"","overlay-opacity":"","overlay-gradient":""},"mobile":{"background-color":"var(--ast-global-color-5)","background-image":"","background-repeat":"repeat","background-position":"center center","background-size":"auto","background-attachment":"scroll","background-type":"","background-media":"","overlay-type":"","overlay-color":"","overlay-opacity":"","overlay-gradient":""}}},"product_brand":[],"product_cat":[51,52,49],"product_tag":[],"class_list":{"0":"post-5213","1":"product","2":"type-product","3":"status-publish","4":"has-post-thumbnail","6":"product_cat-decoracion-del-hogar","7":"product_cat-habitacion-de-bebe","8":"product_cat-regalos-originales","9":"desktop-align-center","10":"tablet-align-left","11":"mobile-align-center","12":"ast-product-gallery-layout-horizontal","13":"ast-magnify-disabled","14":"ast-product-tabs-layout-horizontal","15":"tm-has-options","17":"first","18":"instock","19":"taxable","20":"shipping-taxable","21":"purchasable","22":"product-type-simple"},"_links":{"self":[{"href":"https:\/\/kiemmi.com\/de\/wp-json\/wp\/v2\/product\/5213","targetHints":{"allow":["GET"]}}],"collection":[{"href":"https:\/\/kiemmi.com\/de\/wp-json\/wp\/v2\/product"}],"about":[{"href":"https:\/\/kiemmi.com\/de\/wp-json\/wp\/v2\/types\/product"}],"version-history":[{"count":0,"href":"https:\/\/kiemmi.com\/de\/wp-json\/wp\/v2\/product\/5213\/revisions"}],"wp:featuredmedia":[{"embeddable":true,"href":"https:\/\/kiemmi.com\/de\/wp-json\/wp\/v2\/media\/5214"}],"wp:attachment":[{"href":"https:\/\/kiemmi.com\/de\/wp-json\/wp\/v2\/media?parent=5213"}],"wp:term":[{"taxonomy":"product_brand","embeddable":true,"href":"https:\/\/kiemmi.com\/de\/wp-json\/wp\/v2\/product_brand?post=5213"},{"taxonomy":"product_cat","embeddable":true,"href":"https:\/\/kiemmi.com\/de\/wp-json\/wp\/v2\/product_cat?post=5213"},{"taxonomy":"product_tag","embeddable":true,"href":"https:\/\/kiemmi.com\/de\/wp-json\/wp\/v2\/product_tag?post=5213"}],"curies":[{"name":"wp","href":"https:\/\/api.w.org\/{rel}","templated":true}]}}