{"id":37773,"date":"2025-12-14T16:49:50","date_gmt":"2025-12-14T16:49:50","guid":{"rendered":"https:\/\/kiemmi.com\/?post_type=product&#038;p=37773"},"modified":"2025-12-26T14:53:09","modified_gmt":"2025-12-26T14:53:09","slug":"lesezeichen-aus-holz-internationale-versammlung-2026-und-sie-lebten-glucklich-bis-an-ihr-lebensende-zeugen-jehovas","status":"publish","type":"product","link":"https:\/\/kiemmi.com\/de\/shop\/jw\/asambleas-internacionales-2026-jw\/marcapaginas-de-madera-asamblea-international-2026-felices-para-siempre-jw\/","title":{"rendered":"Lesezeichen aus Holz \u2013 Internationale Versammlung 2026 \u00abUnd sie lebten gl\u00fccklich bis an ihr Lebensende\u00bb \u2013 Zeugen Jehovas"},"content":{"rendered":"<p>Dieses h\u00f6lzerne Lesezeichen wurde als besonderes Erinnerungsst\u00fcck angefertigt. <strong>Internationale Versammlung der Zeugen Jehovas 2026<\/strong>, deren biblisches Thema \u201c<strong>Ewiges Gl\u00fcck<\/strong>\u201dEs unterstreicht die Hoffnung auf dauerhaftes Gl\u00fcck, das auf Jehovas Verhei\u00dfungen beruht.\u201c.<\/p>\n<p>Das Design integriert das offizielle Logo der Gemeinde, das in Vollfarbe auf Naturholz gedruckt ist, und bietet so ein harmonisches und edles Erscheinungsbild. Dank seines leichten und eleganten Formats eignet es sich ideal als Erg\u00e4nzung zur t\u00e4glichen Bibellekt\u00fcre und anderen spirituellen Publikationen und h\u00e4lt die Botschaft der Gemeinde in jedem Moment des Studiums pr\u00e4sent.<\/p>\n<p>Das Lesezeichen erm\u00f6glicht die Personalisierung mit farbigem Druck, beispielsweise mit einem Namen, Datum oder einer kurzen Nachricht, die sich nahtlos in das Design einf\u00fcgt. Jedes Lesezeichen wird au\u00dferdem mit einer dekorativen Quaste in verschiedenen Farben geliefert, die jedem St\u00fcck eine besondere Note verleiht.<\/p>\n<p><strong>Produkteigenschaften:<\/strong><\/p>\n<p style=\"padding-left: 40px;\">\ud83d\udccf <strong>Ma\u00dfe:<\/strong> 14 cm hoch \u00d7 3,7 cm breit \u00d7 1 mm dick<br \/>\n\ud83c\udf33 <strong>Naturholz:<\/strong> Leichtes, strapazierf\u00e4higes und angenehm anzufassendes Material<br \/>\n\ud83c\udfa8 <strong>Vollfarbdruck:<\/strong> Offizielles Logo der Internationalen Versammlung 2026 in hervorragender Klarheit<br \/>\n\u270d\ufe0f <strong>Gedruckte Personalisierung:<\/strong> Individueller Text im Vollfarbdruck<br \/>\n\ud83c\udf80 <strong>Dekorative Quaste:<\/strong> Inklusive Quaste in zuf\u00e4lligen Farben<br \/>\n\ud83d\udc50 <strong>Handgefertigt:<\/strong> Jedes Lesezeichen wird von Hand gefertigt, wobei auf jedes Detail geachtet wird.<br \/>\n\ud83d\udcda <strong>Praktische Anwendung:<\/strong> Ideal zum Markieren von Seiten in der Bibel, B\u00fcchern oder Studienmaterialien<br \/>\n\ud83c\udf81 <strong>Eine Erinnerung mit spiritueller Bedeutung:<\/strong> Ein besonderes Geschenk f\u00fcr Br\u00fcder und Schwestern, die an der Versammlung teilnehmen.<\/p>\n<p>Dieses h\u00f6lzerne Lesezeichen erinnert t\u00e4glich an die Botschaft \u201c<strong>Ewiges Gl\u00fcck<\/strong>\u201dentworfen, um Momente des Lesens, der Besinnung und des spirituellen Studiums zu begleiten.\u201c.<\/p>\n<p>Ein schlichtes, funktionales und bedeutungsvolles Souvenir.<\/p>","protected":false},"excerpt":{"rendered":"<p>Lesezeichen aus Holz zum Gedenken an <strong>Internationale Versammlung der Zeugen Jehovas 2026<\/strong>, deren Thema ist \u201c<strong>Ewiges Gl\u00fcck<\/strong>\u201d. Es enth\u00e4lt das offizielle Logo und die M\u00f6glichkeit, einen personalisierten Text per Vollfarbdruck hinzuzuf\u00fcgen. Ein leichtes und bedeutungsvolles Erinnerungsst\u00fcck, das die t\u00e4gliche Lekt\u00fcre begleitet und die spirituelle Botschaft der Versammlung stets pr\u00e4sent h\u00e4lt.<\/p>","protected":false},"featured_media":37753,"template":"","meta":{"_seopress_robots_primary_cat":"none","_seopress_titles_title":"Marcap\u00e1ginas personalizado para Asamblea Especial 2025 \"Adoraci\u00f3n Pura\"","_seopress_titles_desc":"Descubre el marcap\u00e1ginas de madera de la Asamblea Especial 2025 \"Adoraci\u00f3n Pura\": elegante, personalizable, hecho a mano y con impresi\u00f3n a color del logo oficial. \u00a1Perfecto para regalar!","_seopress_robots_index":"","site-sidebar-layout":"default","site-content-layout":"","ast-site-content-layout":"default","site-content-style":"default","site-sidebar-style":"default","ast-global-header-display":"","ast-banner-title-visibility":"","ast-main-header-display":"","ast-hfb-above-header-display":"","ast-hfb-below-header-display":"","ast-hfb-mobile-header-display":"","site-post-title":"","ast-breadcrumbs-content":"","ast-featured-img":"","footer-sml-layout":"","ast-disable-related-posts":"","theme-transparent-header-meta":"default","adv-header-id-meta":"","stick-header-meta":"default","header-above-stick-meta":"","header-main-stick-meta":"","header-below-stick-meta":"","astra-migrate-meta-layouts":"set","ast-page-background-enabled":"default","ast-page-background-meta":{"desktop":{"background-color":"","background-image":"","background-repeat":"repeat","background-position":"center center","background-size":"auto","background-attachment":"scroll","background-type":"","background-media":"","overlay-type":"","overlay-color":"","overlay-opacity":"","overlay-gradient":""},"tablet":{"background-color":"","background-image":"","background-repeat":"repeat","background-position":"center center","background-size":"auto","background-attachment":"scroll","background-type":"","background-media":"","overlay-type":"","overlay-color":"","overlay-opacity":"","overlay-gradient":""},"mobile":{"background-color":"","background-image":"","background-repeat":"repeat","background-position":"center center","background-size":"auto","background-attachment":"scroll","background-type":"","background-media":"","overlay-type":"","overlay-color":"","overlay-opacity":"","overlay-gradient":""}},"ast-content-background-meta":{"desktop":{"background-color":"var(--ast-global-color-5)","background-image":"","background-repeat":"repeat","background-position":"center center","background-size":"auto","background-attachment":"scroll","background-type":"","background-media":"","overlay-type":"","overlay-color":"","overlay-opacity":"","overlay-gradient":""},"tablet":{"background-color":"var(--ast-global-color-5)","background-image":"","background-repeat":"repeat","background-position":"center center","background-size":"auto","background-attachment":"scroll","background-type":"","background-media":"","overlay-type":"","overlay-color":"","overlay-opacity":"","overlay-gradient":""},"mobile":{"background-color":"var(--ast-global-color-5)","background-image":"","background-repeat":"repeat","background-position":"center center","background-size":"auto","background-attachment":"scroll","background-type":"","background-media":"","overlay-type":"","overlay-color":"","overlay-opacity":"","overlay-gradient":""}}},"product_brand":[103],"product_cat":[105,62,100],"product_tag":[],"class_list":{"0":"post-37773","1":"product","2":"type-product","3":"status-publish","4":"has-post-thumbnail","6":"product_brand-kiemmi-creations","7":"product_cat-asambleas-internacionales-2026-jw","8":"product_cat-jw","9":"product_cat-marcapaginas-jw","10":"desktop-align-center","11":"tablet-align-left","12":"mobile-align-center","13":"ast-product-gallery-layout-horizontal","14":"ast-magnify-disabled","15":"ast-product-tabs-layout-horizontal","16":"tm-has-options","18":"first","19":"instock","20":"taxable","21":"shipping-taxable","22":"purchasable","23":"product-type-simple"},"_links":{"self":[{"href":"https:\/\/kiemmi.com\/de\/wp-json\/wp\/v2\/product\/37773","targetHints":{"allow":["GET"]}}],"collection":[{"href":"https:\/\/kiemmi.com\/de\/wp-json\/wp\/v2\/product"}],"about":[{"href":"https:\/\/kiemmi.com\/de\/wp-json\/wp\/v2\/types\/product"}],"version-history":[{"count":1,"href":"https:\/\/kiemmi.com\/de\/wp-json\/wp\/v2\/product\/37773\/revisions"}],"predecessor-version":[{"id":67210,"href":"https:\/\/kiemmi.com\/de\/wp-json\/wp\/v2\/product\/37773\/revisions\/67210"}],"wp:featuredmedia":[{"embeddable":true,"href":"https:\/\/kiemmi.com\/de\/wp-json\/wp\/v2\/media\/37753"}],"wp:attachment":[{"href":"https:\/\/kiemmi.com\/de\/wp-json\/wp\/v2\/media?parent=37773"}],"wp:term":[{"taxonomy":"product_brand","embeddable":true,"href":"https:\/\/kiemmi.com\/de\/wp-json\/wp\/v2\/product_brand?post=37773"},{"taxonomy":"product_cat","embeddable":true,"href":"https:\/\/kiemmi.com\/de\/wp-json\/wp\/v2\/product_cat?post=37773"},{"taxonomy":"product_tag","embeddable":true,"href":"https:\/\/kiemmi.com\/de\/wp-json\/wp\/v2\/product_tag?post=37773"}],"curies":[{"name":"wp","href":"https:\/\/api.w.org\/{rel}","templated":true}]}}