{"id":3750,"date":"2022-03-06T12:43:57","date_gmt":"2022-03-06T12:43:57","guid":{"rendered":"https:\/\/kiemmi.com\/?post_type=product&#038;p=3750"},"modified":"2025-12-09T11:26:36","modified_gmt":"2025-12-09T11:26:36","slug":"personalisierte-holzvisitenkarten","status":"publish","type":"product","link":"https:\/\/kiemmi.com\/de\/shop\/tarjetas-de-madera\/tarjetas-de-visita-de-madera-personalizadas\/","title":{"rendered":"Kundenspezifische h\u00f6lzerne Visitenkarten"},"content":{"rendered":"<p>Personalisierte Visitenkarten aus Holz \u2013 einfach, elegant, umweltfreundlich und einzigartig.<br \/>\nEinseitig gravierte, 8 cm x 5 cm gro\u00dfe, 2 mm dicke Sperrholz-Visitenkarten mit eckigen oder abgerundeten Kanten, auf denen Ihr Logo und Informationen eingraviert sind.<br \/>\nAuf Anfrage sind auch andere Gr\u00f6\u00dfen erh\u00e4ltlich.<br \/>\nSenden Sie uns Ihr Firmenlogo per E-Mail und wir bereiten vor Produktionsbeginn eine Designmontage f\u00fcr Sie vor.<br \/>\nUnsere Produkte sind \u00f6kologisch und 100% made in Spain!<\/p>\n<p><strong>Ma\u00dfe:<\/strong><\/p>\n<ul>\n<li style=\"text-align: left;\">Breite: 8 cm<\/li>\n<li style=\"text-align: left;\">H\u00f6he: 5cm<\/li>\n<li style=\"text-align: left;\">Dicke: 2mm<\/li>\n<\/ul>\n<p><strong>Material:<\/strong><\/p>\n<ul>\n<li>Sperrholz<\/li>\n<\/ul>","protected":false},"excerpt":{"rendered":"<p>Personalisierte Visitenkarten aus Holz \u2013 einfach, elegant, umweltfreundlich und einzigartig.<br \/>\nEinseitig gravierte, 8 cm x 5 cm gro\u00dfe, 2 mm dicke Sperrholz-Visitenkarten mit eckigen oder abgerundeten Kanten, auf denen Ihr Logo und Informationen eingraviert sind.<br \/>\nAuf Anfrage sind auch andere Gr\u00f6\u00dfen erh\u00e4ltlich.<\/p>","protected":false},"featured_media":4147,"template":"","meta":{"_seopress_robots_primary_cat":"42","_seopress_titles_title":"Tarjetas de Visita de Madera: Elegancia Ecol\u00f3gica Personalizada","_seopress_titles_desc":"Destaca con tarjetas de visita de madera ecol\u00f3gicas y \u00fanicas. Grabado y dise\u00f1o personalizado disponible. 100% hechas en Espa\u00f1a.","_seopress_robots_index":"","_seopress_analysis_target_kw":"Tarjetas de visitas de madera","site-sidebar-layout":"default","site-content-layout":"","ast-site-content-layout":"default","site-content-style":"default","site-sidebar-style":"default","ast-global-header-display":"","ast-banner-title-visibility":"","ast-main-header-display":"","ast-hfb-above-header-display":"","ast-hfb-below-header-display":"","ast-hfb-mobile-header-display":"","site-post-title":"","ast-breadcrumbs-content":"","ast-featured-img":"","footer-sml-layout":"","ast-disable-related-posts":"","theme-transparent-header-meta":"default","adv-header-id-meta":"","stick-header-meta":"default","header-above-stick-meta":"","header-main-stick-meta":"","header-below-stick-meta":"","astra-migrate-meta-layouts":"set","ast-page-background-enabled":"default","ast-page-background-meta":{"desktop":{"background-color":"","background-image":"","background-repeat":"repeat","background-position":"center center","background-size":"auto","background-attachment":"scroll","background-type":"","background-media":"","overlay-type":"","overlay-color":"","overlay-opacity":"","overlay-gradient":""},"tablet":{"background-color":"","background-image":"","background-repeat":"repeat","background-position":"center center","background-size":"auto","background-attachment":"scroll","background-type":"","background-media":"","overlay-type":"","overlay-color":"","overlay-opacity":"","overlay-gradient":""},"mobile":{"background-color":"","background-image":"","background-repeat":"repeat","background-position":"center center","background-size":"auto","background-attachment":"scroll","background-type":"","background-media":"","overlay-type":"","overlay-color":"","overlay-opacity":"","overlay-gradient":""}},"ast-content-background-meta":{"desktop":{"background-color":"var(--ast-global-color-5)","background-image":"","background-repeat":"repeat","background-position":"center center","background-size":"auto","background-attachment":"scroll","background-type":"","background-media":"","overlay-type":"","overlay-color":"","overlay-opacity":"","overlay-gradient":""},"tablet":{"background-color":"var(--ast-global-color-5)","background-image":"","background-repeat":"repeat","background-position":"center center","background-size":"auto","background-attachment":"scroll","background-type":"","background-media":"","overlay-type":"","overlay-color":"","overlay-opacity":"","overlay-gradient":""},"mobile":{"background-color":"var(--ast-global-color-5)","background-image":"","background-repeat":"repeat","background-position":"center center","background-size":"auto","background-attachment":"scroll","background-type":"","background-media":"","overlay-type":"","overlay-color":"","overlay-opacity":"","overlay-gradient":""}}},"product_brand":[],"product_cat":[42],"product_tag":[],"class_list":{"0":"post-3750","1":"product","2":"type-product","3":"status-publish","4":"has-post-thumbnail","6":"product_cat-tarjetas-de-madera","7":"desktop-align-center","8":"tablet-align-left","9":"mobile-align-center","10":"ast-product-gallery-layout-horizontal","11":"ast-magnify-disabled","12":"ast-product-tabs-layout-horizontal","13":"tm-has-options","15":"first","16":"instock","17":"taxable","18":"shipping-taxable","19":"purchasable","20":"product-type-simple"},"_links":{"self":[{"href":"https:\/\/kiemmi.com\/de\/wp-json\/wp\/v2\/product\/3750","targetHints":{"allow":["GET"]}}],"collection":[{"href":"https:\/\/kiemmi.com\/de\/wp-json\/wp\/v2\/product"}],"about":[{"href":"https:\/\/kiemmi.com\/de\/wp-json\/wp\/v2\/types\/product"}],"version-history":[{"count":0,"href":"https:\/\/kiemmi.com\/de\/wp-json\/wp\/v2\/product\/3750\/revisions"}],"wp:featuredmedia":[{"embeddable":true,"href":"https:\/\/kiemmi.com\/de\/wp-json\/wp\/v2\/media\/4147"}],"wp:attachment":[{"href":"https:\/\/kiemmi.com\/de\/wp-json\/wp\/v2\/media?parent=3750"}],"wp:term":[{"taxonomy":"product_brand","embeddable":true,"href":"https:\/\/kiemmi.com\/de\/wp-json\/wp\/v2\/product_brand?post=3750"},{"taxonomy":"product_cat","embeddable":true,"href":"https:\/\/kiemmi.com\/de\/wp-json\/wp\/v2\/product_cat?post=3750"},{"taxonomy":"product_tag","embeddable":true,"href":"https:\/\/kiemmi.com\/de\/wp-json\/wp\/v2\/product_tag?post=3750"}],"curies":[{"name":"wp","href":"https:\/\/api.w.org\/{rel}","templated":true}]}}