{"id":37494,"date":"2025-12-13T18:28:26","date_gmt":"2025-12-13T18:28:26","guid":{"rendered":"https:\/\/kiemmi.com\/?post_type=product&#038;p=37494"},"modified":"2026-03-09T07:07:52","modified_gmt":"2026-03-09T07:07:52","slug":"abzeichen-pins-internationale-versammlung-2026-und-sie-lebten-glucklich-bis-an-ihr-lebensende","status":"publish","type":"product","link":"https:\/\/kiemmi.com\/de\/shop\/jw\/asambleas-internacionales-2026-jw\/chapas-pins-asamblea-internacional-2026-felices-para-siempre\/","title":{"rendered":"Anstecknadeln \/ Pins Internationale Versammlung 2026 \u00abUnd sie lebten gl\u00fccklich bis an ihr Lebensende\u00bb"},"content":{"rendered":"<p>Feiern Sie dieses besondere Ereignis mit individuell gestalteten Anstecknadeln\/Pins, die vom offiziellen Logo der <strong>Internationale Versammlung 2026<\/strong>. Jedes St\u00fcck wird mit viel Liebe zum Detail gefertigt, sodass Sie eine einzigartige und bedeutungsvolle Erinnerung an diesen unvergesslichen Anlass erhalten.<\/p>\n<p><strong>\ud83c\udf81 Ein einzigartiges Erinnerungsst\u00fcck, speziell f\u00fcr dich angefertigt<\/strong><br \/>\nDiese Anstecknadel ist nicht nur ein Souvenir, sondern ein pers\u00f6nliches Erinnerungsst\u00fcck, das Sie individuell gestalten k\u00f6nnen. Sie eignet sich perfekt als Geschenk f\u00fcr Geschwister oder Freunde oder als besondere Erinnerung an die Veranstaltung, die Ihr Erlebnis so unvergesslich gemacht hat.<\/p>\n<p><strong>\ud83d\udd8a\ufe0f Individuelle Anpassung m\u00f6glich<\/strong><br \/>\nSie k\u00f6nnen Ihr Abzeichen\/Ihre Anstecknadel personalisieren mit:<\/p>\n<p style=\"padding-left: 40px;\">\ud83d\udccd Die Stadt der Versammlung<br \/>\n\u270d\ufe0f Name, Datum oder kurzer Gedenktext<br \/>\n\ud83c\udfa8 Verschiedene Ausf\u00fchrungsoptionen (je nach Verf\u00fcgbarkeit)<\/p>\n<p>Jedes Ger\u00e4t wird individuell angefertigt, wobei auf jedes Detail geachtet wird, um ein besonderes und exklusives Ergebnis zu gew\u00e4hrleisten.<\/p>\n<p><strong>\ud83c\udf0d Verf\u00fcgbar f\u00fcr die 19. Internationale Versammlung 2026<\/strong><\/p>\n<p style=\"padding-left: 40px;\">\ud83d\udd38 Douala (Kamerun)<br \/>\n\ud83d\udd38 Bukarest (Rum\u00e4nien)<br \/>\n\ud83d\udd38 Curitiba (Brasilien)<br \/>\n\ud83d\udd38 St. John&#039;s, Neufundland (Kanada)<br \/>\n\ud83d\udd38 Warschau (Polen)<br \/>\n\ud83d\udd38 Stockholm (Schweden)<br \/>\n\ud83d\udd38 Kaohsiung (Taiwan)<br \/>\n\ud83d\udd38 Panama-Stadt (Panama)<br \/>\n\ud83d\udd38 Porto (Portugal)<br \/>\n\ud83d\udd38 Calgary (Kanada)<br \/>\n\ud83d\udd38 Quito (Ecuador)<br \/>\n\ud83d\udd38 Vilnius (Litauen)<br \/>\n\ud83d\udd38 Hamburg (Deutschland)<br \/>\n\ud83d\udd38 Utrecht (Niederlande)<br \/>\n\ud83d\udd38 Johannesburg (S\u00fcdafrika)<br \/>\n\ud83d\udd38 Milwaukee (USA)<br \/>\n\ud83d\udd38 Manila (Philippinen)<br \/>\n\ud83d\udd38 San Diego (USA)<br \/>\n\ud83d\udd38 Bangkok (Thailand)<\/p>\n<p><strong>\ud83d\udccc Funktionen<\/strong><\/p>\n<p style=\"padding-left: 40px;\">\u2714\ufe0f Leicht und komfortabel f\u00fcr den t\u00e4glichen Gebrauch<br \/>\n\u2714\ufe0f Langlebiges und robustes Design<br \/>\n\u2714\ufe0f Mit Liebe zum Detail auf Bestellung gefertigt.<br \/>\n<span style=\"font-size: 16px;\">\u2714\ufe0f Klare und einfache Anpassung<\/span><\/p>\n<p>\u2728 Mach deine Erinnerung zu etwas ganz Besonderem<\/p>\n<p>Trage ein einzigartiges Symbol bei dir <strong>Internationale Versammlung 2026<\/strong>, speziell f\u00fcr Sie erstellt.<\/p>\n<p>\ud83d\udc49 Gestalte dein eigenes Exemplar und bewahre diese Erinnerung f\u00fcr immer.<\/p>","protected":false},"excerpt":{"rendered":"<p>Personalisierte Anstecknadel \/ Abzeichen \u2013 Internationale Versammlung 2026\u201c<strong>Ewiges Gl\u00fcck<\/strong>\u201d.<br \/>\nExklusives Souvenir, inspiriert von der Internationalen Generalversammlung 2026.<br \/>\nPersonalisierbare Anstecknadel oder Abzeichen mit dem Namen des Versammlungsortes und einem Gedenktext.<br \/>\nLeicht, bequem und auf Bestellung gefertigt, ideal als besonderes Geschenk oder bleibende Erinnerung an dieses einzigartige Ereignis.<\/p>","protected":false},"featured_media":37498,"template":"","meta":{"_seopress_robots_primary_cat":"none","_seopress_titles_title":"Chapas exclusivas para las Asambleas Especiales 2025 - Adoraci\u00f3n Pura","_seopress_titles_desc":"Haz memorable la Asamblea Especial 2025 \"Adoraci\u00f3n Pura\"  con chapas de madera personalizables con el logo de la asamblea. Dise\u00f1o circular y elegante.","_seopress_robots_index":"","site-sidebar-layout":"default","site-content-layout":"","ast-site-content-layout":"default","site-content-style":"default","site-sidebar-style":"default","ast-global-header-display":"","ast-banner-title-visibility":"","ast-main-header-display":"","ast-hfb-above-header-display":"","ast-hfb-below-header-display":"","ast-hfb-mobile-header-display":"","site-post-title":"","ast-breadcrumbs-content":"","ast-featured-img":"","footer-sml-layout":"","ast-disable-related-posts":"","theme-transparent-header-meta":"default","adv-header-id-meta":"","stick-header-meta":"default","header-above-stick-meta":"","header-main-stick-meta":"","header-below-stick-meta":"","astra-migrate-meta-layouts":"set","ast-page-background-enabled":"default","ast-page-background-meta":{"desktop":{"background-color":"","background-image":"","background-repeat":"repeat","background-position":"center center","background-size":"auto","background-attachment":"scroll","background-type":"","background-media":"","overlay-type":"","overlay-color":"","overlay-opacity":"","overlay-gradient":""},"tablet":{"background-color":"","background-image":"","background-repeat":"repeat","background-position":"center center","background-size":"auto","background-attachment":"scroll","background-type":"","background-media":"","overlay-type":"","overlay-color":"","overlay-opacity":"","overlay-gradient":""},"mobile":{"background-color":"","background-image":"","background-repeat":"repeat","background-position":"center center","background-size":"auto","background-attachment":"scroll","background-type":"","background-media":"","overlay-type":"","overlay-color":"","overlay-opacity":"","overlay-gradient":""}},"ast-content-background-meta":{"desktop":{"background-color":"var(--ast-global-color-5)","background-image":"","background-repeat":"repeat","background-position":"center center","background-size":"auto","background-attachment":"scroll","background-type":"","background-media":"","overlay-type":"","overlay-color":"","overlay-opacity":"","overlay-gradient":""},"tablet":{"background-color":"var(--ast-global-color-5)","background-image":"","background-repeat":"repeat","background-position":"center center","background-size":"auto","background-attachment":"scroll","background-type":"","background-media":"","overlay-type":"","overlay-color":"","overlay-opacity":"","overlay-gradient":""},"mobile":{"background-color":"var(--ast-global-color-5)","background-image":"","background-repeat":"repeat","background-position":"center center","background-size":"auto","background-attachment":"scroll","background-type":"","background-media":"","overlay-type":"","overlay-color":"","overlay-opacity":"","overlay-gradient":""}}},"product_brand":[103],"product_cat":[105,62,66],"product_tag":[],"class_list":{"0":"post-37494","1":"product","2":"type-product","3":"status-publish","4":"has-post-thumbnail","6":"product_brand-kiemmi-creations","7":"product_cat-asambleas-internacionales-2026-jw","8":"product_cat-jw","9":"product_cat-llaveros-jw","10":"desktop-align-center","11":"tablet-align-left","12":"mobile-align-center","13":"ast-product-gallery-layout-horizontal","14":"ast-magnify-disabled","15":"ast-product-tabs-layout-horizontal","16":"tm-has-options","18":"first","19":"instock","20":"taxable","21":"shipping-taxable","22":"purchasable","23":"product-type-simple"},"_links":{"self":[{"href":"https:\/\/kiemmi.com\/de\/wp-json\/wp\/v2\/product\/37494","targetHints":{"allow":["GET"]}}],"collection":[{"href":"https:\/\/kiemmi.com\/de\/wp-json\/wp\/v2\/product"}],"about":[{"href":"https:\/\/kiemmi.com\/de\/wp-json\/wp\/v2\/types\/product"}],"version-history":[{"count":1,"href":"https:\/\/kiemmi.com\/de\/wp-json\/wp\/v2\/product\/37494\/revisions"}],"predecessor-version":[{"id":67001,"href":"https:\/\/kiemmi.com\/de\/wp-json\/wp\/v2\/product\/37494\/revisions\/67001"}],"wp:featuredmedia":[{"embeddable":true,"href":"https:\/\/kiemmi.com\/de\/wp-json\/wp\/v2\/media\/37498"}],"wp:attachment":[{"href":"https:\/\/kiemmi.com\/de\/wp-json\/wp\/v2\/media?parent=37494"}],"wp:term":[{"taxonomy":"product_brand","embeddable":true,"href":"https:\/\/kiemmi.com\/de\/wp-json\/wp\/v2\/product_brand?post=37494"},{"taxonomy":"product_cat","embeddable":true,"href":"https:\/\/kiemmi.com\/de\/wp-json\/wp\/v2\/product_cat?post=37494"},{"taxonomy":"product_tag","embeddable":true,"href":"https:\/\/kiemmi.com\/de\/wp-json\/wp\/v2\/product_tag?post=37494"}],"curies":[{"name":"wp","href":"https:\/\/api.w.org\/{rel}","templated":true}]}}