{"id":2865,"date":"2021-08-25T17:09:11","date_gmt":"2021-08-25T17:09:11","guid":{"rendered":"https:\/\/www.tks3d.com\/?post_type=product&#038;p=2865"},"modified":"2025-09-11T21:28:27","modified_gmt":"2025-09-11T21:28:27","slug":"holzerner-schlusselanhanger-in-form-einer-katze-und-eines-tiernamens","status":"publish","type":"product","link":"https:\/\/kiemmi.com\/de\/shop\/llaveros-madera\/llavero-de-madera-con-forma-de-gato-y-nombre-mascota\/","title":{"rendered":"Schl\u00fcsselanh\u00e4nger aus Holz in Form einer Katze und eines Kosenamens"},"content":{"rendered":"<p>Der handgefertigte Katzen-Schl\u00fcsselanh\u00e4nger aus Holz ist ein einzigartiges und personalisiertes Produkt, das perfekt f\u00fcr diejenigen ist, die ihre Haustiere lieben und \u00fcberall eine Erinnerung an sie bei sich tragen m\u00f6chten. Hochpr\u00e4zises Laserschneiden und Gravieren erm\u00f6glicht die Erstellung einer detaillierten Katze auf dem Holz, die ihm ein elegantes und modernes Aussehen verleiht.<\/p>\n<p>Der Schl\u00fcsselanh\u00e4nger kann mit dem Namen des Haustieres oder jedem anderen Wunschnamen personalisiert werden und ist somit ein besonderes und unvergessliches Geschenk f\u00fcr Freunde und Familie. Dar\u00fcber hinaus k\u00f6nnen Sie zwischen verschiedenen Katzenausdr\u00fccken w\u00e4hlen, um der einzigartigen Pers\u00f6nlichkeit jedes einzelnen gerecht zu werden.<\/p>\n<p>Das im Schl\u00fcsselanh\u00e4nger verwendete Holz stammt aus nachhaltiger europ\u00e4ischer Forstwirtschaft, was bedeutet, dass es sich um ein \u00f6kologisches und umweltfreundliches Produkt handelt. Zudem k\u00f6nnen Sie zwischen verschiedenen Holzt\u00f6nen w\u00e4hlen, von Naturholz bis hin zu verschiedenen Beizen, sodass der Schl\u00fcsselanh\u00e4nger zu jedem pers\u00f6nlichen Stil passt.<\/p>\n<p>Schlie\u00dflich wird die Oberfl\u00e4che des Schl\u00fcsselanh\u00e4ngers mit \u00f6kologischem Lack gesch\u00fctzt, damit er l\u00e4nger h\u00e4lt und ihn zu einem langlebigen Produkt macht, das dem t\u00e4glichen Gebrauch standh\u00e4lt. Kurz gesagt, der handgefertigte Katzen-Schl\u00fcsselanh\u00e4nger aus Holz ist ein personalisiertes und umweltfreundliches Geschenk, das von jedem Katzenliebhaber gesch\u00e4tzt wird.<\/p>\n<p><strong>Ma\u00dfe:<\/strong><\/p>\n<ul>\n<li>Dicke: 3mm<\/li>\n<li>Breite: 43,5 mm<\/li>\n<li>H\u00f6he: 40mm<\/li>\n<\/ul>\n<p><strong>Material:<\/strong><\/p>\n<ul>\n<li>Holz<\/li>\n<\/ul>","protected":false},"excerpt":{"rendered":"<p>Der handgefertigte Katzen-Schl\u00fcsselanh\u00e4nger aus Holz ist ein einzigartiges und personalisiertes Produkt, das perfekt f\u00fcr diejenigen ist, die ihre Haustiere lieben und \u00fcberall eine Erinnerung an sie bei sich tragen m\u00f6chten. Hochpr\u00e4zises Laserschneiden und Gravieren erm\u00f6glicht die Erstellung einer detaillierten Katze auf dem Holz, die ihm ein elegantes und modernes Aussehen verleiht.<\/p>\n<p>Der Schl\u00fcsselanh\u00e4nger kann mit dem Namen des Haustieres oder jedem anderen Wunschnamen personalisiert werden und ist somit ein besonderes und unvergessliches Geschenk f\u00fcr Freunde und Familie. Dar\u00fcber hinaus k\u00f6nnen Sie zwischen verschiedenen Katzenausdr\u00fccken w\u00e4hlen, um der einzigartigen Pers\u00f6nlichkeit jedes einzelnen gerecht zu werden.<\/p>\n<p>Das im Schl\u00fcsselanh\u00e4nger verwendete Holz stammt aus nachhaltiger europ\u00e4ischer Forstwirtschaft, was bedeutet, dass es sich um ein \u00f6kologisches und umweltfreundliches Produkt handelt. Zudem k\u00f6nnen Sie zwischen verschiedenen Holzt\u00f6nen w\u00e4hlen, von Naturholz bis hin zu verschiedenen Beizen, sodass der Schl\u00fcsselanh\u00e4nger zu jedem pers\u00f6nlichen Stil passt.<\/p>\n<p>Schlie\u00dflich wird die Oberfl\u00e4che des Schl\u00fcsselanh\u00e4ngers mit \u00f6kologischem Lack gesch\u00fctzt, damit er l\u00e4nger h\u00e4lt und ihn zu einem langlebigen Produkt macht, das dem t\u00e4glichen Gebrauch standh\u00e4lt. Kurz gesagt, der handgefertigte Katzen-Schl\u00fcsselanh\u00e4nger aus Holz ist ein personalisiertes und umweltfreundliches Geschenk, das von jedem Katzenliebhaber gesch\u00e4tzt wird.<\/p>","protected":false},"featured_media":5375,"template":"","meta":{"_seopress_robots_primary_cat":"33","_seopress_titles_title":"Llavero de Madera Personalizado en Forma de Gato \u00fanico","_seopress_titles_desc":"Lleva tu amor por los gatos a todas partes con este llavero \u00fanico y ecol\u00f3gico, personalizado con el nombre de tu mascota y una expresi\u00f3n \u00fanica.","_seopress_robots_index":"","_seopress_analysis_target_kw":"","site-sidebar-layout":"default","site-content-layout":"","ast-site-content-layout":"default","site-content-style":"default","site-sidebar-style":"default","ast-global-header-display":"","ast-banner-title-visibility":"","ast-main-header-display":"","ast-hfb-above-header-display":"","ast-hfb-below-header-display":"","ast-hfb-mobile-header-display":"","site-post-title":"","ast-breadcrumbs-content":"","ast-featured-img":"","footer-sml-layout":"","ast-disable-related-posts":"","theme-transparent-header-meta":"default","adv-header-id-meta":"","stick-header-meta":"default","header-above-stick-meta":"","header-main-stick-meta":"","header-below-stick-meta":"","astra-migrate-meta-layouts":"set","ast-page-background-enabled":"default","ast-page-background-meta":{"desktop":{"background-color":"","background-image":"","background-repeat":"repeat","background-position":"center center","background-size":"auto","background-attachment":"scroll","background-type":"","background-media":"","overlay-type":"","overlay-color":"","overlay-opacity":"","overlay-gradient":""},"tablet":{"background-color":"","background-image":"","background-repeat":"repeat","background-position":"center center","background-size":"auto","background-attachment":"scroll","background-type":"","background-media":"","overlay-type":"","overlay-color":"","overlay-opacity":"","overlay-gradient":""},"mobile":{"background-color":"","background-image":"","background-repeat":"repeat","background-position":"center center","background-size":"auto","background-attachment":"scroll","background-type":"","background-media":"","overlay-type":"","overlay-color":"","overlay-opacity":"","overlay-gradient":""}},"ast-content-background-meta":{"desktop":{"background-color":"var(--ast-global-color-5)","background-image":"","background-repeat":"repeat","background-position":"center center","background-size":"auto","background-attachment":"scroll","background-type":"","background-media":"","overlay-type":"","overlay-color":"","overlay-opacity":"","overlay-gradient":""},"tablet":{"background-color":"var(--ast-global-color-5)","background-image":"","background-repeat":"repeat","background-position":"center center","background-size":"auto","background-attachment":"scroll","background-type":"","background-media":"","overlay-type":"","overlay-color":"","overlay-opacity":"","overlay-gradient":""},"mobile":{"background-color":"var(--ast-global-color-5)","background-image":"","background-repeat":"repeat","background-position":"center center","background-size":"auto","background-attachment":"scroll","background-type":"","background-media":"","overlay-type":"","overlay-color":"","overlay-opacity":"","overlay-gradient":""}}},"product_brand":[],"product_cat":[33],"product_tag":[],"class_list":{"0":"post-2865","1":"product","2":"type-product","3":"status-publish","4":"has-post-thumbnail","6":"product_cat-llaveros-madera","7":"desktop-align-center","8":"tablet-align-left","9":"mobile-align-center","10":"ast-product-gallery-layout-horizontal","11":"ast-magnify-disabled","12":"ast-product-tabs-layout-horizontal","13":"tm-has-options","15":"first","16":"instock","17":"taxable","18":"shipping-taxable","19":"purchasable","20":"product-type-simple"},"_links":{"self":[{"href":"https:\/\/kiemmi.com\/de\/wp-json\/wp\/v2\/product\/2865","targetHints":{"allow":["GET"]}}],"collection":[{"href":"https:\/\/kiemmi.com\/de\/wp-json\/wp\/v2\/product"}],"about":[{"href":"https:\/\/kiemmi.com\/de\/wp-json\/wp\/v2\/types\/product"}],"version-history":[{"count":0,"href":"https:\/\/kiemmi.com\/de\/wp-json\/wp\/v2\/product\/2865\/revisions"}],"wp:featuredmedia":[{"embeddable":true,"href":"https:\/\/kiemmi.com\/de\/wp-json\/wp\/v2\/media\/5375"}],"wp:attachment":[{"href":"https:\/\/kiemmi.com\/de\/wp-json\/wp\/v2\/media?parent=2865"}],"wp:term":[{"taxonomy":"product_brand","embeddable":true,"href":"https:\/\/kiemmi.com\/de\/wp-json\/wp\/v2\/product_brand?post=2865"},{"taxonomy":"product_cat","embeddable":true,"href":"https:\/\/kiemmi.com\/de\/wp-json\/wp\/v2\/product_cat?post=2865"},{"taxonomy":"product_tag","embeddable":true,"href":"https:\/\/kiemmi.com\/de\/wp-json\/wp\/v2\/product_tag?post=2865"}],"curies":[{"name":"wp","href":"https:\/\/api.w.org\/{rel}","templated":true}]}}