{"id":2744,"date":"2021-08-18T07:49:19","date_gmt":"2021-08-18T07:49:19","guid":{"rendered":"https:\/\/www.tks3d.com\/?post_type=product&#038;p=2744"},"modified":"2025-09-11T21:27:27","modified_gmt":"2025-09-11T21:27:27","slug":"keychain-wood-footprint-of-dog-and-name-pet","status":"publish","type":"product","link":"https:\/\/kiemmi.com\/de\/shop\/llaveros-madera\/llavero-madera-huella-de-perro-y-nombre-mascota\/","title":{"rendered":"Schl\u00fcsselanh\u00e4nger aus Holz mit Hundeabdruck und personalisiertem Kosenamen"},"content":{"rendered":"<p>Verwandeln Sie jeden Moment in eine besondere Erinnerung mit diesem bezaubernden h\u00f6lzernen Schl\u00fcsselanh\u00e4nger in Form einer Hundepfote, einem einzigartigen St\u00fcck, das die Essenz der Liebe zu unseren Haustieren einf\u00e4ngt.<\/p>\n<p>Jeder Schl\u00fcsselanh\u00e4nger wird sorgf\u00e4ltig von Hand gefertigt, wobei Laserschneid- und Gravurtechnologie zum Einsatz kommt, um au\u00dfergew\u00f6hnliche Qualit\u00e4t und Details zu gew\u00e4hrleisten.<\/p>\n<p>Das verwendete Holz stammt aus nachhaltigen europ\u00e4ischen W\u00e4ldern und spiegelt unser Engagement f\u00fcr Umwelt und Qualit\u00e4t wider.<\/p>\n<p>Dar\u00fcber hinaus bieten wir die M\u00f6glichkeit, Ihren Schl\u00fcsselbund mit einer Vielzahl von Farbstoffen zu personalisieren, sodass Sie ihm eine pers\u00f6nliche Note verleihen k\u00f6nnen.<\/p>\n<p>Um die Haltbarkeit zu gew\u00e4hrleisten und seine Sch\u00f6nheit zu bewahren, wird jeder Schl\u00fcsselanh\u00e4nger fachm\u00e4nnisch lackiert und sch\u00fctzt so vor t\u00e4glicher Abnutzung.<\/p>\n<p>Ob f\u00fcr Sie selbst oder als bedeutungsvolles Geschenk, dieser Schl\u00fcsselanh\u00e4nger ist viel mehr als nur ein Accessoire \u2013 er ist eine Hommage an die besondere Verbindung, die wir mit unseren pelzigen Freunden teilen. Holen Sie sich noch heute Ihr Exemplar und nehmen Sie den Geist Ihres Haustieres mit, wohin Sie auch gehen!<\/p>\n<p><strong>Ma\u00dfe:<\/strong><\/p>\n<ul>\n<li>Dicke: 3mm<\/li>\n<li>Breite: 45mm<\/li>\n<li>H\u00f6he: 42mm<\/li>\n<\/ul>\n<p><strong>Material:<\/strong><\/p>\n<ul>\n<li>Holz<\/li>\n<\/ul>\n<p><strong>Farben:<\/strong><\/p>\n<div id='gallery-1' class='gallery galleryid-2744 gallery-columns-6 gallery-size-thumbnail'><figure class='gallery-item'>\n\t\t\t<div class='gallery-icon landscape'>\n\t\t\t\t<a href='https:\/\/kiemmi.com\/de\/?attachment_id=5352'><img width=\"150\" height=\"150\" src=\"https:\/\/kiemmi.com\/wp-content\/uploads\/2022\/12\/20230422_170532_001-150x150.jpg\" class=\"attachment-thumbnail size-thumbnail\" alt=\"H\u00f6lzerner Schl\u00fcsselanh\u00e4nger Hunde-Fu\u00dfabdruck \/ Katzen-Fu\u00dfabdruck\" aria-describedby=\"gallery-1-5352\" srcset=\"https:\/\/kiemmi.com\/wp-content\/uploads\/2022\/12\/20230422_170532_001-150x150.jpg 150w, https:\/\/kiemmi.com\/wp-content\/uploads\/2022\/12\/20230422_170532_001-300x300.jpg 300w, https:\/\/kiemmi.com\/wp-content\/uploads\/2022\/12\/20230422_170532_001-100x100.jpg 100w, https:\/\/kiemmi.com\/wp-content\/uploads\/2022\/12\/20230422_170532_001-600x600.jpg 600w, https:\/\/kiemmi.com\/wp-content\/uploads\/2022\/12\/20230422_170532_001-64x64.jpg 64w, https:\/\/kiemmi.com\/wp-content\/uploads\/2022\/12\/20230422_170532_001-1024x1024.jpg 1024w, https:\/\/kiemmi.com\/wp-content\/uploads\/2022\/12\/20230422_170532_001-768x768.jpg 768w, https:\/\/kiemmi.com\/wp-content\/uploads\/2022\/12\/20230422_170532_001-1536x1536.jpg 1536w, https:\/\/kiemmi.com\/wp-content\/uploads\/2022\/12\/20230422_170532_001-12x12.jpg 12w, https:\/\/kiemmi.com\/wp-content\/uploads\/2022\/12\/20230422_170532_001-500x500.jpg 500w, https:\/\/kiemmi.com\/wp-content\/uploads\/2022\/12\/20230422_170532_001.jpg 2000w\" sizes=\"(max-width: 150px) 100vw, 150px\" data-xoowscfly=\"fly\" decoding=\"async\" \/><\/a>\n\t\t\t<\/div>\n\t\t\t\t<figcaption class='wp-caption-text gallery-caption' id='gallery-1-5352'>\n\t\t\t\tNat\u00fcrliches Holz\n\t\t\t\t<\/figcaption><\/figure><figure class='gallery-item'>\n\t\t\t<div class='gallery-icon landscape'>\n\t\t\t\t<a href='https:\/\/kiemmi.com\/de\/?attachment_id=5355'><img width=\"150\" height=\"150\" src=\"https:\/\/kiemmi.com\/wp-content\/uploads\/2022\/12\/20230422_170632_001-150x150.jpg\" class=\"attachment-thumbnail size-thumbnail\" alt=\"H\u00f6lzerner Schl\u00fcsselanh\u00e4nger Hunde-Fu\u00dfabdruck \/ Katzen-Fu\u00dfabdruck\" aria-describedby=\"gallery-1-5355\" srcset=\"https:\/\/kiemmi.com\/wp-content\/uploads\/2022\/12\/20230422_170632_001-150x150.jpg 150w, https:\/\/kiemmi.com\/wp-content\/uploads\/2022\/12\/20230422_170632_001-300x300.jpg 300w, https:\/\/kiemmi.com\/wp-content\/uploads\/2022\/12\/20230422_170632_001-100x100.jpg 100w, https:\/\/kiemmi.com\/wp-content\/uploads\/2022\/12\/20230422_170632_001-600x600.jpg 600w, https:\/\/kiemmi.com\/wp-content\/uploads\/2022\/12\/20230422_170632_001-64x64.jpg 64w, https:\/\/kiemmi.com\/wp-content\/uploads\/2022\/12\/20230422_170632_001-1024x1024.jpg 1024w, https:\/\/kiemmi.com\/wp-content\/uploads\/2022\/12\/20230422_170632_001-768x768.jpg 768w, https:\/\/kiemmi.com\/wp-content\/uploads\/2022\/12\/20230422_170632_001-1536x1536.jpg 1536w, https:\/\/kiemmi.com\/wp-content\/uploads\/2022\/12\/20230422_170632_001-12x12.jpg 12w, https:\/\/kiemmi.com\/wp-content\/uploads\/2022\/12\/20230422_170632_001-500x500.jpg 500w, https:\/\/kiemmi.com\/wp-content\/uploads\/2022\/12\/20230422_170632_001.jpg 2000w\" sizes=\"(max-width: 150px) 100vw, 150px\" data-xoowscfly=\"fly\" decoding=\"async\" \/><\/a>\n\t\t\t<\/div>\n\t\t\t\t<figcaption class='wp-caption-text gallery-caption' id='gallery-1-5355'>\n\t\t\t\tEiche\n\t\t\t\t<\/figcaption><\/figure><figure class='gallery-item'>\n\t\t\t<div class='gallery-icon landscape'>\n\t\t\t\t<a href='https:\/\/kiemmi.com\/de\/?attachment_id=5353'><img width=\"150\" height=\"150\" src=\"https:\/\/kiemmi.com\/wp-content\/uploads\/2022\/12\/20230422_170608_001-150x150.jpg\" class=\"attachment-thumbnail size-thumbnail\" alt=\"H\u00f6lzerner Schl\u00fcsselanh\u00e4nger Hunde-Fu\u00dfabdruck \/ Katzen-Fu\u00dfabdruck\" aria-describedby=\"gallery-1-5353\" srcset=\"https:\/\/kiemmi.com\/wp-content\/uploads\/2022\/12\/20230422_170608_001-150x150.jpg 150w, https:\/\/kiemmi.com\/wp-content\/uploads\/2022\/12\/20230422_170608_001-300x300.jpg 300w, https:\/\/kiemmi.com\/wp-content\/uploads\/2022\/12\/20230422_170608_001-100x100.jpg 100w, https:\/\/kiemmi.com\/wp-content\/uploads\/2022\/12\/20230422_170608_001-600x600.jpg 600w, https:\/\/kiemmi.com\/wp-content\/uploads\/2022\/12\/20230422_170608_001-64x64.jpg 64w, https:\/\/kiemmi.com\/wp-content\/uploads\/2022\/12\/20230422_170608_001-1024x1024.jpg 1024w, https:\/\/kiemmi.com\/wp-content\/uploads\/2022\/12\/20230422_170608_001-768x768.jpg 768w, https:\/\/kiemmi.com\/wp-content\/uploads\/2022\/12\/20230422_170608_001-1536x1536.jpg 1536w, https:\/\/kiemmi.com\/wp-content\/uploads\/2022\/12\/20230422_170608_001-12x12.jpg 12w, https:\/\/kiemmi.com\/wp-content\/uploads\/2022\/12\/20230422_170608_001-500x500.jpg 500w, https:\/\/kiemmi.com\/wp-content\/uploads\/2022\/12\/20230422_170608_001.jpg 2000w\" sizes=\"(max-width: 150px) 100vw, 150px\" data-xoowscfly=\"fly\" decoding=\"async\" \/><\/a>\n\t\t\t<\/div>\n\t\t\t\t<figcaption class='wp-caption-text gallery-caption' id='gallery-1-5353'>\n\t\t\t\tsapeli\n\t\t\t\t<\/figcaption><\/figure><figure class='gallery-item'>\n\t\t\t<div class='gallery-icon landscape'>\n\t\t\t\t<a href='https:\/\/kiemmi.com\/de\/?attachment_id=5347'><img width=\"150\" height=\"150\" src=\"https:\/\/kiemmi.com\/wp-content\/uploads\/2022\/12\/20230422_170559_001-150x150.jpg\" class=\"attachment-thumbnail size-thumbnail\" alt=\"Hund \/ Katze Pfotenabdruck aus Holz Schl\u00fcsselanh\u00e4nger\" aria-describedby=\"gallery-1-5347\" srcset=\"https:\/\/kiemmi.com\/wp-content\/uploads\/2022\/12\/20230422_170559_001-150x150.jpg 150w, https:\/\/kiemmi.com\/wp-content\/uploads\/2022\/12\/20230422_170559_001-300x300.jpg 300w, https:\/\/kiemmi.com\/wp-content\/uploads\/2022\/12\/20230422_170559_001-100x100.jpg 100w, https:\/\/kiemmi.com\/wp-content\/uploads\/2022\/12\/20230422_170559_001-600x600.jpg 600w, https:\/\/kiemmi.com\/wp-content\/uploads\/2022\/12\/20230422_170559_001-64x64.jpg 64w, https:\/\/kiemmi.com\/wp-content\/uploads\/2022\/12\/20230422_170559_001-1024x1024.jpg 1024w, https:\/\/kiemmi.com\/wp-content\/uploads\/2022\/12\/20230422_170559_001-768x768.jpg 768w, https:\/\/kiemmi.com\/wp-content\/uploads\/2022\/12\/20230422_170559_001-1536x1536.jpg 1536w, https:\/\/kiemmi.com\/wp-content\/uploads\/2022\/12\/20230422_170559_001-12x12.jpg 12w, https:\/\/kiemmi.com\/wp-content\/uploads\/2022\/12\/20230422_170559_001-500x500.jpg 500w, https:\/\/kiemmi.com\/wp-content\/uploads\/2022\/12\/20230422_170559_001.jpg 2000w\" sizes=\"(max-width: 150px) 100vw, 150px\" data-xoowscfly=\"fly\" decoding=\"async\" \/><\/a>\n\t\t\t<\/div>\n\t\t\t\t<figcaption class='wp-caption-text gallery-caption' id='gallery-1-5347'>\n\t\t\t\tNussbaum\n\t\t\t\t<\/figcaption><\/figure><figure class='gallery-item'>\n\t\t\t<div class='gallery-icon landscape'>\n\t\t\t\t<a href='https:\/\/kiemmi.com\/de\/?attachment_id=5348'><img width=\"150\" height=\"150\" src=\"https:\/\/kiemmi.com\/wp-content\/uploads\/2022\/12\/20230422_170543_001-150x150.jpg\" class=\"attachment-thumbnail size-thumbnail\" alt=\"H\u00f6lzerner Schl\u00fcsselanh\u00e4nger Hunde-Fu\u00dfabdruck \/ Katzen-Fu\u00dfabdruck\" aria-describedby=\"gallery-1-5348\" srcset=\"https:\/\/kiemmi.com\/wp-content\/uploads\/2022\/12\/20230422_170543_001-150x150.jpg 150w, https:\/\/kiemmi.com\/wp-content\/uploads\/2022\/12\/20230422_170543_001-300x300.jpg 300w, https:\/\/kiemmi.com\/wp-content\/uploads\/2022\/12\/20230422_170543_001-100x100.jpg 100w, https:\/\/kiemmi.com\/wp-content\/uploads\/2022\/12\/20230422_170543_001-600x600.jpg 600w, https:\/\/kiemmi.com\/wp-content\/uploads\/2022\/12\/20230422_170543_001-64x64.jpg 64w, https:\/\/kiemmi.com\/wp-content\/uploads\/2022\/12\/20230422_170543_001-1024x1024.jpg 1024w, https:\/\/kiemmi.com\/wp-content\/uploads\/2022\/12\/20230422_170543_001-768x768.jpg 768w, https:\/\/kiemmi.com\/wp-content\/uploads\/2022\/12\/20230422_170543_001-1536x1536.jpg 1536w, https:\/\/kiemmi.com\/wp-content\/uploads\/2022\/12\/20230422_170543_001-12x12.jpg 12w, https:\/\/kiemmi.com\/wp-content\/uploads\/2022\/12\/20230422_170543_001-500x500.jpg 500w, https:\/\/kiemmi.com\/wp-content\/uploads\/2022\/12\/20230422_170543_001.jpg 2000w\" sizes=\"(max-width: 150px) 100vw, 150px\" data-xoowscfly=\"fly\" decoding=\"async\" \/><\/a>\n\t\t\t<\/div>\n\t\t\t\t<figcaption class='wp-caption-text gallery-caption' id='gallery-1-5348'>\n\t\t\t\tWenge\n\t\t\t\t<\/figcaption><\/figure><figure class='gallery-item'>\n\t\t\t<div class='gallery-icon landscape'>\n\t\t\t\t<a href='https:\/\/kiemmi.com\/de\/?attachment_id=5354'><img width=\"150\" height=\"150\" src=\"https:\/\/kiemmi.com\/wp-content\/uploads\/2022\/12\/20230422_170621_001-150x150.jpg\" class=\"attachment-thumbnail size-thumbnail\" alt=\"H\u00f6lzerner Schl\u00fcsselanh\u00e4nger Hunde-Fu\u00dfabdruck \/ Katzen-Fu\u00dfabdruck\" aria-describedby=\"gallery-1-5354\" srcset=\"https:\/\/kiemmi.com\/wp-content\/uploads\/2022\/12\/20230422_170621_001-150x150.jpg 150w, https:\/\/kiemmi.com\/wp-content\/uploads\/2022\/12\/20230422_170621_001-300x300.jpg 300w, https:\/\/kiemmi.com\/wp-content\/uploads\/2022\/12\/20230422_170621_001-100x100.jpg 100w, https:\/\/kiemmi.com\/wp-content\/uploads\/2022\/12\/20230422_170621_001-600x600.jpg 600w, https:\/\/kiemmi.com\/wp-content\/uploads\/2022\/12\/20230422_170621_001-64x64.jpg 64w, https:\/\/kiemmi.com\/wp-content\/uploads\/2022\/12\/20230422_170621_001-1024x1024.jpg 1024w, https:\/\/kiemmi.com\/wp-content\/uploads\/2022\/12\/20230422_170621_001-768x768.jpg 768w, https:\/\/kiemmi.com\/wp-content\/uploads\/2022\/12\/20230422_170621_001-1536x1536.jpg 1536w, https:\/\/kiemmi.com\/wp-content\/uploads\/2022\/12\/20230422_170621_001-12x12.jpg 12w, https:\/\/kiemmi.com\/wp-content\/uploads\/2022\/12\/20230422_170621_001-500x500.jpg 500w, https:\/\/kiemmi.com\/wp-content\/uploads\/2022\/12\/20230422_170621_001.jpg 2000w\" sizes=\"(max-width: 150px) 100vw, 150px\" data-xoowscfly=\"fly\" decoding=\"async\" \/><\/a>\n\t\t\t<\/div>\n\t\t\t\t<figcaption class='wp-caption-text gallery-caption' id='gallery-1-5354'>\n\t\t\t\tRot\n\t\t\t\t<\/figcaption><\/figure>\n\t\t<\/div>","protected":false},"excerpt":{"rendered":"<p>Verwandeln Sie jeden Moment mit diesem bezaubernden Holzschl\u00fcsselanh\u00e4nger in Hundepfotenform, einem einzigartigen St\u00fcck, das die Essenz der Liebe zu unseren Haustieren einf\u00e4ngt. Jeder Schl\u00fcsselanh\u00e4nger wird mit Laserschneid- und Gravurtechnologie handgefertigt, um eine au\u00dfergew\u00f6hnliche Qualit\u00e4t zu gew\u00e4hrleisten. Das Holz stammt aus nachhaltigen europ\u00e4ischen W\u00e4ldern und spiegelt unser Engagement f\u00fcr Umwelt und Qualit\u00e4t wider. Wir bieten Individualisierungen mit einer Vielzahl von Farbstoffen an, um eine pers\u00f6nliche Note zu verleihen. Dieser Schl\u00fcsselanh\u00e4nger ist eine Hommage an die besondere Verbindung, die wir mit unseren pelzigen Freunden teilen, ideal f\u00fcr Sie selbst oder als bedeutungsvolles Geschenk.<\/p>","protected":false},"featured_media":5349,"template":"","meta":{"_seopress_robots_primary_cat":"33","_seopress_titles_title":"Llavero Huella de Perro: Recuerda a Tu Mascota Siempre","_seopress_titles_desc":"Luce un llavero \u00fanico de madera en forma de huella de perro, personalizable y ecoamigable. Captura el amor por tu mascota con estilo y calidad.","_seopress_robots_index":"","_seopress_analysis_target_kw":"","site-sidebar-layout":"default","site-content-layout":"","ast-site-content-layout":"default","site-content-style":"default","site-sidebar-style":"default","ast-global-header-display":"","ast-banner-title-visibility":"","ast-main-header-display":"","ast-hfb-above-header-display":"","ast-hfb-below-header-display":"","ast-hfb-mobile-header-display":"","site-post-title":"","ast-breadcrumbs-content":"","ast-featured-img":"","footer-sml-layout":"","ast-disable-related-posts":"","theme-transparent-header-meta":"default","adv-header-id-meta":"","stick-header-meta":"default","header-above-stick-meta":"","header-main-stick-meta":"","header-below-stick-meta":"","astra-migrate-meta-layouts":"set","ast-page-background-enabled":"default","ast-page-background-meta":{"desktop":{"background-color":"","background-image":"","background-repeat":"repeat","background-position":"center center","background-size":"auto","background-attachment":"scroll","background-type":"","background-media":"","overlay-type":"","overlay-color":"","overlay-opacity":"","overlay-gradient":""},"tablet":{"background-color":"","background-image":"","background-repeat":"repeat","background-position":"center center","background-size":"auto","background-attachment":"scroll","background-type":"","background-media":"","overlay-type":"","overlay-color":"","overlay-opacity":"","overlay-gradient":""},"mobile":{"background-color":"","background-image":"","background-repeat":"repeat","background-position":"center center","background-size":"auto","background-attachment":"scroll","background-type":"","background-media":"","overlay-type":"","overlay-color":"","overlay-opacity":"","overlay-gradient":""}},"ast-content-background-meta":{"desktop":{"background-color":"var(--ast-global-color-5)","background-image":"","background-repeat":"repeat","background-position":"center center","background-size":"auto","background-attachment":"scroll","background-type":"","background-media":"","overlay-type":"","overlay-color":"","overlay-opacity":"","overlay-gradient":""},"tablet":{"background-color":"var(--ast-global-color-5)","background-image":"","background-repeat":"repeat","background-position":"center center","background-size":"auto","background-attachment":"scroll","background-type":"","background-media":"","overlay-type":"","overlay-color":"","overlay-opacity":"","overlay-gradient":""},"mobile":{"background-color":"var(--ast-global-color-5)","background-image":"","background-repeat":"repeat","background-position":"center center","background-size":"auto","background-attachment":"scroll","background-type":"","background-media":"","overlay-type":"","overlay-color":"","overlay-opacity":"","overlay-gradient":""}}},"product_brand":[],"product_cat":[33,87],"product_tag":[],"class_list":{"0":"post-2744","1":"product","2":"type-product","3":"status-publish","4":"has-post-thumbnail","6":"product_cat-llaveros-madera","7":"product_cat-mascotas","8":"desktop-align-center","9":"tablet-align-left","10":"mobile-align-center","11":"ast-product-gallery-layout-horizontal","12":"ast-magnify-disabled","13":"ast-product-tabs-layout-horizontal","14":"tm-has-options","16":"first","17":"instock","18":"taxable","19":"shipping-taxable","20":"purchasable","21":"product-type-simple"},"_links":{"self":[{"href":"https:\/\/kiemmi.com\/de\/wp-json\/wp\/v2\/product\/2744","targetHints":{"allow":["GET"]}}],"collection":[{"href":"https:\/\/kiemmi.com\/de\/wp-json\/wp\/v2\/product"}],"about":[{"href":"https:\/\/kiemmi.com\/de\/wp-json\/wp\/v2\/types\/product"}],"version-history":[{"count":0,"href":"https:\/\/kiemmi.com\/de\/wp-json\/wp\/v2\/product\/2744\/revisions"}],"wp:featuredmedia":[{"embeddable":true,"href":"https:\/\/kiemmi.com\/de\/wp-json\/wp\/v2\/media\/5349"}],"wp:attachment":[{"href":"https:\/\/kiemmi.com\/de\/wp-json\/wp\/v2\/media?parent=2744"}],"wp:term":[{"taxonomy":"product_brand","embeddable":true,"href":"https:\/\/kiemmi.com\/de\/wp-json\/wp\/v2\/product_brand?post=2744"},{"taxonomy":"product_cat","embeddable":true,"href":"https:\/\/kiemmi.com\/de\/wp-json\/wp\/v2\/product_cat?post=2744"},{"taxonomy":"product_tag","embeddable":true,"href":"https:\/\/kiemmi.com\/de\/wp-json\/wp\/v2\/product_tag?post=2744"}],"curies":[{"name":"wp","href":"https:\/\/api.w.org\/{rel}","templated":true}]}}