{"id":12248,"date":"2024-12-24T00:56:08","date_gmt":"2024-12-24T00:56:08","guid":{"rendered":"https:\/\/kiemmi.com\/?post_type=product&#038;p=12248"},"modified":"2025-09-12T10:57:05","modified_gmt":"2025-09-12T10:57:05","slug":"3d-holzfigur-in-form-eines-deutschen-schaferhundes","status":"publish","type":"product","link":"https:\/\/kiemmi.com\/de\/shop\/decoracion-del-hogar\/figura-3d-de-madera-en-forma-de-pastor-aleman\/","title":{"rendered":"3D-Holzfigur in Form eines Deutschen Sch\u00e4ferhundes"},"content":{"rendered":"<p>Verwandeln Sie Ihr Zuhause damit <strong>3D-Holzfigur in Form eines Deutschen Sch\u00e4ferhundes<\/strong>, ein einzigartiges Dekorationsst\u00fcck, das jedem Raum Eleganz und einen Hauch von Natur verleiht. Sein sorgf\u00e4ltiges und handwerkliches Design f\u00e4ngt die Essenz dieser Hunderasse in einem dreidimensionalen Format ein, ideal f\u00fcr Tierliebhaber und zur individuellen Dekoration. Dar\u00fcber hinaus k\u00f6nnen Sie eine lasergravierte Nachricht hinzuf\u00fcgen, was es zu einem unvergesslichen und bedeutungsvollen Geschenk macht. Perfekt zum Platzieren auf einem Tisch, Regal oder M\u00f6belst\u00fcck <strong>3D-Skulptur<\/strong> Es ist nicht nur ein dekoratives St\u00fcck, sondern auch ein personalisiertes Kunstwerk, das Ihren Stil und Ihre Pers\u00f6nlichkeit widerspiegelt.<\/p>\n<p><strong>Merkmale:<\/strong><\/p>\n<p>\ud83d\udc3e <strong>Detailliertes und realistisches Design<\/strong>: Jede <strong>3D-Holzfigur<\/strong> Es ist pr\u00e4zise geschnitzt, um die Sch\u00f6nheit und den Charakter des Deutschen Sch\u00e4ferhundes einzufangen, was es zu einem einzigartigen Kunstwerk macht.<\/p>\n<p>\ud83c\udfa8 <strong>Personalisierung mit Lasergravur<\/strong>: Sie k\u00f6nnen eine personalisierte Nachricht oder einen Namen mit Lasergravur hinzuf\u00fcgen <strong>Statuette<\/strong> noch spezieller und einzigartiger sein.<\/p>\n<p>\ud83c\udf32 <strong>Hochwertiges Material<\/strong>: Dieses aus hochwertigem Holz gefertigte St\u00fcck ist widerstandsf\u00e4hig, langlebig und verf\u00fcgt \u00fcber eine einwandfreie Verarbeitung, die eine lange Nutzungsdauer garantiert.<\/p>\n<p>\ud83c\udfe0 <strong>Vielseitige Dekoration<\/strong>: Ideal f\u00fcr die Platzierung \u00fcberall in Ihrem Zuhause, sei es auf einem Tisch, einem Regal oder einem M\u00f6belst\u00fcck, und verleiht Ihrer Dekoration eine elegante und nat\u00fcrliche Note.<\/p>\n<p>\ud83c\udf81 <strong>Ideales Geschenk<\/strong>: Der <strong>Figur<\/strong> Es ist ein perfektes Geschenk f\u00fcr Hundeliebhaber oder als personalisiertes Geschenk f\u00fcr besondere Anl\u00e4sse wie Geburtstage, Jubil\u00e4en oder Feiern.<\/p>","protected":false},"excerpt":{"rendered":"<p>Das <strong>3D-Holzfigur<\/strong> in Form eines Deutschen Sch\u00e4ferhundes ist ein einzigartiges und detailliertes Dekorationsst\u00fcck, ideal f\u00fcr Hundeliebhaber. Sie k\u00f6nnen es mit einer lasergravierten Nachricht personalisieren und es so zu einem besonderen und bedeutungsvollen Geschenk machen. Sein sorgf\u00e4ltiges Design f\u00e4ngt die Essenz des Deutschen Sch\u00e4ferhundes ein und verleiht jedem Raum Eleganz. Es besteht aus hochwertigem Holz und ist robust und langlebig. Perfekt zum Platzieren auf einem Tisch, M\u00f6belst\u00fcck oder Regal <strong>3D-Skulptur<\/strong> verwandelt jede Umgebung mit einer nat\u00fcrlichen und pers\u00f6nlichen Note.<\/p>","protected":false},"featured_media":12253,"template":"","meta":{"_seopress_robots_primary_cat":"none","_seopress_titles_title":"Figura 3D de Pastor Alem\u00e1n de madera: Elegancia y Personalizaci\u00f3n","_seopress_titles_desc":"A\u00f1ade elegancia y un toque natural con nuestra figura 3D de pastor alem\u00e1n. Personal\u00edzala con grabado l\u00e1ser. Ideal para amantes de perros y decoraci\u00f3n.","_seopress_robots_index":"","_seopress_analysis_target_kw":"","site-sidebar-layout":"default","site-content-layout":"","ast-site-content-layout":"default","site-content-style":"default","site-sidebar-style":"default","ast-global-header-display":"","ast-banner-title-visibility":"","ast-main-header-display":"","ast-hfb-above-header-display":"","ast-hfb-below-header-display":"","ast-hfb-mobile-header-display":"","site-post-title":"","ast-breadcrumbs-content":"","ast-featured-img":"","footer-sml-layout":"","ast-disable-related-posts":"","theme-transparent-header-meta":"default","adv-header-id-meta":"","stick-header-meta":"default","header-above-stick-meta":"","header-main-stick-meta":"","header-below-stick-meta":"","astra-migrate-meta-layouts":"set","ast-page-background-enabled":"default","ast-page-background-meta":{"desktop":{"background-color":"","background-image":"","background-repeat":"repeat","background-position":"center center","background-size":"auto","background-attachment":"scroll","background-type":"","background-media":"","overlay-type":"","overlay-color":"","overlay-opacity":"","overlay-gradient":""},"tablet":{"background-color":"","background-image":"","background-repeat":"repeat","background-position":"center center","background-size":"auto","background-attachment":"scroll","background-type":"","background-media":"","overlay-type":"","overlay-color":"","overlay-opacity":"","overlay-gradient":""},"mobile":{"background-color":"","background-image":"","background-repeat":"repeat","background-position":"center center","background-size":"auto","background-attachment":"scroll","background-type":"","background-media":"","overlay-type":"","overlay-color":"","overlay-opacity":"","overlay-gradient":""}},"ast-content-background-meta":{"desktop":{"background-color":"var(--ast-global-color-5)","background-image":"","background-repeat":"repeat","background-position":"center center","background-size":"auto","background-attachment":"scroll","background-type":"","background-media":"","overlay-type":"","overlay-color":"","overlay-opacity":"","overlay-gradient":""},"tablet":{"background-color":"var(--ast-global-color-5)","background-image":"","background-repeat":"repeat","background-position":"center center","background-size":"auto","background-attachment":"scroll","background-type":"","background-media":"","overlay-type":"","overlay-color":"","overlay-opacity":"","overlay-gradient":""},"mobile":{"background-color":"var(--ast-global-color-5)","background-image":"","background-repeat":"repeat","background-position":"center center","background-size":"auto","background-attachment":"scroll","background-type":"","background-media":"","overlay-type":"","overlay-color":"","overlay-opacity":"","overlay-gradient":""}}},"product_brand":[],"product_cat":[51,87],"product_tag":[],"class_list":{"0":"post-12248","1":"product","2":"type-product","3":"status-publish","4":"has-post-thumbnail","6":"product_cat-decoracion-del-hogar","7":"product_cat-mascotas","8":"desktop-align-center","9":"tablet-align-left","10":"mobile-align-center","11":"ast-product-gallery-layout-horizontal","12":"ast-magnify-disabled","13":"ast-product-tabs-layout-horizontal","14":"tm-has-options","16":"first","17":"instock","18":"taxable","19":"shipping-taxable","20":"purchasable","21":"product-type-simple"},"_links":{"self":[{"href":"https:\/\/kiemmi.com\/de\/wp-json\/wp\/v2\/product\/12248","targetHints":{"allow":["GET"]}}],"collection":[{"href":"https:\/\/kiemmi.com\/de\/wp-json\/wp\/v2\/product"}],"about":[{"href":"https:\/\/kiemmi.com\/de\/wp-json\/wp\/v2\/types\/product"}],"version-history":[{"count":0,"href":"https:\/\/kiemmi.com\/de\/wp-json\/wp\/v2\/product\/12248\/revisions"}],"wp:featuredmedia":[{"embeddable":true,"href":"https:\/\/kiemmi.com\/de\/wp-json\/wp\/v2\/media\/12253"}],"wp:attachment":[{"href":"https:\/\/kiemmi.com\/de\/wp-json\/wp\/v2\/media?parent=12248"}],"wp:term":[{"taxonomy":"product_brand","embeddable":true,"href":"https:\/\/kiemmi.com\/de\/wp-json\/wp\/v2\/product_brand?post=12248"},{"taxonomy":"product_cat","embeddable":true,"href":"https:\/\/kiemmi.com\/de\/wp-json\/wp\/v2\/product_cat?post=12248"},{"taxonomy":"product_tag","embeddable":true,"href":"https:\/\/kiemmi.com\/de\/wp-json\/wp\/v2\/product_tag?post=12248"}],"curies":[{"name":"wp","href":"https:\/\/api.w.org\/{rel}","templated":true}]}}