{"id":3,"date":"2020-07-24T07:11:47","date_gmt":"2020-07-24T07:11:47","guid":{"rendered":"https:\/\/www.tks3d.com\/?page_id=3"},"modified":"2022-02-19T19:04:53","modified_gmt":"2022-02-19T19:04:53","slug":"datenschutz-bestimmungen","status":"publish","type":"page","link":"https:\/\/kiemmi.com\/de\/politica-de-privacidad\/","title":{"rendered":"Datenschutz-Bestimmungen"},"content":{"rendered":"<h3 class=\"wp-block-heading\" id=\"reglamento-europeo-de-proteccion-de-datos-rgpd\">Europ\u00e4ische Datenschutzgrundverordnung (DSGVO)<\/h3>\n\n\n\n<p>Wir weisen Sie ausdr\u00fccklich darauf hin, dass sich dieser Abschnitt ausschlie\u00dflich auf die Datenverarbeitung bezieht, die Emmanuel Kielichowski (im Folgenden KIEMMI) an den \u00fcber diese Website bereitgestellten personenbezogenen Daten vornehmen wird, die in die Dateien aufgenommen werden, die wir Ihnen gem\u00e4\u00df der Bestimmungen der geltenden Rechtsvorschriften zum Schutz personenbezogener Daten (VERORDNUNG (EU) 2016\/679 DES EUROP\u00c4ISCHEN PARLAMENTS UND DES RATES vom 27. April 2016 zum Schutz nat\u00fcrlicher Personen bei der Verarbeitung personenbezogener Daten und zum freien Verkehr von diese Daten, mit Inkrafttreten am 25. Mai 2018, im Folgenden DSGVO, sowie die spanische Gesetzgebung, die sie entwickelt).<\/p>\n\n\n\n<h3 class=\"wp-block-heading\" id=\"conceptos\">Konzepte<\/h3>\n\n\n\n<p>Definitionen, die wir in dieser Datenschutzrichtlinie verwenden:<\/p>\n\n\n\n<ul class=\"wp-block-list\"><li>KIEMMI: Die Person Emmanuel Kielichowski, der diese Website geh\u00f6rt.<\/li><li>WEB: Bezieht sich auf diese Website (www.kiemmi.com).<\/li><li>WEBBENUTZER: Benutzer der Website www.kiemmi.com<\/li><li>KUNDE: Benutzer, der die Dienste von KIEMMI in Anspruch genommen hat.<\/li><li>PARTNER: KIEMMI-Mitarbeiter.<\/li><\/ul>\n\n\n\n<h3 class=\"wp-block-heading\" id=\"responsable-del-tratamiento-de-los-datos-personales\">Verantwortlich f\u00fcr die Verarbeitung personenbezogener Daten<\/h3>\n\n\n\n<p>Der Eigent\u00fcmer der Website www.kiemmi.com ist Emmanuel Kielichowski, mit NIE: X2878559V, Sitz: C\/ Claveles, 4 \u2013 12600 Vall de Ux\u00f3, Castell\u00f3n, und mit E-Mail: info@kiemmi.com<\/p>\n\n\n\n<p>In \u00dcbereinstimmung mit den Bestimmungen der DSGVO informieren wir Sie dar\u00fcber, dass die bereitgestellten Daten sowie die aus Ihrem Surfen abgeleiteten Daten von KIEMI als Verantwortlicher f\u00fcr die Verarbeitung personenbezogener Daten verarbeitet und gesch\u00fctzt und f\u00fcr die verarbeitet werden Zweck der Erf\u00fcllung Ihrer Anfrage und Aufrechterhaltung der Beziehung, die in dem Vertrag begr\u00fcndet ist, den Sie mit uns unterzeichnen oder unterschrieben haben.<\/p>\n\n\n\n<h3 class=\"wp-block-heading\" id=\"principios-que-aplicamos-en-el-tratamiento-de-datos-personales\">Grunds\u00e4tze, die wir bei der Verarbeitung personenbezogener Daten anwenden<\/h3>\n\n\n\n<p>In \u00dcbereinstimmung mit den Bestimmungen von Kapitel II der DSGVO und den Verhaltenskodizes bei der Verarbeitung personenbezogener Daten wenden wir in unserem Unternehmen und unseren Verfahren die folgenden Grunds\u00e4tze bei der Verarbeitung personenbezogener Daten an, um die Rechte und Freiheiten der Nutzer zu wahren:<\/p>\n\n\n\n<ul class=\"wp-block-list\"><li><strong>Mindestdaten:<\/strong>&nbsp;Wir werden nur die minimal notwendigen Daten f\u00fcr jeden Zweck und jede Kategorie der von der Verarbeitung Betroffenen erheben und verarbeiten.<\/li><li><strong>Legalit\u00e4t und Transparenz:<\/strong> Bei der Verarbeitung von Daten haben wir immer die Legitimit\u00e4t f\u00fcr ihre Verwendung: Der Kunde hat uns beauftragt, der Benutzer hat die Daten auf der Registerkarte \u201eKontakt\u201c angegeben usw. und hat in allen F\u00e4llen den Vertrag formalisiert oder seine Zustimmung erteilt. . Und immer f\u00fcr die Zwecke, die wir in diesem Dokument angeben.<\/li><li><strong>Einschr\u00e4nkung der Aufbewahrungsdauer:<\/strong>&nbsp;Wir werden die Daten f\u00fcr die erforderliche Mindestzeit aufbewahren, es sei denn, Sie bitten uns zuerst, sie zu l\u00f6schen.<\/li><li><strong>Vertraulichkeit und Integrit\u00e4t:<\/strong>&nbsp;Wir garantieren angemessene Sicherheitsma\u00dfnahmen f\u00fcr personenbezogene Daten und deren Vertraulichkeit.<\/li><\/ul>\n\n\n\n<h3 class=\"wp-block-heading\" id=\"veracidad-y-exactitud-de-los-datos-personales-facilitados\">Richtigkeit und Genauigkeit der bereitgestellten personenbezogenen Daten<\/h3>\n\n\n\n<p>Der WEB-BENUTZER, KUNDE oder PARTNER, dessen Daten vom Unternehmen verarbeitet werden, garantiert, dass die bereitgestellten Daten wahrheitsgem\u00e4\u00df und genau sind.<\/p>\n\n\n\n<p>F\u00fcr den Fall, dass Sie personenbezogene Daten einer anderen Person zur Verf\u00fcgung gestellt haben, garantieren Sie, dass diese Person autorisiert und eingewilligt hat, uns diese Daten zur Verf\u00fcgung zu stellen, und dass sie f\u00fcr alle Verantwortlichkeiten verantwortlich ist, die sich aus der Nutzung und Verarbeitung dieser Daten ergeben, falls dies der Fall ist diese Daten nicht haben.<\/p>\n\n\n\n<p>Denken Sie daran, dass Sie die einzige Informationsquelle in Bezug auf Ihre personenbezogenen Daten sind, daher wissen wir es zu sch\u00e4tzen, dass Sie unsere Daten mitteilen, um sie gem\u00e4\u00df den Grunds\u00e4tzen von Kapitel II der DSGVO jederzeit auf dem neuesten Stand zu halten Verantwortlicher \u00fcber etwaige \u00c4nderungen per E-Mail an info@kiemmi.com informieren.<\/p>\n\n\n\n<p>Die betroffene Person kann die bereitgestellten Daten jederzeit gem\u00e4\u00df den Rechten auf Zugang, Berichtigung, L\u00f6schung, Widerspruch, Einschr\u00e4nkung und \u00dcbertragbarkeit \u00e4ndern oder l\u00f6schen.<\/p>\n\n\n\n<h3 class=\"wp-block-heading\" id=\"menores-de-edad\">Minderj\u00e4hrige<\/h3>\n\n\n\n<p>Die Website www.kiemmi.com richtet sich nicht an Minderj\u00e4hrige. Alle WEB-BENUTZER, KUNDEN oder PARTNER der Website und der angebotenen Dienste m\u00fcssen vollj\u00e4hrig sein. Wenn dies der Fall ist, wird der Vertrag zwischen KIEMMI und dem Benutzer oder Kunden ung\u00fcltig, und wir befreien uns in jedem Fall von jeglicher Haftung, die sich aus der Nichteinhaltung dieser Anforderung ergeben k\u00f6nnte.<\/p>\n\n\n\n<h3 class=\"wp-block-heading\" id=\"encargados-del-tratamiento\">Prozessoren<\/h3>\n\n\n\n<p>KIEMMI ben\u00f6tigt Mitarbeiter f\u00fcr bestimmte Dienste. Wenn diese anderen Unternehmen bei der Erbringung dieser Dienste Daten verarbeiten, werden sie laut Gesetz Datenverarbeiter genannt.<\/p>\n\n\n\n<p>Zur Erbringung unserer Dienstleistungen verwenden wir als Subunternehmer Drittanbieter innerhalb der EU\/des EWR, die alle Verpflichtungen und alle Anforderungen dieser Datenschutzerkl\u00e4rung erf\u00fcllen.<\/p>\n\n\n\n<p>Diese Anbieter sind unten aufgef\u00fchrt:<\/p>\n\n\n\n<ul class=\"wp-block-list\"><li>Clouding: Serverdienst<\/li><\/ul>\n\n\n\n<p>Daher garantieren wir, dass diese und andere Subunternehmer, die m\u00f6glicherweise in Zukunft eingesetzt werden, alle Verpflichtungen und alle Anforderungen dieser Datenschutzrichtlinie erf\u00fcllen und erf\u00fcllen werden.<\/p>\n\n\n\n<h3 class=\"wp-block-heading\" id=\"cesion-de-datos\">\u00dcbertragung von Daten<\/h3>\n\n\n\n<p>Wir versichern, dass wir die Verwendung Ihrer Daten nicht an Dritte weitergeben, um Ihnen Werbung zuzusenden, und dass wir Ihre Daten nur an die von uns im vorherigen Punkt angegebenen Datenverantwortlichen und nur zu den jeweils angegebenen Zwecken \u00fcbermitteln.<\/p>\n\n\n\n<p>Daher gibt KIEMMI gem\u00e4\u00df Artikel 13.1 Abschnitt a) der DSGVO die Daten nicht weiter und hat daher keinen Empf\u00e4nger davon.<\/p>\n\n\n\n<h3 class=\"wp-block-heading\" id=\"derechos-en-el-tratamiento-de-datos-personales\">Rechte bei der Verarbeitung personenbezogener Daten<\/h3>\n\n\n\n<p>Unter Einhaltung der Bestimmungen der DSGVO k\u00f6nnen Sie sich jederzeit an KIEMMI als Datenverantwortliche im Abschnitt wenden <strong>Verantwortlich f\u00fcr die Verarbeitung personenbezogener Daten<\/strong> dieser Datenschutzrichtlinie, um die Rechte auf Zugang, Berichtigung, L\u00f6schung, Widerspruch, \u00dcbertragbarkeit und Widerruf der Einwilligung Ihrer in unseren Dateien enthaltenen personenbezogenen Daten auszu\u00fcben.<\/p>\n\n\n\n<p>A- \u200bRecht auf Zugriff auf personenbezogene Daten: Sie k\u00f6nnen uns fragen, ob wir Ihre Daten verarbeiten, welche spezifischen Daten, woher wir sie erhalten haben usw. Artikel 15 der DSGVO.<\/p>\n\n\n\n<p>B- Recht auf Berichtigung (falls sie nicht korrekt sind) oder L\u00f6schung (wenn die personenbezogenen Daten f\u00fcr die Zwecke, f\u00fcr die sie erhoben wurden, nicht mehr erforderlich sind). Artikel 16 DSGVO.<\/p>\n\n\n\n<p>C- Recht, die Einschr\u00e4nkung oder Stornierung Ihrer Behandlung zu verlangen, in diesem Fall werden sie von uns nur zur Aus\u00fcbung oder Verteidigung von Anspr\u00fcchen aufbewahrt. Artikel 17 und 18.<\/p>\n\n\n\n<p>D- Recht auf Widerspruch gegen die Behandlung: Wir werden die Verarbeitung der Daten auf die von Ihnen angegebene Weise einstellen, es sei denn, sie m\u00fcssen aus berechtigten Gr\u00fcnden weiter verarbeitet werden. Artikel 21.<\/p>\n\n\n\n<p>E- Recht auf Daten\u00fcbertragbarkeit: Wenn Sie m\u00f6chten, dass Ihre Daten von einem anderen Unternehmen verarbeitet werden, werden wir die \u00dcbertragbarkeit Ihrer Daten auf jedes andere von Ihnen angegebene Unternehmen in einem strukturierten, verst\u00e4ndlichen und automatisierten Format erm\u00f6glichen. Artikel 20.<\/p>\n\n\n\n<p>Diese Rechte sind sehr pers\u00f6nlich und werden von der interessierten Partei ausge\u00fcbt, es sei denn, einer anderen Person wird eine ausreichende Vollmacht erteilt. Die Antwort auf die Aus\u00fcbung eines dieser Rechte wird vom Datenverantwortlichen innerhalb von zehn Tagen nach Erhalt der Anfrage wirksam. Falls der f\u00fcr die Datenverarbeitung Verantwortliche der Ansicht ist, dass es nicht angebracht ist, auf das Angeforderte zuzugreifen, wird er Sie mit Gr\u00fcnden und innerhalb der in diesem Abschnitt angegebenen Frist benachrichtigen.<\/p>\n\n\n\n<p>Wenn Sie der Meinung sind, dass es ein Problem mit der Art und Weise gibt, wie wir mit Ihren Daten umgehen, und Sie mit der Antwort auf Ihre Anfrage nicht zufrieden sind, k\u00f6nnen Sie Ihre Anspr\u00fcche an die spanische Datenschutzbeh\u00f6rde richten, die f\u00fcr Spanien angegeben ist . (www.agpd.es). Ebenso k\u00f6nnen Sie vor der zust\u00e4ndigen Justizbeh\u00f6rde klagen, wenn Sie dies f\u00fcr angemessen halten.<\/p>\n\n\n\n<h3 class=\"wp-block-heading\" id=\"tiempo-de-conservacion-de-los-datos\">Datenaufbewahrungszeit<\/h3>\n\n\n\n<p>Gem\u00e4\u00df der in Artikel 13.2.a) der DSGVO angegebenen Verpflichtung geben wir jeweils die Aufbewahrungsfristen f\u00fcr personenbezogene Daten an:<\/p>\n\n\n\n<p>Die von KIEMMI verarbeiteten personenbezogenen Daten werden aufbewahrt, bis der WEB-BENUTZER, KUNDE oder PARTNER uns seine Bereitschaft mitteilt, die verarbeiteten Daten zu l\u00f6schen.<\/p>\n\n\n\n<h3 class=\"wp-block-heading\" id=\"secreto-y-seguridad-de-los-datos\">Datenschutz und Datensicherheit<\/h3>\n\n\n\n<p>Gem\u00e4\u00df den in Artikel 32 der DSGVO festgelegten Bestimmungen informiert KIEMMite, dass es die notwendigen technischen und organisatorischen Sicherheitsma\u00dfnahmen getroffen hat, um alle Risiken zu vermeiden, die mit den vom Unternehmen durchgef\u00fchrten Aktivit\u00e4ten und Dienstleistungen verbunden sind, und um die Sicherheit Ihrer zu gew\u00e4hrleisten personenbezogener Daten und deren Ver\u00e4nderung, Verlust und unbefugte Behandlung und\/oder Zugriff zu verhindern, unter Ber\u00fccksichtigung des Stands der Technik, der Art der gespeicherten Daten und der Risiken, denen sie ausgesetzt sind, unabh\u00e4ngig davon, ob sie durch menschliches Handeln oder die physische oder physische Umwelt verursacht werden nat\u00fcrlich, kontinuierliche \u00dcberwachung, Kontrolle und Bewertung der etablierten Prozesse, um die Achtung der Vertraulichkeit Ihrer Daten zu gew\u00e4hrleisten. Diese Daten werden vom Benutzer mithilfe von HTTPS (HyperText Transfer Protocol Secure) erhoben, einem Sicherheitsprotokoll, das eine verschl\u00fcsselte Daten\u00fcbertragung zwischen dem Webseitenserver und dem Benutzer und umgekehrt erm\u00f6glicht.<\/p>\n\n\n\n<p>KIEMMI hat eine Risikoanalyse bei der Behandlung personenbezogener Daten durchgef\u00fchrt und ist in der Lage, die Vertraulichkeit, Integrit\u00e4t, Verf\u00fcgbarkeit und dauerhafte Belastbarkeit der Behandlungssysteme und -dienste zu gew\u00e4hrleisten; die F\u00e4higkeit, die Verf\u00fcgbarkeit und den Zugriff auf personenbezogene Daten im Falle eines physischen oder technischen Vorfalls schnell wiederherzustellen; und mit einem Prozess der regelm\u00e4\u00dfigen \u00dcberpr\u00fcfung, Bewertung und Bewertung der Wirksamkeit der technischen und organisatorischen Ma\u00dfnahmen zur Gew\u00e4hrleistung der Sicherheit der Behandlung.<\/p>\n\n\n\n<p>Gem\u00e4\u00df den Artikeln 33 und 34 der DSGVO garantiert KIEMMI, dass der Datenverantwortliche im Falle der geringsten Verletzung der Systeme, die zu einer Verletzung der Sicherheit personenbezogener Daten f\u00fchren k\u00f6nnte, die spanische Datenschutzbeh\u00f6rde benachrichtigt den betroffenen Interessenten innerhalb einer Frist von maximal 72 Stunden.<\/p>\n\n\n\n<h3 class=\"wp-block-heading\" id=\"hipervinculos\">Hyperlinks<\/h3>\n\n\n\n<p>Obwohl wir Links zu anderen Websites auf unserer Website enthalten k\u00f6nnen, die nicht von KIEMMI betrieben oder kontrolliert werden, bedenken Sie, dass wir die Rechtm\u00e4\u00dfigkeit, Zuverl\u00e4ssigkeit, N\u00fctzlichkeit, Richtigkeit und Aktualit\u00e4t der Inhalte solcher Websites nicht garantieren oder daf\u00fcr haftbar gemacht werden k\u00f6nnen Wenn Sie Ihre personenbezogenen Daten diesen Nicht-KIEMMI-Websites zur Verf\u00fcgung stellen, \u00fcberpr\u00fcfen Sie bitte deren Datenschutzpraktiken und beachten Sie, dass sie von unseren abweichen k\u00f6nnen.<\/p>\n\n\n\n<h3 class=\"wp-block-heading\" id=\"usuarios-y-accesos-restringidos\">Eingeschr\u00e4nkte Benutzer und Zugriff<\/h3>\n\n\n\n<p>Um Bereiche mit eingeschr\u00e4nktem Zugang zu betreten, m\u00fcssen Benutzer \u00fcber die entsprechenden Zugangscodes verf\u00fcgen.<br>KIEMMI beh\u00e4lt sich das Recht vor, die Registrierungsanfrage eines Benutzers frei anzunehmen oder abzulehnen. Die von den Benutzern eingegebenen Daten m\u00fcssen genau, aktuell und wahrheitsgem\u00e4\u00df sein und werden in \u00dcbereinstimmung mit den geltenden Gesetzen zum Schutz personenbezogener Daten verarbeitet und behandelt.<\/p>\n\n\n\n<p>Die Benutzer sind in jedem Fall f\u00fcr die Aufbewahrung ihrer Zugangscodes verantwortlich, f\u00fcr die sie ausschlie\u00dflich f\u00fcr alle Sch\u00e4den verantwortlich sind, die sich aus einer missbr\u00e4uchlichen Verwendung derselben ergeben k\u00f6nnen, sowie deren Verlust oder andere Umst\u00e4nde, die ein Risiko darstellen k\u00f6nnten Zugang zur Nutzung durch unbefugte Dritte. Benutzer m\u00fcssen die KIEMMI-Kontaktadresse unverz\u00fcglich benachrichtigen, damit wir sie sperren und ersetzen k\u00f6nnen.<\/p>\n\n\n\n<h3 class=\"wp-block-heading\" id=\"cambios-en-la-politica-de-privacidad\">\u00c4nderungen der Datenschutzrichtlinie<\/h3>\n\n\n\n<p>KIEMMI beh\u00e4lt sich das Recht vor, seine Datenschutzrichtlinie nach eigenen Kriterien oder aufgrund einer gesetzlichen, rechtswissenschaftlichen oder doktrin\u00e4ren \u00c4nderung der spanischen Datenschutzbeh\u00f6rde zu \u00e4ndern. Jede \u00c4nderung der Datenschutzrichtlinie wird auf unserer Seite bekannt gegeben.<\/p>","protected":false},"excerpt":{"rendered":"<p>Reglamento europeo de protecci\u00f3n de datos (RGPD) Te informamos expresamente de que este apartado est\u00e1 dirigido exclusivamente al tratamiento de datos que Emmanuel Kielichowski (en adelante KIEMMI) realizar\u00e1 sobre los datos personales facilitados por medio de la presente web, que se incorporar\u00e1n a los archivos que te indicaremos de conformidad con lo establecido en la [&hellip;]<\/p>\n","protected":false},"author":1,"featured_media":0,"parent":0,"menu_order":0,"comment_status":"closed","ping_status":"closed","template":"","meta":{"_seopress_robots_primary_cat":"0","_seopress_titles_title":"","_seopress_titles_desc":"","_seopress_robots_index":"","_seopress_analysis_target_kw":"","site-sidebar-layout":"default","site-content-layout":"","ast-site-content-layout":"default","site-content-style":"default","site-sidebar-style":"default","ast-global-header-display":"","ast-banner-title-visibility":"","ast-main-header-display":"","ast-hfb-above-header-display":"","ast-hfb-below-header-display":"","ast-hfb-mobile-header-display":"","site-post-title":"","ast-breadcrumbs-content":"","ast-featured-img":"","footer-sml-layout":"","ast-disable-related-posts":"","theme-transparent-header-meta":"","adv-header-id-meta":"","stick-header-meta":"","header-above-stick-meta":"","header-main-stick-meta":"","header-below-stick-meta":"","astra-migrate-meta-layouts":"default","ast-page-background-enabled":"default","ast-page-background-meta":{"desktop":{"background-color":"","background-image":"","background-repeat":"repeat","background-position":"center center","background-size":"auto","background-attachment":"scroll","background-type":"","background-media":"","overlay-type":"","overlay-color":"","overlay-opacity":"","overlay-gradient":""},"tablet":{"background-color":"","background-image":"","background-repeat":"repeat","background-position":"center center","background-size":"auto","background-attachment":"scroll","background-type":"","background-media":"","overlay-type":"","overlay-color":"","overlay-opacity":"","overlay-gradient":""},"mobile":{"background-color":"","background-image":"","background-repeat":"repeat","background-position":"center center","background-size":"auto","background-attachment":"scroll","background-type":"","background-media":"","overlay-type":"","overlay-color":"","overlay-opacity":"","overlay-gradient":""}},"ast-content-background-meta":{"desktop":{"background-color":"var(--ast-global-color-5)","background-image":"","background-repeat":"repeat","background-position":"center center","background-size":"auto","background-attachment":"scroll","background-type":"","background-media":"","overlay-type":"","overlay-color":"","overlay-opacity":"","overlay-gradient":""},"tablet":{"background-color":"var(--ast-global-color-5)","background-image":"","background-repeat":"repeat","background-position":"center center","background-size":"auto","background-attachment":"scroll","background-type":"","background-media":"","overlay-type":"","overlay-color":"","overlay-opacity":"","overlay-gradient":""},"mobile":{"background-color":"var(--ast-global-color-5)","background-image":"","background-repeat":"repeat","background-position":"center center","background-size":"auto","background-attachment":"scroll","background-type":"","background-media":"","overlay-type":"","overlay-color":"","overlay-opacity":"","overlay-gradient":""}},"footnotes":""},"class_list":["post-3","page","type-page","status-publish","hentry"],"_links":{"self":[{"href":"https:\/\/kiemmi.com\/de\/wp-json\/wp\/v2\/pages\/3","targetHints":{"allow":["GET"]}}],"collection":[{"href":"https:\/\/kiemmi.com\/de\/wp-json\/wp\/v2\/pages"}],"about":[{"href":"https:\/\/kiemmi.com\/de\/wp-json\/wp\/v2\/types\/page"}],"author":[{"embeddable":true,"href":"https:\/\/kiemmi.com\/de\/wp-json\/wp\/v2\/users\/1"}],"replies":[{"embeddable":true,"href":"https:\/\/kiemmi.com\/de\/wp-json\/wp\/v2\/comments?post=3"}],"version-history":[{"count":0,"href":"https:\/\/kiemmi.com\/de\/wp-json\/wp\/v2\/pages\/3\/revisions"}],"wp:attachment":[{"href":"https:\/\/kiemmi.com\/de\/wp-json\/wp\/v2\/media?parent=3"}],"curies":[{"name":"wp","href":"https:\/\/api.w.org\/{rel}","templated":true}]}}