{"id":2743,"date":"2021-08-18T06:52:10","date_gmt":"2021-08-18T06:52:10","guid":{"rendered":"https:\/\/www.tks3d.com\/?page_id=2743"},"modified":"2022-02-19T20:19:44","modified_gmt":"2022-02-19T20:19:44","slug":"allgemeine-nutzungs-und-verkaufsbedingungen","status":"publish","type":"page","link":"https:\/\/kiemmi.com\/de\/condiciones-generales-de-uso-y-venta\/","title":{"rendered":"Allgemeine Nutzungs- und Verkaufsbedingungen"},"content":{"rendered":"<h3 class=\"wp-block-heading\" id=\"1-datos-identificativos-de-camaloon\">1. KIEMMI-Identifikationsdaten<\/h3>\n\n\n\n<p>Der Website-Dienstleister ist Emmanuel Kielichowski (im Folgenden \u201eKiemmi\u201c) mit innergemeinschaftlicher Umsatzsteuer ESX2878559V und eingetragenem Sitz in Calle Claveles 4, 12600 Vall de Ux\u00f3 (Castell\u00f3n), Spanien.<\/p>\n\n\n\n<h3 class=\"wp-block-heading\" id=\"2-descripcion-del-servicio\">2. Beschreibung des Dienstes<\/h3>\n\n\n\n<p>Bei Kiemmi bieten wir unseren Benutzern und Kunden \u00fcber das Internet eine Reihe von Dienstleistungen an, wie z. B. die Vermarktung und Herstellung von personalisierten Artikeln, Geschenkartikeln, Dekorationsartikeln: Schl\u00fcsselanh\u00e4nger, Schachteln, Magnete, Taschen, Aufkleber usw.<\/p>\n\n\n\n<p>Benutzer unserer Website k\u00f6nnen Produkte f\u00fcr den eigenen Gebrauch erwerben oder an Dritte verkaufen.<\/p>\n\n\n\n<h3 class=\"wp-block-heading\" id=\"3-uso-de-las-paginas-web-bajo-la-marca-de-camaloon\">3. Nutzung der Website kiemmi.com<\/h3>\n\n\n\n<h4 class=\"wp-block-heading\" id=\"3-1-edad-minima\">3.1 Mindestalter<\/h4>\n\n\n\n<p>Um Nutzer der Kiemmi-Website zu sein, m\u00fcssen Sie vollj\u00e4hrig sein (mindestens 18 Jahre).<\/p>\n\n\n\n<h4 class=\"wp-block-heading\" id=\"3-2-licencia-de-uso-de-la-web-y-del-servicio-de-camaloon\">3.2 Lizenz zur Nutzung der Website und des Kiemmi-Dienstes<\/h4>\n\n\n\n<p>Kiemmi bietet eine begrenzte und widerrufliche Lizenz f\u00fcr den Zugriff auf und die Nutzung unserer Websites und Dienste gem\u00e4\u00df diesen Allgemeinen Nutzungs- und Verkaufsbedingungen. Diese Lizenz beinhaltet nicht das Recht, Informationen von der Website f\u00fcr von uns verbotene Zwecke zu sammeln oder zu verwenden, wie z.<\/p>\n\n\n\n<h3 class=\"wp-block-heading\" id=\"4-reglas-generales\">4. Allgemeine Regeln<\/h3>\n\n\n\n<h4 class=\"wp-block-heading\" id=\"4-1-uso-prohibido\">4.1 Verbotene Nutzung<\/h4>\n\n\n\n<p>Sie d\u00fcrfen nicht versuchen, unsere Websites oder den Kiemmi-Dienst zu besch\u00e4digen oder zu besch\u00e4digen. Zum Beispiel, und ohne dass diese Liste vollst\u00e4ndig oder ersch\u00f6pfend ist, ist es verboten:<\/p>\n\n\n\n<p>a. Unterbrechen Sie den Kiemmi-Dienst mit Viren oder anderen Programmen, die darauf ausgelegt sind, Software oder Hardware zu besch\u00e4digen<\/p>\n\n\n\n<p>b. \u00c4ndern oder erstellen Sie Versionen von Technologien, die auf den Kiemmi-Websites verwendet werden<\/p>\n\n\n\n<p>c. Verwenden Sie jede Art von \u201eSkript\u201c, Roboter oder Technologie, um die Kiemmi-Website zu \u00fcberwachen<\/p>\n\n\n\n<p>d. Sammeln Sie E-Mails oder andere Informationen \u00fcber den Kiemmi-Dienst<\/p>\n\n\n\n<p>und. Geben Sie sich als eine andere Person oder Organisation aus oder f\u00e4lschen Sie Ihre Informationen<\/p>\n\n\n\n<p>F. St\u00f6bern oder kaufen Sie auf der Kiemmi-Website, wenn Sie nicht vollj\u00e4hrig sind.<\/p>\n\n\n\n<h4 class=\"wp-block-heading\" id=\"4-2-privacidad-y-proteccion-de-datos\">4.2 Privatsph\u00e4re und Datenschutz<\/h4>\n\n\n\n<p>Bei Kiemmi sind wir besonders um die Sicherheit und die Gew\u00e4hrleistung der Vertraulichkeit der von unseren Kunden bereitgestellten Daten besorgt. Wir versprechen Ihnen den besten Service und das beste Online-Erlebnis. \u00dcber Ihre Rechte und deren Aus\u00fcbung k\u00f6nnen Sie sich auf der informieren&nbsp;<a href=\"https:\/\/kiemmi.com\/politica-de-privacidad\/\">Privatsph\u00e4re<\/a>.<\/p>\n\n\n\n<h4 class=\"wp-block-heading\" id=\"4-3-condiciones-de-compra\">4.3 Einkaufsbedingungen<\/h4>\n\n\n\n<h5 class=\"wp-block-heading\" id=\"4-3-1-sistema-de-venta\">4.3.1 Verkaufssystem<\/h5>\n\n\n\n<p>Um einen Kauf zu t\u00e4tigen, m\u00fcssen Sie uns Ihre Bestellung online \u00fcber die daf\u00fcr freigeschaltete Kaufabwicklung \u00fcbermitteln. Sie erreichen uns per&nbsp;<a href=\"mailto:info@kiemmi.com\">Email<\/a>&nbsp;Wenn du Hilfe ben\u00f6tigst.<\/p>\n\n\n\n<h5 class=\"wp-block-heading\" id=\"4-3-2-impuestos-aplicables\">4.3.2 Geltende Steuern<\/h5>\n\n\n\n<p>Die Preise der auf unseren Webseiten angezeigten Produkte finden Sie w\u00e4hrend des Kaufvorgangs aufgeschl\u00fcsselt. Wir zeigen Ihnen die Betr\u00e4ge mit Mehrwertsteuer sowie den Transportpreis und zwar immer vor der Annahme des Kaufs.<\/p>\n\n\n\n<p>Die Mehrwertsteuer kann je nach Wohnsitz, Art des Produkts und auch dessen Herkunft variieren. Wenn Sie Fragen zu einer bestimmten Umsatzsteuerbefreiung haben, wenden Sie sich direkt per E-Mail an die Adresse&nbsp;<a href=\"mailto:info@kiemmi.com\">info@kiemmi.com<\/a>.<\/p>\n\n\n\n<p>Einfuhrsteuern, \u00dcberweisungskosten, Zollverfahren oder Quellensteuern oder die mit der Lieferung in Sondergebiete (siehe Abschnitt Nr. 4.3.4) oder L\u00e4nder au\u00dferhalb der Europ\u00e4ischen Union zusammenh\u00e4ngen, liegen in Ihrer Verantwortung als Kunde und nicht in den Preisen enthalten, die wir im Internet angeben.<\/p>\n\n\n\n<h5 class=\"wp-block-heading\" id=\"4-3-3-forma-de-pago\">4.3.3 Zahlungsform<\/h5>\n\n\n\n<p>Bei der Bestellung m\u00fcssen Sie den Betrag mit einer der Zahlungsmethoden bezahlen, die wir auf unserer Website akzeptieren. Nur so beginnen wir mit der Produktion Ihrer Bestellung. In bestimmten F\u00e4llen und um m\u00f6glichen Betrug zu verhindern, behalten wir uns bei Kiemmi das Recht vor, unsere Kunden aufzufordern, eine bestimmte Zahlungsmethode zu verwenden oder zus\u00e4tzliche Unterlagen zu verlangen.<\/p>\n\n\n\n<h5 class=\"wp-block-heading\" id=\"4-3-4-forma-gastos-y-plazos-de-envio\">4.3.4 Form, Kosten und Lieferzeiten<\/h5>\n\n\n\n<p>Wir versenden Bestellungen an unsere Kunden mit Wohnsitz in Europa und dem Rest der Welt \u00fcber verschiedene Transportunternehmen. Wir berechnen den Preis jeder Sendung automatisch, wenn Sie ein Angebot anfordern oder eine Bestellung aufgeben.<\/p>\n\n\n\n<p>Es gibt bestimmte Gebiete, f\u00fcr die, obwohl sie zu einem bestimmten Land geh\u00f6ren, zus\u00e4tzliche Geb\u00fchren anfallen k\u00f6nnen, da die Transportunternehmen sie normalerweise als Ausnahme behandeln. Zum Beispiel Ceuta, Melilla, Guadeloupe, Martinique, die Kanarischen Inseln usw.<\/p>\n\n\n\n<p>Produktionstermine sind auf unserer Website ersichtlich. Es ist m\u00f6glich, dass eine Bestellung aufgrund von Produktengp\u00e4ssen, versp\u00e4teter Best\u00e4tigung von Ihnen, falschem Design usw. bestimmte Verz\u00f6gerungen in der Produktion erleidet. In jedem Fall ist uns von Kiemmi bewusst, dass wir die Produkte gem\u00e4\u00df den Produktions- und Versandzeiten so schnell wie m\u00f6glich und immer innerhalb von drei\u00dfig (30) Kalendertagen an die Lieferadresse liefern m\u00fcssen, die Sie uns als Kunden angeben ab dem Datum, an dem wir die Bestellung best\u00e4tigen. Bei Verz\u00f6gerungen werden wir Sie kontaktieren und Sie \u00fcber m\u00f6gliche \u00c4nderungen informieren.<\/p>\n\n\n\n<p>Transportzeiten k\u00f6nnen sich durch au\u00dfergew\u00f6hnliche Transportereignisse (z. B. Streiks, Wetterereignisse, politische Ausnahmesituationen etc.) oder durch Zoll, Kontrollen im Bestimmungsland oder Schwierigkeiten bei der Zustellung der Ware \u00e4ndern. Wir von Kiemmi \u00fcbernehmen keine Verantwortung f\u00fcr Verz\u00f6gerungen, die durch das Transportunternehmen oder durch Zollkontrollverfahren verursacht werden. Wir versprechen jedoch, jede Bestellung, die w\u00e4hrend des Transports besch\u00e4digt oder verloren gegangen ist, innerhalb einer angemessenen Frist zu ersetzen.<\/p>\n\n\n\n<h3 class=\"wp-block-heading\" id=\"5-garantias-cambios-cancelaciones-y-devoluciones\">5. Garantien, \u00c4nderungen, Stornierungen und R\u00fcckgaben<\/h3>\n\n\n\n<p>Als Benutzer k\u00f6nnen Sie ein Design \u00e4ndern oder hinzuf\u00fcgen, Ihre Liefer- und\/oder Rechnungsadresse \u00e4ndern oder die Bestellung stornieren, solange sie noch nicht in den Produktionsprozess eingetreten ist.<\/p>\n\n\n\n<p>Dazu m\u00fcssen Sie eine E-Mail an senden&nbsp;<a href=\"mailto:info@kiemmi.com\">info@kiemmi.com<\/a>, indem Sie die Referenznummer Ihrer Bestellung anh\u00e4ngen. Nach \u00dcberpr\u00fcfung des Status Ihrer Bestellung werden wir Sie \u00fcber den Ursprung oder nicht der \u00c4nderung oder die M\u00f6glichkeit der Stornierung informieren.<\/p>\n\n\n\n<p>Als Benutzer und Kunde haben Sie vierzehn (14) Kalendertage Zeit, um Ihren Kauf zu stornieren und das Produkt oder die Produkte zur\u00fcckzugeben, gerechnet ab dem Zeitpunkt, an dem Sie die Bestellung erhalten, und vorausgesetzt, es handelt sich nicht um ein personalisiertes Produkt, das f\u00fcr uns modifiziert wurde Kunden nach ihren Anweisungen. Bei personalisierten Produkten k\u00f6nnen wir keine \u00c4nderungen oder R\u00fccksendungen akzeptieren.<\/p>\n\n\n\n<p>Personalisierte Produkte k\u00f6nnen geringf\u00fcgige \u00c4nderungen in Bezug auf Farbe, Gewicht, Textur, Materialien, Gr\u00f6\u00dfe oder Design aufweisen und erf\u00fcllen immer den Zweck und die urspr\u00fcngliche Idee, die auf unseren Webseiten gezeigt wird. Sie m\u00fcssen Ihrerseits die Kiemmi-Produkte mit gr\u00f6\u00dfter Sorgfalt behandeln, ohne sie verwendet und keinen unangemessenen oder sch\u00e4dlichen Bedingungen oder Manipulationen ausgesetzt zu haben, die ihren Zustand in anormaler Weise beeintr\u00e4chtigen k\u00f6nnten. Es liegt in Ihrer Verantwortung, sie ordnungsgem\u00e4\u00df aufzubewahren, bis wir sie bei Kiemmi \u00fcberpr\u00fcfen, wenn Sie sie zur\u00fcckgeben oder einen Anspruch geltend machen m\u00f6chten.<\/p>\n\n\n\n<p>Die R\u00fccksendekosten gehen zu Lasten des Kunden. Dazu m\u00fcssen Sie eine E-Mail an senden&nbsp;<a href=\"mailto:info@kiemmi.co\">info@kiemmi.com<\/a>&nbsp;die R\u00fccksendung Ihrer Bestellung anfordern.<\/p>\n\n\n\n<p>Sobald das Material zur\u00fcckgesendet wurde und wir seinen fehlerhaften Zustand \u00fcberpr\u00fcft haben, werden wir mit der R\u00fccksendung des bezahlten Produkts fortfahren, zus\u00e4tzlich zur Erstattung der anf\u00e4nglichen Versandkosten in seiner einfachsten Modalit\u00e4t (Standardversand). Wenn die R\u00fccksendung durch unseren Fehler verursacht wurde, \u00fcbernehmen wir von Kiemmi die R\u00fccksendekosten des Produkts. Andernfalls m\u00fcssen Sie die R\u00fccksendekosten tragen.<\/p>\n\n\n\n<p>Wir erstatten den Betrag der R\u00fccksendung innerhalb von vierzehn (14) Tagen nach effektivem Erhalt des zur\u00fcckgegebenen Produkts und \u00fcber dieselbe Zahlungsmethode, die Sie f\u00fcr den Kauf verwendet haben.<\/p>\n\n\n\n<h3 class=\"wp-block-heading\" id=\"6-propiedad-intelectual\">6. Geistiges Eigentum<\/h3>\n\n\n\n<p>Wir behalten uns alle Eigentumsrechte vor, die durch geistiges und gewerbliches Eigentum gesch\u00fctzt sind und auf der Kiemmi-Website enthalten sind, d. h. beispielhaft, aber nicht einschr\u00e4nkend: Texte, Bilder, Grafikdesign, Marken, Navigationsstruktur, Informationen und Inhalte. Wir sind ausschlie\u00dflich verantwortlich f\u00fcr die Aus\u00fcbung der Rechte, sie in irgendeiner Weise zu verwerten, insbesondere der Rechte der Vervielf\u00e4ltigung, Verbreitung, \u00f6ffentlichen Wiedergabe und Umwandlung, gem\u00e4\u00df der spanischen Gesetzgebung zu geistigen und gewerblichen Eigentumsrechten.<\/p>\n\n\n\n<p>F\u00fcr den Fall, dass Sie als Benutzer ein Produkt der Kiemmi-Website mit einem von Ihnen vorgeschlagenen Bild und nicht aus dem Kiemmi-Bildkatalog personalisieren, m\u00fcssen Sie garantieren, dass Sie \u00fcber alle geistigen und gewerblichen Eigentumsrechte sowie alle Rechte an Bild oder Privatsph\u00e4re in Bezug auf nat\u00fcrliche oder juristische Personen, die f\u00fcr die Nutzung des Bildes in der von Ihnen gew\u00fcnschten Weise oder Weise erforderlich sind. Im Gegenzug gew\u00e4hren Sie uns als Benutzer eine begrenzte Lizenz zur Vervielf\u00e4ltigung, Kommunikation, Verbreitung und Umwandlung des von Ihnen vorgeschlagenen Bildes in das von Ihnen bestellte Produkt oder die von Ihnen bestellten personalisierten Produkte. Sobald das Produkt hergestellt und an Ihre Lieferadresse versandt wurde, erlischt diese Lizenz.<\/p>\n\n\n\n<p>Sie stellen Kiemmi von jeglicher Verantwortung f\u00fcr Anspr\u00fcche Dritter frei, die sich aus der unrechtm\u00e4\u00dfigen oder kriminellen Verwendung von Bildern ergeben, die geistigem oder gewerblichem Eigentum unterliegen, oder von Bild- oder Pers\u00f6nlichkeitsrechten von Einzelpersonen in personalisierten Produkten \u00fcber unsere Websites.<\/p>\n\n\n\n<h3 class=\"wp-block-heading\" id=\"7-quejas-y-reclamaciones\">7. Beschwerden und Anspr\u00fcche<\/h3>\n\n\n\n<p>Als Kunde k\u00f6nnen Sie immer zu gehen&nbsp;<a href=\"mailto:info@kiemmi.com\">info@kiemmi.com<\/a>&nbsp;um Beschwerden, Vorschl\u00e4ge oder Anspr\u00fcche zu \u00fcbermitteln, die sich aus der Erbringung unserer Dienstleistungen ergeben. Um die Bearbeitung zu erleichtern, bitten wir Sie, uns immer die Rechnungs- oder Bestellnummer Ihrer Bestellung mitzuteilen. Wir verpflichten uns, die Anfragen innerhalb eines Zeitraums von sieben (7) Werktagen ab dem Datum, an dem sie ordnungsgem\u00e4\u00df bei uns eingegangen sind, zu beantworten. Bezieht sich eine solche Beanstandung auf Material, das nicht von Kiemmi stammt, kann es notwendig sein, diese Frist zu verl\u00e4ngern, damit wir uns mit dem Hersteller in Verbindung setzen k\u00f6nnen.<\/p>\n\n\n\n<p>Sie k\u00f6nnen keine Beschwerden oder Reklamationen \u00fcber Bestellungen einreichen, wenn sieben (7) Tage seit ihrer effektiven Lieferung verstrichen sind.<\/p>\n\n\n\n<h3 class=\"wp-block-heading\" id=\"8-derechos-de-camaloon\">8. Rechte von Kiemmi<\/h3>\n\n\n\n<h4 class=\"wp-block-heading\" id=\"8-1-monitorizacion\">8.1 \u00dcberwachung<\/h4>\n\n\n\n<p>Bei Kiemmi behalten wir uns das Recht vor (ohne die Verpflichtung zu \u00fcbernehmen), alle Transaktionen und Mitteilungen zu \u00fcberwachen, die auf unserer Website stattfinden. Wenn wir nach unserem Ermessen der Ansicht sind, dass ein Benutzer oder Kunde gegen eine Bedingung dieser Allgemeinen Nutzungs- und Verkaufsbedingungen verst\u00f6\u00dft oder versto\u00dfen k\u00f6nnte oder dass diese Transaktion oder Kommunikation unangemessen ist, k\u00f6nnen wir den Zugriff auf diesen Benutzer k\u00fcndigen oder einschr\u00e4nken, ohne dass dies m\u00f6glich ist Anspruch. Zukunft.<\/p>\n\n\n\n<h4 class=\"wp-block-heading\" id=\"8-2-modificacion-del-servicio\">8.2 \u00c4nderung des Dienstes<\/h4>\n\n\n\n<p>Bei Kiemmi behalten wir uns das Recht vor, den Vertrieb, die Organisation und das Erscheinungsbild unserer Website und der von uns angebotenen Dienstleistungen zu \u00e4ndern, und wir k\u00f6nnen jeden Aspekt unserer Dienstleistungen und\/oder Preise ohne vorherige Ank\u00fcndigung oder ohne die M\u00f6glichkeit eines Anspruchs \u00e4ndern oder aussetzen.<\/p>\n\n\n\n<h4 class=\"wp-block-heading\" id=\"8-3-cancelacion-del-contrato\">8.3 R\u00fccktritt vom Vertrag<\/h4>\n\n\n\n<p>Von Kiemmi aus k\u00f6nnen wir nach eigenem Ermessen und mit oder ohne vorherige Ank\u00fcndigung:<\/p>\n\n\n\n<ul class=\"wp-block-list\"><li>Die Nutzung von Kiemmi aussetzen oder auf einen bestimmten Nutzer beschr\u00e4nken sowie ein Konto vollst\u00e4ndig schlie\u00dfen oder den Zugriff auf unsere Webseiten k\u00fcndigen<\/li><li>Blockieren oder stornieren Sie die Produktion von Bestellungen, die Bilder enthalten, die eine Straftat darstellen, die die Rechte Dritter verletzen, die beleidigend, geschmacklos, gewaltt\u00e4tig, beleidigend, extrem politisch aufgeladen, sektiererisch oder gegen grundlegende Menschenrechte versto\u00dfen Mitteilungen<\/li><li>Blockieren oder stornieren Sie die Produktion jeder Bestellung, die nach \u00dcberpr\u00fcfung Fehler in den Designs, in der Preiskalkulation enth\u00e4lt, die keine ausreichende Garantie f\u00fcr das Endergebnis bieten usw.<\/li><li>Benachrichtigen Sie die zust\u00e4ndigen Beh\u00f6rden \u00fcber Missbrauch oder Betrug, der auf unseren Websites aufgetreten ist<\/li><li>L\u00f6schen Sie alle Inhalte, die wir f\u00fcr angemessen halten, von den Servern und Verzeichnissen von Kiemmi oder von einem Benutzer vorgeschlagene Inhalte<\/li><li>Stellen Sie den Verkauf eines bestimmten Produkts oder in einer anderen W\u00e4hrung als dem Euro (\u20ac) ein.<\/li><li>Stellen Sie den Dienst nach unserem Ermessen ein oder bieten Sie ihn nur eingeschr\u00e4nkt an.<\/li><\/ul>\n\n\n\n<h3 class=\"wp-block-heading\" id=\"9-politica-de-enlaces\">9. Link-Richtlinie<\/h3>\n\n\n\n<p>Wir bei Kiemmi sind nicht verantwortlich f\u00fcr Websites oder Dateien, auf die \u00fcber Hypertext-Links (\u201eLinks\u201c) zugegriffen werden kann, die in unseren Inhalten verf\u00fcgbar sind. Die Verantwortung liegt bei den jeweiligen Eigent\u00fcmern. Daher genehmigen oder unterst\u00fctzen wir die Produkte, Dienstleistungen, Inhalte, Informationen, Daten, Dateien und jegliche Art von Material, das auf solchen Webseiten oder Dateien vorhanden ist, nicht und wir kontrollieren oder \u00fcbernehmen keine Verantwortung f\u00fcr die Qualit\u00e4t, Rechtswidrigkeit, Zuverl\u00e4ssigkeit und N\u00fctzlichkeit von die auf den verlinkten Seiten vorhandenen und unseren Seiten fremden Informationen, Inhalte und Dienste.<\/p>\n\n\n\n<p>F\u00fcr den Fall, dass es f\u00fcr angemessen erachtet wird oder eine zust\u00e4ndige Stelle die Rechtswidrigkeit der Daten erkl\u00e4rt, deren Entfernung anordnet oder der Zugriff darauf unm\u00f6glich ist oder das Bestehen des Schadens festgestellt wurde und uns die entsprechende L\u00f6sung ausdr\u00fccklich mitgeteilt wurde , werden wir die angezeigten Links umgehend entfernen.<\/p>\n\n\n\n<h3 class=\"wp-block-heading\" id=\"10-limitacion-de-responsabilidad\">10. Haftungsbeschr\u00e4nkung<\/h3>\n\n\n\n<p>Wir schlie\u00dfen jede Haftung f\u00fcr Sch\u00e4den jeglicher Art aus, die auf die mangelnde Verf\u00fcgbarkeit oder den ununterbrochenen Betrieb unserer Websites zur\u00fcckzuf\u00fchren sind. Wir lehnen auch jede Art von Verantwortung ab, die sich aus dem Missbrauch oder der unsachgem\u00e4\u00dfen Verwendung unserer Produkte ergibt.<\/p>\n\n\n\n<h3 class=\"wp-block-heading\" id=\"11-cambios-en-las-presentes-condiciones-generales-de-uso-y-venta\">11. \u00c4nderungen dieser Allgemeinen Nutzungs- und Verkaufsbedingungen<\/h3>\n\n\n\n<p>Wir behalten uns das Recht vor, jeden Aspekt dieser Allgemeinen Nutzungs- und Verkaufsbedingungen zu \u00e4ndern, einschlie\u00dflich unserer Preise, akzeptierter Designs oder ablehnender Inhalte.<\/p>\n\n\n\n<h3 class=\"wp-block-heading\" id=\"12-legislacion-aplicable-y-jurisdiccion-competente\">12. Anwendbares Recht und zust\u00e4ndige Gerichtsbarkeit<\/h3>\n\n\n\n<p>Diese Allgemeinen Nutzungs- und Verkaufsbedingungen unterliegen spanischem Recht.<\/p>\n\n\n\n<p>Wenn es sich um eine Einzelperson handelt, die den Kauf von Produkten t\u00e4tigt, vereinbaren die Parteien zur Beilegung m\u00f6glicher Streitigkeiten, sich einem gesetzlich festgelegten Verbraucherschlichtungsverfahren zu unterwerfen und auf jede andere ihnen zustehende Gerichtsbarkeit zu verzichten.<\/p>\n\n\n\n<p>Wenn es sich um ein Unternehmen handelt, das Produkte kauft, vereinbaren die Parteien, sich zur Beilegung m\u00f6glicher Streitigkeiten den Gerichten und Gerichtsh\u00f6fen zu unterwerfen, die in Nules zust\u00e4ndig sind, und verzichten auf jede andere Gerichtsbarkeit, die ihnen entsprechen k\u00f6nnte.<\/p>","protected":false},"excerpt":{"rendered":"<p>1. Datos identificativos de KIEMMI El prestador del servicio del sitio web es Emmanuel Kielichowski (en adelante, &#8220;Kiemmi&#8221;), con VAT intracomunitario ESX2878559V y con domicilio social en Calle Claveles 4, 12600 Vall de Ux\u00f3 (Castell\u00f3n), Spain. 2. Descripci\u00f3n del servicio En Kiemmi proporcionamos una serie de servicios a trav\u00e9s de Internet a nuestros usuarios y [&hellip;]<\/p>\n","protected":false},"author":1,"featured_media":0,"parent":0,"menu_order":0,"comment_status":"closed","ping_status":"closed","template":"","meta":{"_seopress_robots_primary_cat":"0","_seopress_titles_title":"","_seopress_titles_desc":"","_seopress_robots_index":"","_seopress_analysis_target_kw":"","site-sidebar-layout":"default","site-content-layout":"","ast-site-content-layout":"default","site-content-style":"default","site-sidebar-style":"default","ast-global-header-display":"","ast-banner-title-visibility":"","ast-main-header-display":"","ast-hfb-above-header-display":"","ast-hfb-below-header-display":"","ast-hfb-mobile-header-display":"","site-post-title":"","ast-breadcrumbs-content":"","ast-featured-img":"","footer-sml-layout":"","ast-disable-related-posts":"","theme-transparent-header-meta":"","adv-header-id-meta":"","stick-header-meta":"","header-above-stick-meta":"","header-main-stick-meta":"","header-below-stick-meta":"","astra-migrate-meta-layouts":"default","ast-page-background-enabled":"default","ast-page-background-meta":{"desktop":{"background-color":"","background-image":"","background-repeat":"repeat","background-position":"center center","background-size":"auto","background-attachment":"scroll","background-type":"","background-media":"","overlay-type":"","overlay-color":"","overlay-opacity":"","overlay-gradient":""},"tablet":{"background-color":"","background-image":"","background-repeat":"repeat","background-position":"center center","background-size":"auto","background-attachment":"scroll","background-type":"","background-media":"","overlay-type":"","overlay-color":"","overlay-opacity":"","overlay-gradient":""},"mobile":{"background-color":"","background-image":"","background-repeat":"repeat","background-position":"center center","background-size":"auto","background-attachment":"scroll","background-type":"","background-media":"","overlay-type":"","overlay-color":"","overlay-opacity":"","overlay-gradient":""}},"ast-content-background-meta":{"desktop":{"background-color":"var(--ast-global-color-5)","background-image":"","background-repeat":"repeat","background-position":"center center","background-size":"auto","background-attachment":"scroll","background-type":"","background-media":"","overlay-type":"","overlay-color":"","overlay-opacity":"","overlay-gradient":""},"tablet":{"background-color":"var(--ast-global-color-5)","background-image":"","background-repeat":"repeat","background-position":"center center","background-size":"auto","background-attachment":"scroll","background-type":"","background-media":"","overlay-type":"","overlay-color":"","overlay-opacity":"","overlay-gradient":""},"mobile":{"background-color":"var(--ast-global-color-5)","background-image":"","background-repeat":"repeat","background-position":"center center","background-size":"auto","background-attachment":"scroll","background-type":"","background-media":"","overlay-type":"","overlay-color":"","overlay-opacity":"","overlay-gradient":""}},"footnotes":""},"class_list":["post-2743","page","type-page","status-publish","hentry"],"_links":{"self":[{"href":"https:\/\/kiemmi.com\/de\/wp-json\/wp\/v2\/pages\/2743","targetHints":{"allow":["GET"]}}],"collection":[{"href":"https:\/\/kiemmi.com\/de\/wp-json\/wp\/v2\/pages"}],"about":[{"href":"https:\/\/kiemmi.com\/de\/wp-json\/wp\/v2\/types\/page"}],"author":[{"embeddable":true,"href":"https:\/\/kiemmi.com\/de\/wp-json\/wp\/v2\/users\/1"}],"replies":[{"embeddable":true,"href":"https:\/\/kiemmi.com\/de\/wp-json\/wp\/v2\/comments?post=2743"}],"version-history":[{"count":0,"href":"https:\/\/kiemmi.com\/de\/wp-json\/wp\/v2\/pages\/2743\/revisions"}],"wp:attachment":[{"href":"https:\/\/kiemmi.com\/de\/wp-json\/wp\/v2\/media?parent=2743"}],"curies":[{"name":"wp","href":"https:\/\/api.w.org\/{rel}","templated":true}]}}