{"id":2226,"date":"2020-07-25T11:07:48","date_gmt":"2020-07-25T11:07:48","guid":{"rendered":"https:\/\/www.tks3d.com\/?page_id=2226"},"modified":"2022-01-22T17:54:20","modified_gmt":"2022-01-22T17:54:20","slug":"cookie-richtlinie","status":"publish","type":"page","link":"https:\/\/kiemmi.com\/de\/politica-de-cookies\/","title":{"rendered":"Cookie-Richtlinie"},"content":{"rendered":"<p>In \u00dcbereinstimmung mit den Bestimmungen von Artikel 22.2 des Gesetzes 34\/2002 vom 11. Juli \u00fcber Dienste der Informationsgesellschaft und des elektronischen Gesch\u00e4ftsverkehrs informiert Sie diese Webseite in diesem Abschnitt \u00fcber die&nbsp;<strong>Richtlinie zur Sammlung und Behandlung von Cookies<\/strong>.<\/p>\n\n\n\n<h4 class=\"wp-block-heading\">Was sind Cookies?<\/h4>\n\n\n\n<p>Ein Cookie ist eine Datei, die beim Zugriff auf bestimmte Webseiten auf Ihren Computer heruntergeladen wird. Cookies erm\u00f6glichen es einer Webseite unter anderem, Informationen \u00fcber die Surfgewohnheiten eines Benutzers oder seiner Ausr\u00fcstung zu speichern und abzurufen, und je nach den darin enthaltenen Informationen und der Art und Weise, wie Sie Ihre Ausr\u00fcstung verwenden, k\u00f6nnen sie verwendet werden, um sie zu erkennen Benutzer.<\/p>\n\n\n\n<h4 class=\"wp-block-heading\">Arten von Cookies und ihr Zweck<\/h4>\n\n\n\n<p>Beim Surfen auf dieser Website werden Session-Cookies, dauerhafte Cookies, Analyse-Cookies, Personalisierungs-Cookies verwendet:<\/p>\n\n\n\n<p><strong>Sitzungscookies:<\/strong>&nbsp;Dies sind Cookies, die dazu dienen, Daten zu sammeln und zu speichern, w\u00e4hrend der Benutzer auf eine Webseite zugreift. Sie werden normalerweise verwendet, um Informationen zu speichern, die nur daran interessiert sind, sie f\u00fcr die Bereitstellung des vom Benutzer angeforderten Dienstes bei einer einzigen Gelegenheit aufzubewahren.<\/p>\n\n\n\n<p><strong>Persistente Cookies:<\/strong>&nbsp;Sie sind eine Art von Cookies, bei denen die Daten noch im Endger\u00e4t gespeichert werden und die f\u00fcr einen von der f\u00fcr das Cookie verantwortlichen Person festgelegten Zeitraum, der von wenigen Minuten bis zu mehreren Jahren reichen kann, abgerufen und verarbeitet werden k\u00f6nnen.<\/p>\n\n\n\n<p><strong>Analyse-Cookies<\/strong>: Sind diejenigen, die von uns oder Dritten gut behandelt werden und es uns erm\u00f6glichen, die Anzahl der Benutzer zu quantifizieren und somit die Messung und statistische Analyse der Nutzung des angebotenen Dienstes durch die Benutzer durchzuf\u00fchren. Dazu wird Ihr Surfen auf unserer Website analysiert, um das Angebot an Produkten oder Dienstleistungen, die wir Ihnen anbieten, zu verbessern.<\/p>\n\n\n\n<p><strong>Personalisierungs-Cookies<\/strong>: Sind diejenigen, die es dem Benutzer erm\u00f6glichen, auf den Dienst mit einigen vordefinierten allgemeinen Merkmalen zuzugreifen, die auf einer Reihe von Kriterien im Endger\u00e4t des Benutzers basieren, wie z. B. der Sprache oder dem Browsertyp, \u00fcber den der Dienst verbunden ist.<\/p>\n\n\n\n<h4 class=\"wp-block-heading\">Aktualisierungen und \u00c4nderungen in der Cookie-Richtlinie<\/h4>\n\n\n\n<p>KIEMMI kann diese Cookie-Richtlinie aufgrund neuer gesetzlicher oder beh\u00f6rdlicher Anforderungen oder mit dem Ziel \u00e4ndern, diese Richtlinie an die Anweisungen der spanischen Datenschutzbeh\u00f6rde anzupassen.<\/p>\n\n\n\n<p>Wenn Sie weitere Informationen dar\u00fcber w\u00fcnschen, wie wir Cookies verwenden, k\u00f6nnen Sie uns eine E-Mail an info@tekniservice.com senden<\/p>","protected":false},"excerpt":{"rendered":"<p>En cumplimiento con lo dispuesto en el art\u00edculo 22.2 de la Ley 34\/2002, de 11 de julio, de Servicios de la Sociedad de la Informaci\u00f3n y de Comercio Electr\u00f3nico, esta p\u00e1gina web le informa, en esta secci\u00f3n, sobre la&nbsp;pol\u00edtica de recogida y tratamiento de cookies. \u00bfQu\u00e9 son las cookies? Una cookie es un fichero que [&hellip;]<\/p>\n","protected":false},"author":1,"featured_media":0,"parent":0,"menu_order":0,"comment_status":"closed","ping_status":"closed","template":"","meta":{"_seopress_robots_primary_cat":"0","_seopress_titles_title":"","_seopress_titles_desc":"","_seopress_robots_index":"","_seopress_analysis_target_kw":"","site-sidebar-layout":"default","site-content-layout":"","ast-site-content-layout":"default","site-content-style":"default","site-sidebar-style":"default","ast-global-header-display":"","ast-banner-title-visibility":"","ast-main-header-display":"","ast-hfb-above-header-display":"","ast-hfb-below-header-display":"","ast-hfb-mobile-header-display":"","site-post-title":"","ast-breadcrumbs-content":"","ast-featured-img":"","footer-sml-layout":"","ast-disable-related-posts":"","theme-transparent-header-meta":"","adv-header-id-meta":"","stick-header-meta":"","header-above-stick-meta":"","header-main-stick-meta":"","header-below-stick-meta":"","astra-migrate-meta-layouts":"default","ast-page-background-enabled":"default","ast-page-background-meta":{"desktop":{"background-color":"","background-image":"","background-repeat":"repeat","background-position":"center center","background-size":"auto","background-attachment":"scroll","background-type":"","background-media":"","overlay-type":"","overlay-color":"","overlay-opacity":"","overlay-gradient":""},"tablet":{"background-color":"","background-image":"","background-repeat":"repeat","background-position":"center center","background-size":"auto","background-attachment":"scroll","background-type":"","background-media":"","overlay-type":"","overlay-color":"","overlay-opacity":"","overlay-gradient":""},"mobile":{"background-color":"","background-image":"","background-repeat":"repeat","background-position":"center center","background-size":"auto","background-attachment":"scroll","background-type":"","background-media":"","overlay-type":"","overlay-color":"","overlay-opacity":"","overlay-gradient":""}},"ast-content-background-meta":{"desktop":{"background-color":"var(--ast-global-color-5)","background-image":"","background-repeat":"repeat","background-position":"center center","background-size":"auto","background-attachment":"scroll","background-type":"","background-media":"","overlay-type":"","overlay-color":"","overlay-opacity":"","overlay-gradient":""},"tablet":{"background-color":"var(--ast-global-color-5)","background-image":"","background-repeat":"repeat","background-position":"center center","background-size":"auto","background-attachment":"scroll","background-type":"","background-media":"","overlay-type":"","overlay-color":"","overlay-opacity":"","overlay-gradient":""},"mobile":{"background-color":"var(--ast-global-color-5)","background-image":"","background-repeat":"repeat","background-position":"center center","background-size":"auto","background-attachment":"scroll","background-type":"","background-media":"","overlay-type":"","overlay-color":"","overlay-opacity":"","overlay-gradient":""}},"footnotes":""},"class_list":["post-2226","page","type-page","status-publish","hentry"],"_links":{"self":[{"href":"https:\/\/kiemmi.com\/de\/wp-json\/wp\/v2\/pages\/2226","targetHints":{"allow":["GET"]}}],"collection":[{"href":"https:\/\/kiemmi.com\/de\/wp-json\/wp\/v2\/pages"}],"about":[{"href":"https:\/\/kiemmi.com\/de\/wp-json\/wp\/v2\/types\/page"}],"author":[{"embeddable":true,"href":"https:\/\/kiemmi.com\/de\/wp-json\/wp\/v2\/users\/1"}],"replies":[{"embeddable":true,"href":"https:\/\/kiemmi.com\/de\/wp-json\/wp\/v2\/comments?post=2226"}],"version-history":[{"count":0,"href":"https:\/\/kiemmi.com\/de\/wp-json\/wp\/v2\/pages\/2226\/revisions"}],"wp:attachment":[{"href":"https:\/\/kiemmi.com\/de\/wp-json\/wp\/v2\/media?parent=2226"}],"curies":[{"name":"wp","href":"https:\/\/api.w.org\/{rel}","templated":true}]}}